{"id":1015,"date":"2023-04-04T17:19:23","date_gmt":"2023-04-04T17:19:23","guid":{"rendered":"http:\/\/webdease2023.intranet.ciasc.gov.br\/2023\/04\/04\/goc-chapeco\/"},"modified":"2025-05-06T11:01:41","modified_gmt":"2025-05-06T14:01:41","slug":"goc-chapeco","status":"publish","type":"page","link":"https:\/\/sap.sc.gov.br\/en\/goc-chapeco\/","title":{"rendered":"Grupo de Opera\u00e7\u00f5es com C\u00e3es \u2013 GOC Chapec\u00f3"},"content":{"rendered":"<h2>Grupo de Opera\u00e7\u00f5es com C\u00e3es \u2013 GOC Chapec\u00f3<\/h2>\n<p><img fetchpriority=\"high\" decoding=\"async\" class=\"size-full wp-image-1013\" src=\"https:\/\/www.sap.sc.gov.br\/wp-content\/uploads\/2023\/04\/IMG-20230410-WA0007_1-563.jpg\" alt=\"IMG 20230410 WA0007 1\" width=\"534\" height=\"712\" \/><br \/>\n<strong>Coordenador:<\/strong> Jefferson Rodrigues de Oliveira<br \/>\n<strong>E-mail:<\/strong>\u00a0gocregionaloestedease@gmail.com<br \/>\n<strong>Fone:\u00a0<\/strong>(49) 2049-9650<br \/>\n<strong>Endere\u00e7o:<\/strong>\u00a0Rua Alice Zuffo, n\u00ba 280-E<br \/>\n<strong>Bairro:<\/strong>\u00a0Efapi<br \/>\n<strong>Cidade:<\/strong>\u00a0Chapec\u00f3-SC<br \/>\n<strong>CEP:<\/strong>\u00a089809-876<\/p>","protected":false},"excerpt":{"rendered":"<p>Grupo de Opera\u00e7\u00f5es com C\u00e3es \u2013 GOC Chapec\u00f3 Coordenador: Jefferson Rodrigues de Oliveira E-mail:\u00a0gocregionaloestedease@gmail.com Fone:\u00a0(49) 2049-9650 Endere\u00e7o:\u00a0Rua Alice Zuffo, n\u00ba 280-E Bairro:\u00a0Efapi Cidade:\u00a0Chapec\u00f3-SC CEP:\u00a089809-876<\/p>","protected":false},"author":8,"featured_media":1012,"parent":0,"menu_order":0,"comment_status":"closed","ping_status":"closed","template":"","meta":{"_monsterinsights_skip_tracking":false,"_monsterinsights_sitenote_active":false,"_monsterinsights_sitenote_note":"","_monsterinsights_sitenote_category":0,"footnotes":"","_wp_rev_ctl_limit":""},"categories":[91],"tags":[],"publishpress_future_action":{"enabled":false,"date":"2026-04-23 18:49:51","action":"change-status","newStatus":"draft","terms":[],"taxonomy":"category"},"publishpress_future_workflow_manual_trigger":{"enabledWorkflows":[]},"_links":{"self":[{"href":"https:\/\/sap.sc.gov.br\/en\/wp-json\/wp\/v2\/pages\/1015"}],"collection":[{"href":"https:\/\/sap.sc.gov.br\/en\/wp-json\/wp\/v2\/pages"}],"about":[{"href":"https:\/\/sap.sc.gov.br\/en\/wp-json\/wp\/v2\/types\/page"}],"author":[{"embeddable":true,"href":"https:\/\/sap.sc.gov.br\/en\/wp-json\/wp\/v2\/users\/8"}],"replies":[{"embeddable":true,"href":"https:\/\/sap.sc.gov.br\/en\/wp-json\/wp\/v2\/comments?post=1015"}],"version-history":[{"count":0,"href":"https:\/\/sap.sc.gov.br\/en\/wp-json\/wp\/v2\/pages\/1015\/revisions"}],"wp:featuredmedia":[{"embeddable":true,"href":"https:\/\/sap.sc.gov.br\/en\/wp-json\/"}],"wp:attachment":[{"href":"https:\/\/sap.sc.gov.br\/en\/wp-json\/wp\/v2\/media?parent=1015"}],"wp:term":[{"taxonomy":"category","embeddable":true,"href":"https:\/\/sap.sc.gov.br\/en\/wp-json\/wp\/v2\/categories?post=1015"},{"taxonomy":"post_tag","embeddable":true,"href":"https:\/\/sap.sc.gov.br\/en\/wp-json\/wp\/v2\/tags?post=1015"}],"curies":[{"name":"wp","href":"https:\/\/api.w.org\/{rel}","templated":true}]}}