{"id":12927,"date":"2022-01-21T19:13:33","date_gmt":"2022-01-21T19:13:33","guid":{"rendered":"http:\/\/webdease2023.intranet.ciasc.gov.br\/2022\/01\/21\/centrais-de-penas-e-medidas-alternativas\/"},"modified":"2024-04-22T14:10:29","modified_gmt":"2024-04-22T17:10:29","slug":"centrais-de-penas-e-medidas-alternativas","status":"publish","type":"page","link":"https:\/\/sap.sc.gov.br\/en\/centrais-de-penas-e-medidas-alternativas\/","title":{"rendered":"Centrais de Penas e Medidas Alternativas"},"content":{"rendered":"<h2>Centrais de Penas e Medidas Alternativas<\/h2>\n<p><strong>CENTRAL DE PENAS E MEDIDAS ALTERNATIVAS DE BLUMENAU<\/strong><br \/>\nRua Zenaide de Santos de Souza, n.\u00ba 363, T\u00e9rreo &#8211; sl 23 Bairro da Velha &#8211; Blumenau<br \/>\nCEP: 89.036-201<br \/>\nFone: (47) 3336-4964 \/ (47) 3321-9291<br \/>\ne-mail:\u00a0<a href=\"mailto:cpmablumenau@pp.sc.gov.br\">cpmablumenau@pp.sc.gov.br<\/a><\/p>\n<p><strong>CENTRAL DE PENAS E MEDIDAS ALTERNATIVAS DE CHAPEC\u00d3<\/strong><br \/>\nRua Augusta Muller Bohner, n\u00ba 300 D 2\u00ba Andar Passo Fortes &#8211; Chapec\u00f3<br \/>\nCEP: 89.805-900<br \/>\nFone: (49) 3321-4171 \/ (49) 3322-2916<br \/>\ne-mail: <a href=\"mailto:cpmachapeco@pp.sc.gov.br\">cpmachapeco@pp.sc.gov.br<\/a><\/p>\n<p><strong>CENTRAL DE PENAS E MEDIDAS ALTERNATIVAS DE CRICI\u00daMA<\/strong><br \/>\nAv. Santos Dumond, n\u00ba 01 &#8211; T\u00e9rreo Milanese \u2013 Crici\u00fama<br \/>\nCEP: 88.803-200<br \/>\nFone: (48) 3403-5261 \/ 3438-3492<br \/>\ne-mail: <a href=\"mailto:cpmacriciuma@pp.sc.gov.br\">cpmacriciuma@pp.sc.gov.br<\/a><\/p>\n<p><strong>CENTRAL DE PENAS E MEDIDAS ALTERNATIVAS DE FLORIAN\u00d3POLIS<\/strong><br \/>\nEnd. Rua \u00c1lvaro Millen da Silveira, n\u00ba 208 &#8211; t\u00e9rreo &#8211; Centro &#8211; Florian\u00f3polis &#8211; SC<br \/>\nCEP: 88020-901<br \/>\nFone: (48) 3287-6604<br \/>\ne-mail: <a href=\"mailto:cpmafpolis@pp.sc.gov.br\">cpmafpolis@pp.sc.gov.br<\/a><\/p>\n<p><strong>CENTRAL DE PENAS E MEDIDAS ALTERNATIVAS DE ITAJA\u00cd<\/strong><br \/>\nRua Uruguai, n\u00ba 222 &#8211; sl. 12 T\u00e9rreo Centro \u2013 Itaja\u00ed<br \/>\nCEP: 88.302-901<br \/>\nFone: (47) 3349-9956 \/ 3261-9408<br \/>\nE-mail: <a href=\"mailto:cpmaitajai@pp.sc.gov.br\">cpmaitajai@pp.sc.gov.br<\/a><\/p>\n<p><strong>CENTRAL DE PENAS E MEDIDAS ALTERNATIVAS DE JARAGU\u00c1 DO SUL<\/strong><br \/>\nRua Guilherme Cristiano Wackerhagen,87, Sala 201 Bairro Vila Nova \u2013 Jaragu\u00e1 do Sul \u2013 SC<br \/>\nCEP:89259-300<br \/>\nFone: (47) 3130-8270 \/ 3130-8248 \/ 3130-8211<br \/>\ne-mail: <a href=\"mailto:cpmajaragua@pp.sc.gov.br\">cpmajaragua@pp.sc.gov.br<\/a><\/p>\n<p><strong>CENTRAL DE PENAS E MEDIDAS ALTERNATIVAS DE JOINVILLE<\/strong><br \/>\nRua Hermann August Lepper, n\u00ba 980 &#8211; sl. 12 C &#8211; T\u00e9rreo Sagua\u00e7\u00fa-Joinville<br \/>\nCEP: 89.221-902<br \/>\nFone: (47) 3130-8605 \/ 3432-4728 (Whatsapp)<br \/>\ne-mail: <a href=\"mailto:cpmajolle@pp.sc.gov.br\">cpmajlle@pp.sc.gov.br<\/a><\/p>\n<p><strong>CENTRAL DE PENAS E MEDIDAS ALTERNATIVAS DE LAGES<\/strong><br \/>\nAv. Beliz\u00e1rio Ramos, 3650, Sala 271 Centro &#8211; Lages \u2013 SC<br \/>\nCEP: 88502-100<br \/>\nFone: (49) 3289-3509<br \/>\ne-mail: <a href=\"mailto:cpmalages@pp.sc.gov.br\">cpmalages@pp.sc.gov.br<\/a><\/p>\n<p><strong>CENTRAL DE PENAS E MEDIDAS ALTERNATIVAS DE LAGUNA<\/strong><br \/>\nRua Arc\u00e2ngelo Bianchini, 69, sala 101 Centro \u2013 Laguna<br \/>\nCEP: 88.790-000<br \/>\nFone: (48) 3622-7333<br \/>\ne-mail: <a href=\"mailto:cpmalaguna@pp.sc.gov.br\">cpmalaguna@pp.sc.gov.br<\/a><\/p>\n<p><strong>CENTRAL DE PENAS E MEDIDAS ALTERNATIVAS DE PALHO\u00c7A<\/strong><br \/>\nAv. Hilza Terezinha Pagani,409, Sala 215 Loteamento Pagani \u2013 Palho\u00e7a \u2013 SC<br \/>\nCEP:88132-256<br \/>\nFone: (48) 3287-5523\/ 3287-5638 \/ 3287-5639<br \/>\ne-mail: <a href=\"mailto:cpmapalhoca@pp.sc.gov.br\">cpmapalhoca@pp.sc.gov.br<\/a><\/p>\n<p><strong>CENTRAL DE PENAS E MEDIDAS ALTERNATIVAS DE S\u00c3O JOS\u00c9<\/strong><br \/>\nRua Domingos Andr\u00e9 Zanini, n\u00ba 300 &#8211; T\u00e9rreo Campinas &#8211; S\u00e3o Jos\u00e9<br \/>\nCEP: 88.117-200<br \/>\nFone: (48) 3287-5425 \/ 3357-2702<br \/>\ne-mail: <a href=\"mailto:cpmasj@pp.sc.gov.br\">cpmasj@pp.sc.gov.br<\/a><\/p>","protected":false},"excerpt":{"rendered":"<p>Centrais de Penas e Medidas Alternativas CENTRAL DE PENAS E MEDIDAS ALTERNATIVAS DE BLUMENAU Rua Zenaide de Santos de Souza, n.\u00ba 363, T\u00e9rreo &#8211; sl 23 Bairro da Velha &#8211; Blumenau CEP: 89.036-201 Fone: (47) 3336-4964 \/ (47) 3321-9291 e-mail:\u00a0cpmablumenau@pp.sc.gov.br CENTRAL DE PENAS E MEDIDAS ALTERNATIVAS DE CHAPEC\u00d3 Rua Augusta Muller Bohner, n\u00ba 300 D [&hellip;]<\/p>\n","protected":false},"author":8,"featured_media":0,"parent":0,"menu_order":0,"comment_status":"closed","ping_status":"closed","template":"template-fullwidth.php","meta":{"_monsterinsights_skip_tracking":false,"_monsterinsights_sitenote_active":false,"_monsterinsights_sitenote_note":"","_monsterinsights_sitenote_category":0,"footnotes":"","_wp_rev_ctl_limit":""},"categories":[1293],"tags":[],"publishpress_future_action":{"enabled":false,"date":"2026-04-24 13:51:59","action":"change-status","newStatus":"draft","terms":[],"taxonomy":"category"},"publishpress_future_workflow_manual_trigger":{"enabledWorkflows":[]},"_links":{"self":[{"href":"https:\/\/sap.sc.gov.br\/en\/wp-json\/wp\/v2\/pages\/12927"}],"collection":[{"href":"https:\/\/sap.sc.gov.br\/en\/wp-json\/wp\/v2\/pages"}],"about":[{"href":"https:\/\/sap.sc.gov.br\/en\/wp-json\/wp\/v2\/types\/page"}],"author":[{"embeddable":true,"href":"https:\/\/sap.sc.gov.br\/en\/wp-json\/wp\/v2\/users\/8"}],"replies":[{"embeddable":true,"href":"https:\/\/sap.sc.gov.br\/en\/wp-json\/wp\/v2\/comments?post=12927"}],"version-history":[{"count":0,"href":"https:\/\/sap.sc.gov.br\/en\/wp-json\/wp\/v2\/pages\/12927\/revisions"}],"wp:attachment":[{"href":"https:\/\/sap.sc.gov.br\/en\/wp-json\/wp\/v2\/media?parent=12927"}],"wp:term":[{"taxonomy":"category","embeddable":true,"href":"https:\/\/sap.sc.gov.br\/en\/wp-json\/wp\/v2\/categories?post=12927"},{"taxonomy":"post_tag","embeddable":true,"href":"https:\/\/sap.sc.gov.br\/en\/wp-json\/wp\/v2\/tags?post=12927"}],"curies":[{"name":"wp","href":"https:\/\/api.w.org\/{rel}","templated":true}]}}