{"id":15249,"date":"2023-11-01T18:42:25","date_gmt":"2023-11-01T21:42:25","guid":{"rendered":"http:\/\/websap2023.intranet.ciasc.gov.br\/?page_id=15249"},"modified":"2026-01-28T16:11:47","modified_gmt":"2026-01-28T19:11:47","slug":"acaps","status":"publish","type":"page","link":"https:\/\/sap.sc.gov.br\/en\/acaps\/","title":{"rendered":"ACAPS"},"content":{"rendered":"<div data-elementor-type=\"wp-page\" data-elementor-id=\"15249\" class=\"elementor elementor-15249\" data-elementor-settings=\"{&quot;ha_cmc_init_switcher&quot;:&quot;no&quot;}\">\n\t\t\t\t<div class=\"elementor-element elementor-element-5ed4c86 e-flex e-con-boxed e-con e-parent\" data-id=\"5ed4c86\" data-element_type=\"container\" data-settings=\"{&quot;_ha_eqh_enable&quot;:false}\">\n\t\t\t\t\t<div class=\"e-con-inner\">\n\t\t\t\t<div class=\"elementor-element elementor-element-c0b7d6d elementor-position-left elementor-vertical-align-middle elementor-widget elementor-widget-image-box\" data-id=\"c0b7d6d\" data-element_type=\"widget\" data-widget_type=\"image-box.default\">\n\t\t\t\t<div class=\"elementor-widget-container\">\n\t\t\t\t\t<div class=\"elementor-image-box-wrapper\"><figure class=\"elementor-image-box-img\"><img fetchpriority=\"high\" decoding=\"async\" width=\"300\" height=\"277\" src=\"https:\/\/sap.sc.gov.br\/wp-content\/uploads\/2024\/05\/01-ACAPS-2024-300x277.png\" class=\"attachment-medium size-medium wp-image-19101\" alt=\"\" srcset=\"https:\/\/sap.sc.gov.br\/wp-content\/uploads\/2024\/05\/01-ACAPS-2024-300x277.png 300w, https:\/\/sap.sc.gov.br\/wp-content\/uploads\/2024\/05\/01-ACAPS-2024-768x710.png 768w, https:\/\/sap.sc.gov.br\/wp-content\/uploads\/2024\/05\/01-ACAPS-2024.png 1024w\" sizes=\"(max-width: 300px) 100vw, 300px\" \/><\/figure><div class=\"elementor-image-box-content\"><h3 class=\"elementor-image-box-title\">ACADEMIA DE ADMINISTRA\u00c7\u00c3O PRISIONAL E SOCIOEDUCATIVA<\/h3><\/div><\/div>\t\t\t\t<\/div>\n\t\t\t\t<\/div>\n\t\t\t\t\t<\/div>\n\t\t\t\t<\/div>\n\t\t<div class=\"elementor-element elementor-element-42c5339 e-flex e-con-boxed e-con e-parent\" data-id=\"42c5339\" data-element_type=\"container\" data-settings=\"{&quot;_ha_eqh_enable&quot;:false}\">\n\t\t\t\t\t<div class=\"e-con-inner\">\n\t\t\t\t<div class=\"elementor-element elementor-element-0f91dc8 elementor-widget__width-initial elementor-widget-mobile__width-initial elementor-widget-tablet_extra__width-initial elementor-widget elementor-widget-sina_content_box\" data-id=\"0f91dc8\" data-element_type=\"widget\" data-widget_type=\"sina_content_box.default\">\n\t\t\t\t<div class=\"elementor-widget-container\">\n\t\t\t\t\t\t\t<div class=\"sina-content-box clearfix sina-content-box-zoom\">\r\n\r\n\t\t\t\t\t\t\t<a class=\"sina-content-box-linkable\"\r\n\t\t\t\thref=\"https:\/\/enavirtual.sc.gov.br\/login\/index.php\"\r\n\t\t\t\t\t\t\t\t><\/a>\r\n\t\t\t\r\n\t\t\t\r\n\t\t\t\t\t\t\t\t\t\t\t\t\t\t<div class=\"sina-content-box-icon\">\r\n\t\t\t\t\t\t\t<i class=\"icofont icofont-architecture-alt\"><\/i>\r\n\t\t\t\t\t\t<\/div>\r\n\t\t\t\t\t\r\n\t\t\t\t\t<div class=\"sina-content-box-content\">\r\n\t\t\t\t\t\t\t\t\t\t\t\t\t<h3 class=\"sina-content-box-title\">\r\n\t\t\t\t\t\t\t\t\t\t\t\t\t\t\t\t\t<a href=\"https:\/\/enavirtual.sc.gov.br\/login\/index.php\"\r\n\t\t\t\t\t\t\t\t\t\t\t\t\t\t\t\t\t\t\t\t>\r\n\t\t\t\t\t\t\t\t\t\tENA VIRTUAL\t\t\t\t\t\t\t\t\t<\/a>\r\n\t\t\t\t\t\t\t\t\t\t\t\t\t\t\t<\/h3>\r\n\t\t\t\t\t\t\r\n\t\t\t\t\t\t\r\n\t\t\t\t\t\t\t\t\t\t\t<\/div>\r\n\t\t\t\t\t<\/div><!-- .sina-content-box -->\r\n\t\t\t\t\t\t<\/div>\n\t\t\t\t<\/div>\n\t\t\t\t<div class=\"elementor-element elementor-element-2efb5e4 elementor-widget__width-initial elementor-widget-mobile__width-initial elementor-widget-tablet_extra__width-initial elementor-widget elementor-widget-sina_content_box\" data-id=\"2efb5e4\" data-element_type=\"widget\" data-widget_type=\"sina_content_box.default\">\n\t\t\t\t<div class=\"elementor-widget-container\">\n\t\t\t\t\t\t\t<div class=\"sina-content-box clearfix sina-content-box-zoom\">\r\n\r\n\t\t\t\t\t\t\t<a class=\"sina-content-box-linkable\"\r\n\t\t\t\thref=\"\/en\/gestao-de-pessoas\/credenciamento\/\"\r\n\t\t\t\t\t\t\t\t><\/a>\r\n\t\t\t\r\n\t\t\t\r\n\t\t\t\t\t\t\t\t\t\t\t\t\t\t<div class=\"sina-content-box-icon\">\r\n\t\t\t\t\t\t\t<i class=\"icofont icofont-teacher\"><\/i>\r\n\t\t\t\t\t\t<\/div>\r\n\t\t\t\t\t\r\n\t\t\t\t\t<div class=\"sina-content-box-content\">\r\n\t\t\t\t\t\t\t\t\t\t\t\t\t<h3 class=\"sina-content-box-title\">\r\n\t\t\t\t\t\t\t\t\t\t\t\t\t\t\t\t\t<a href=\"\/en\/gestao-de-pessoas\/credenciamento\/\"\r\n\t\t\t\t\t\t\t\t\t\t\t\t\t\t\t\t\t\t\t\t>\r\n\t\t\t\t\t\t\t\t\t\tCREDENCIAMENTO\t\t\t\t\t\t\t\t\t<\/a>\r\n\t\t\t\t\t\t\t\t\t\t\t\t\t\t\t<\/h3>\r\n\t\t\t\t\t\t\r\n\t\t\t\t\t\t\r\n\t\t\t\t\t\t\t\t\t\t\t<\/div>\r\n\t\t\t\t\t<\/div><!-- .sina-content-box -->\r\n\t\t\t\t\t\t<\/div>\n\t\t\t\t<\/div>\n\t\t\t\t<div class=\"elementor-element elementor-element-1e7f6fe elementor-widget__width-initial elementor-widget-mobile__width-initial elementor-widget-tablet_extra__width-initial elementor-widget elementor-widget-sina_content_box\" data-id=\"1e7f6fe\" data-element_type=\"widget\" data-widget_type=\"sina_content_box.default\">\n\t\t\t\t<div class=\"elementor-widget-container\">\n\t\t\t\t\t\t\t<div class=\"sina-content-box clearfix sina-content-box-zoom\">\r\n\r\n\t\t\t\t\t\t\t<a class=\"sina-content-box-linkable\"\r\n\t\t\t\thref=\"\/en\/departamento-de-administracao-prisional\/\"\r\n\t\t\t\t\t\t\t\t><\/a>\r\n\t\t\t\r\n\t\t\t\r\n\t\t\t\t\t\t\t\t\t\t\t\t\t\t<div class=\"sina-content-box-icon\">\r\n\t\t\t\t\t\t\t<i class=\"fa fa-mortar-board\"><\/i>\r\n\t\t\t\t\t\t<\/div>\r\n\t\t\t\t\t\r\n\t\t\t\t\t<div class=\"sina-content-box-content\">\r\n\t\t\t\t\t\t\t\t\t\t\t\t\t<h3 class=\"sina-content-box-title\">\r\n\t\t\t\t\t\t\t\t\t\t\t\t\t\t\t\t\t<a href=\"\/en\/departamento-de-administracao-prisional\/\"\r\n\t\t\t\t\t\t\t\t\t\t\t\t\t\t\t\t\t\t\t\t>\r\n\t\t\t\t\t\t\t\t\t\tESTRUTURA ORGANIZACIONAL\t\t\t\t\t\t\t\t\t<\/a>\r\n\t\t\t\t\t\t\t\t\t\t\t\t\t\t\t<\/h3>\r\n\t\t\t\t\t\t\r\n\t\t\t\t\t\t\r\n\t\t\t\t\t\t\t\t\t\t\t<\/div>\r\n\t\t\t\t\t<\/div><!-- .sina-content-box -->\r\n\t\t\t\t\t\t<\/div>\n\t\t\t\t<\/div>\n\t\t\t\t<div class=\"elementor-element elementor-element-2dc15d9 elementor-widget__width-initial elementor-widget-mobile__width-initial elementor-widget-tablet_extra__width-initial elementor-widget elementor-widget-sina_content_box\" data-id=\"2dc15d9\" data-element_type=\"widget\" data-widget_type=\"sina_content_box.default\">\n\t\t\t\t<div class=\"elementor-widget-container\">\n\t\t\t\t\t\t\t<div class=\"sina-content-box clearfix sina-content-box-zoom\">\r\n\r\n\t\t\t\t\t\t\t<a class=\"sina-content-box-linkable\"\r\n\t\t\t\thref=\"\/en\/cursos-e-capacitacao\/\"\r\n\t\t\t\t\t\t\t\t><\/a>\r\n\t\t\t\r\n\t\t\t\r\n\t\t\t\t\t\t\t\t\t\t\t\t\t\t<div class=\"sina-content-box-icon\">\r\n\t\t\t\t\t\t\t<i class=\"icofont icofont-learn\"><\/i>\r\n\t\t\t\t\t\t<\/div>\r\n\t\t\t\t\t\r\n\t\t\t\t\t<div class=\"sina-content-box-content\">\r\n\t\t\t\t\t\t\t\t\t\t\t\t\t<h3 class=\"sina-content-box-title\">\r\n\t\t\t\t\t\t\t\t\t\t\t\t\t\t\t\t\t<a href=\"\/en\/cursos-e-capacitacao\/\"\r\n\t\t\t\t\t\t\t\t\t\t\t\t\t\t\t\t\t\t\t\t>\r\n\t\t\t\t\t\t\t\t\t\tCURSOS E CAPACITA\u00c7\u00d5ES\t\t\t\t\t\t\t\t\t<\/a>\r\n\t\t\t\t\t\t\t\t\t\t\t\t\t\t\t<\/h3>\r\n\t\t\t\t\t\t\r\n\t\t\t\t\t\t\r\n\t\t\t\t\t\t\t\t\t\t\t<\/div>\r\n\t\t\t\t\t<\/div><!-- .sina-content-box -->\r\n\t\t\t\t\t\t<\/div>\n\t\t\t\t<\/div>\n\t\t\t\t\t<\/div>\n\t\t\t\t<\/div>\n\t\t<div class=\"elementor-element elementor-element-22e2a9a5 e-flex e-con-boxed e-con e-parent\" data-id=\"22e2a9a5\" data-element_type=\"container\" data-settings=\"{&quot;_ha_eqh_enable&quot;:false}\">\n\t\t\t\t\t<div class=\"e-con-inner\">\n\t\t\t\t<div class=\"elementor-element elementor-element-f3eda2f elementor-widget elementor-widget-text-editor\" data-id=\"f3eda2f\" data-element_type=\"widget\" data-widget_type=\"text-editor.default\">\n\t\t\t\t<div class=\"elementor-widget-container\">\n\t\t\t\t\t\t\t\t\t<h2>ACAPS &#8211; Institucional<\/h2><p>DECRETO N\u00ba 1.327, DE 14 DE JUNHO DE 2021<br \/>Aprova o Regimento Interno da Academia de Administra\u00e7\u00e3o Prisional e Socioeducativa (ACAPS) da Secretaria de Estado da Administra\u00e7\u00e3o Prisional e Socioeducativa (SAP) e estabelece outras provid\u00eancias.<\/p><p>O GOVERNADOR DO ESTADO DE SANTA CATARINA,<\/p><p>no uso das atribui\u00e7\u00f5es privativas que lhe conferem os incisos I e III do art. 71 da Constitui\u00e7\u00e3o do Estado, conforme o disposto no \u00a7 3\u00ba do art. 10 e inciso II do art. 71, da Lei Complementar n\u00ba 675, de 3 de junho de 2016, e o que consta nos autos do processo n\u00ba SAP 27391\/2021,<\/p><p>DECRETA:<br \/>Art. 1\u00ba Fica aprovado o Regimento Interno da Academia de Administra\u00e7\u00e3o Prisional e Socioeducativa (ACAPS), que tem por finalidade a implanta\u00e7\u00e3o<br \/>de programas e projetos de forma\u00e7\u00e3o profissional, forma\u00e7\u00f5es continuadas, atualiza\u00e7\u00f5es e treinamentos dos servidores pertencentes ao quadro de pessoal da Secretaria de Estado da Administra\u00e7\u00e3o Prisional e Socioeducativa (SAP), em todos os n\u00edveis, visando proporcionar o aprimoramento t\u00e9cnico dos servidores por meio de atividades educacionais a serem coordenadas e\/ou executadas pela Diretoria da ACAPS, viabiliza\u00e7\u00e3o de parcerias<br \/>no \u00e2mbito educacional em quaisquer esferas, bem como o processo de sele\u00e7\u00e3o do servidor docente e a fixa\u00e7\u00e3o da gratifica\u00e7\u00e3o de hora-aula, na forma dos Anexos I, II e III deste Decreto, inclusive a guarda, tutela, controle e fiscaliza\u00e7\u00e3o de material b\u00e9lico.<\/p><p>Art. 2\u00ba Fica revogado parcialmente o Decreto n\u00ba 802, de 9 de fevereiro de 2012, excetuando-se a tabela de honor\u00e1rios do servidor docente constante no Anexo \u00danico, que ser\u00e1 substitu\u00edda pelo Anexo III deste Regimento ap\u00f3s cessa\u00e7\u00e3o dos efeitos da Lei Complementar federal n\u00ba 173, de 27 de maio de 2020.7<\/p><p>Art.3\u00ba Este Decreto entra em vigor na data de sua publica\u00e7\u00e3o.<\/p><p>Florian\u00f3polis, 14 de junho de 2021.<\/p>\t\t\t\t\t\t\t\t<\/div>\n\t\t\t\t<\/div>\n\t\t\t\t\t<\/div>\n\t\t\t\t<\/div>\n\t\t\t\t<\/div>","protected":false},"excerpt":{"rendered":"<p>ACADEMIA DE ADMINISTRA\u00c7\u00c3O PRISIONAL E SOCIOEDUCATIVA ENA VIRTUAL CREDENCIAMENTO ESTRUTURA ORGANIZACIONAL CURSOS E CAPACITA\u00c7\u00d5ES ACAPS &#8211; Institucional DECRETO N\u00ba 1.327, DE 14 DE JUNHO DE 2021Aprova o Regimento Interno da Academia de Administra\u00e7\u00e3o Prisional e Socioeducativa (ACAPS) da Secretaria de Estado da Administra\u00e7\u00e3o Prisional e Socioeducativa (SAP) e estabelece outras provid\u00eancias. O GOVERNADOR DO ESTADO [&hellip;]<\/p>\n","protected":false},"author":5,"featured_media":19105,"parent":0,"menu_order":0,"comment_status":"closed","ping_status":"closed","template":"template-fullwidth.php","meta":{"_monsterinsights_skip_tracking":false,"_monsterinsights_sitenote_active":false,"_monsterinsights_sitenote_note":"","_monsterinsights_sitenote_category":0,"footnotes":"","_wp_rev_ctl_limit":""},"categories":[],"tags":[],"publishpress_future_action":{"enabled":false,"date":"2026-04-22 06:51:02","action":"change-status","newStatus":"draft","terms":[],"taxonomy":"category"},"publishpress_future_workflow_manual_trigger":{"enabledWorkflows":[]},"_links":{"self":[{"href":"https:\/\/sap.sc.gov.br\/en\/wp-json\/wp\/v2\/pages\/15249"}],"collection":[{"href":"https:\/\/sap.sc.gov.br\/en\/wp-json\/wp\/v2\/pages"}],"about":[{"href":"https:\/\/sap.sc.gov.br\/en\/wp-json\/wp\/v2\/types\/page"}],"author":[{"embeddable":true,"href":"https:\/\/sap.sc.gov.br\/en\/wp-json\/wp\/v2\/users\/5"}],"replies":[{"embeddable":true,"href":"https:\/\/sap.sc.gov.br\/en\/wp-json\/wp\/v2\/comments?post=15249"}],"version-history":[{"count":3,"href":"https:\/\/sap.sc.gov.br\/en\/wp-json\/wp\/v2\/pages\/15249\/revisions"}],"predecessor-version":[{"id":23875,"href":"https:\/\/sap.sc.gov.br\/en\/wp-json\/wp\/v2\/pages\/15249\/revisions\/23875"}],"wp:featuredmedia":[{"embeddable":true,"href":"https:\/\/sap.sc.gov.br\/en\/wp-json\/wp\/v2\/media\/19105"}],"wp:attachment":[{"href":"https:\/\/sap.sc.gov.br\/en\/wp-json\/wp\/v2\/media?parent=15249"}],"wp:term":[{"taxonomy":"category","embeddable":true,"href":"https:\/\/sap.sc.gov.br\/en\/wp-json\/wp\/v2\/categories?post=15249"},{"taxonomy":"post_tag","embeddable":true,"href":"https:\/\/sap.sc.gov.br\/en\/wp-json\/wp\/v2\/tags?post=15249"}],"curies":[{"name":"wp","href":"https:\/\/api.w.org\/{rel}","templated":true}]}}