{"id":15250,"date":"2023-11-01T18:42:38","date_gmt":"2023-11-01T21:42:38","guid":{"rendered":"http:\/\/websap2023.intranet.ciasc.gov.br\/?page_id=15250"},"modified":"2025-01-27T11:11:11","modified_gmt":"2025-01-27T14:11:11","slug":"contato","status":"publish","type":"page","link":"https:\/\/sap.sc.gov.br\/en\/contato\/","title":{"rendered":"Contato"},"content":{"rendered":"<p><strong>FALE CONOSCO<\/strong><\/p>\n<p>Hor\u00e1rio de Expediente: das 12h \u00e0s 19h de Segunda a Sexta<br \/>\nTelefone: +55 (48) 3664-5800<br \/>\nTelefone da Ouvidoria: 0800-6448500<\/p>\n<p><strong>ENDERE\u00c7O<\/strong><\/p>\n<p>Secretaria de Estado de Justi\u00e7a e Reintegra\u00e7\u00e3o Social<br \/>\nRua F\u00falvio Aducci, 1214 &#8211; Loja 06<br \/>\nBairro: Estreito &#8211; Florian\u00f3polis &#8211; SC<br \/>\nCEP: 88075-000<\/p>","protected":false},"excerpt":{"rendered":"<p>FALE CONOSCO Hor\u00e1rio de Expediente: das 12h \u00e0s 19h de Segunda a Sexta Telefone: +55 (48) 3664-5800 Telefone da Ouvidoria: 0800-6448500 ENDERE\u00c7O Secretaria de Estado de Justi\u00e7a e Reintegra\u00e7\u00e3o Social Rua F\u00falvio Aducci, 1214 &#8211; Loja 06 Bairro: Estreito &#8211; Florian\u00f3polis &#8211; SC CEP: 88075-000<\/p>","protected":false},"author":5,"featured_media":0,"parent":0,"menu_order":0,"comment_status":"closed","ping_status":"closed","template":"","meta":{"_monsterinsights_skip_tracking":false,"_monsterinsights_sitenote_active":false,"_monsterinsights_sitenote_note":"","_monsterinsights_sitenote_category":0,"footnotes":"","_wp_rev_ctl_limit":""},"categories":[],"tags":[],"publishpress_future_action":{"enabled":false,"date":"2026-04-24 22:39:20","action":"change-status","newStatus":"draft","terms":[],"taxonomy":"category"},"publishpress_future_workflow_manual_trigger":{"enabledWorkflows":[]},"_links":{"self":[{"href":"https:\/\/sap.sc.gov.br\/en\/wp-json\/wp\/v2\/pages\/15250"}],"collection":[{"href":"https:\/\/sap.sc.gov.br\/en\/wp-json\/wp\/v2\/pages"}],"about":[{"href":"https:\/\/sap.sc.gov.br\/en\/wp-json\/wp\/v2\/types\/page"}],"author":[{"embeddable":true,"href":"https:\/\/sap.sc.gov.br\/en\/wp-json\/wp\/v2\/users\/5"}],"replies":[{"embeddable":true,"href":"https:\/\/sap.sc.gov.br\/en\/wp-json\/wp\/v2\/comments?post=15250"}],"version-history":[{"count":0,"href":"https:\/\/sap.sc.gov.br\/en\/wp-json\/wp\/v2\/pages\/15250\/revisions"}],"wp:attachment":[{"href":"https:\/\/sap.sc.gov.br\/en\/wp-json\/wp\/v2\/media?parent=15250"}],"wp:term":[{"taxonomy":"category","embeddable":true,"href":"https:\/\/sap.sc.gov.br\/en\/wp-json\/wp\/v2\/categories?post=15250"},{"taxonomy":"post_tag","embeddable":true,"href":"https:\/\/sap.sc.gov.br\/en\/wp-json\/wp\/v2\/tags?post=15250"}],"curies":[{"name":"wp","href":"https:\/\/api.w.org\/{rel}","templated":true}]}}