{"id":15468,"date":"2021-01-06T18:07:07","date_gmt":"2021-01-06T21:07:07","guid":{"rendered":"http:\/\/websap2023.intranet.ciasc.gov.br\/dease\/mesorregiao-da-grande-florianopolis-2\/"},"modified":"2024-05-20T18:10:14","modified_gmt":"2024-05-20T21:10:14","slug":"sr04-superintendencia-regional-mesorregiao-serrana-catarinense","status":"publish","type":"page","link":"https:\/\/sap.sc.gov.br\/en\/dease\/sr04-superintendencia-regional-mesorregiao-serrana-catarinense\/","title":{"rendered":"SR04 &#8211; Superintend\u00eancia Regional Mesorregi\u00e3o Serrana Catarinense"},"content":{"rendered":"<h3>SR04 &#8211; Superintend\u00eancia Regional Mesorregi\u00e3o Serrana Catarinense<\/h3>\n<p><strong>04 &#8211; Mesorregi\u00e3o Serrana Catarinense<\/strong><\/p>\n<p><strong>Superintendente Regional<\/strong>: Felipe Comar\u00fa<\/p>\n<p><strong>Telefone: <\/strong>(49) 3289-8453\/ (49) 3289-8443<\/p>\n<p><strong>E-mail:<\/strong>\u00a0<a href=\"mailto:sregionalserrana@dease.sc.gov.br\">sr04@dease.sc.gov.br<\/a><\/p>\n<p>&nbsp;<\/p>\n<p><strong>Unidades Vinculadas:<\/strong><\/p>\n<p><a href=\"https:\/\/sap.sc.gov.br\/en\/caselages\/\">CASE Regional de Lages<\/a><\/p>\n<p><a href=\"https:\/\/sap.sc.gov.br\/en\/case-de-curitibanos-2\/\">CASE de Curitibanos<\/a><\/p>\n<p><a href=\"https:\/\/sap.sc.gov.br\/en\/cslcacador\/\">CSL de Ca\u00e7ador<\/a><\/p>\n<p><a href=\"https:\/\/sap.sc.gov.br\/en\/csllages\/\">CSL de Lages<\/a><\/p>\n<p><strong>\u00a0<\/strong><\/p>","protected":false},"excerpt":{"rendered":"<p>SR04 &#8211; Superintend\u00eancia Regional Mesorregi\u00e3o Serrana Catarinense 04 &#8211; Mesorregi\u00e3o Serrana Catarinense Superintendente Regional: Felipe Comar\u00fa Telefone: (49) 3289-8453\/ (49) 3289-8443 E-mail:\u00a0sr04@dease.sc.gov.br &nbsp; Unidades Vinculadas: CASE Regional de Lages CASE de Curitibanos CSL de Ca\u00e7ador CSL de Lages \u00a0<\/p>","protected":false},"author":8,"featured_media":0,"parent":15248,"menu_order":0,"comment_status":"closed","ping_status":"closed","template":"template-fullwidth.php","meta":{"_monsterinsights_skip_tracking":false,"_monsterinsights_sitenote_active":false,"_monsterinsights_sitenote_note":"","_monsterinsights_sitenote_category":0,"footnotes":"","_wp_rev_ctl_limit":""},"categories":[90],"tags":[],"publishpress_future_action":{"enabled":false,"date":"2026-04-23 18:29:58","action":"change-status","newStatus":"draft","terms":[],"taxonomy":"category"},"publishpress_future_workflow_manual_trigger":{"enabledWorkflows":[]},"_links":{"self":[{"href":"https:\/\/sap.sc.gov.br\/en\/wp-json\/wp\/v2\/pages\/15468"}],"collection":[{"href":"https:\/\/sap.sc.gov.br\/en\/wp-json\/wp\/v2\/pages"}],"about":[{"href":"https:\/\/sap.sc.gov.br\/en\/wp-json\/wp\/v2\/types\/page"}],"author":[{"embeddable":true,"href":"https:\/\/sap.sc.gov.br\/en\/wp-json\/wp\/v2\/users\/8"}],"replies":[{"embeddable":true,"href":"https:\/\/sap.sc.gov.br\/en\/wp-json\/wp\/v2\/comments?post=15468"}],"version-history":[{"count":0,"href":"https:\/\/sap.sc.gov.br\/en\/wp-json\/wp\/v2\/pages\/15468\/revisions"}],"up":[{"embeddable":true,"href":"https:\/\/sap.sc.gov.br\/en\/wp-json\/wp\/v2\/pages\/15248"}],"wp:attachment":[{"href":"https:\/\/sap.sc.gov.br\/en\/wp-json\/wp\/v2\/media?parent=15468"}],"wp:term":[{"taxonomy":"category","embeddable":true,"href":"https:\/\/sap.sc.gov.br\/en\/wp-json\/wp\/v2\/categories?post=15468"},{"taxonomy":"post_tag","embeddable":true,"href":"https:\/\/sap.sc.gov.br\/en\/wp-json\/wp\/v2\/tags?post=15468"}],"curies":[{"name":"wp","href":"https:\/\/api.w.org\/{rel}","templated":true}]}}