{"id":15471,"date":"2021-01-06T18:07:07","date_gmt":"2021-01-06T21:07:07","guid":{"rendered":"http:\/\/websap2023.intranet.ciasc.gov.br\/dease\/mesorregiao-da-grande-florianopolis-2-2\/"},"modified":"2024-05-10T15:51:22","modified_gmt":"2024-05-10T18:51:22","slug":"sr02-superintendencia-regional-mesorregiao-do-norte-catarinense","status":"publish","type":"page","link":"https:\/\/sap.sc.gov.br\/en\/dease\/sr02-superintendencia-regional-mesorregiao-do-norte-catarinense\/","title":{"rendered":"SR02 &#8211; Superintend\u00eancia Regional Mesorregi\u00e3o do Norte Catarinense"},"content":{"rendered":"<h3>SR02 &#8211; Superintend\u00eancia Regional Mesorregi\u00e3o do Norte Catarinense<\/h3>\n<p><strong>02 &#8211; Mesorregi\u00e3o do Norte Catarinense<\/strong><\/p>\n<p><strong>Superintendente Regional Interino:\u00a0<\/strong>Roberto Rosa de Freitas Junior<\/p>\n<p><strong>Telefone: <\/strong>(47) 3481-2829<\/p>\n<p><strong>E-mail:\u00a0<\/strong><a href=\"mailto:sregionaljoinville@dease.sc.gov.br\">sr02@dease.sc.gov.br<\/a><\/p>\n<p>&nbsp;<\/p>\n<p><strong>Unidades Vinculadas:<\/strong><\/p>\n<p><a href=\"https:\/\/sap.sc.gov.br\/en\/casejoinville\/\">CASE Regional de Joinville<\/a><\/p>\n<p><a href=\"https:\/\/sap.sc.gov.br\/en\/cipblumenau\/\">CASEP de Blumenau<\/a><\/p>\n<p><a href=\"https:\/\/sap.sc.gov.br\/en\/cipjoinville\/\">CASEP de Joinville<\/a><\/p>\n<p><a href=\"https:\/\/sap.sc.gov.br\/en\/case-de-itajai\/\">CASE de Itaja\u00ed<\/a><\/p>\n<p><a href=\"https:\/\/sap.sc.gov.br\/en\/cslblumenau\/\">CLS de Blumenau<\/a><\/p>\n<p>&nbsp;<\/p>","protected":false},"excerpt":{"rendered":"<p>SR02 &#8211; Superintend\u00eancia Regional Mesorregi\u00e3o do Norte Catarinense 02 &#8211; Mesorregi\u00e3o do Norte Catarinense Superintendente Regional Interino:\u00a0Roberto Rosa de Freitas Junior Telefone: (47) 3481-2829 E-mail:\u00a0sr02@dease.sc.gov.br &nbsp; Unidades Vinculadas: CASE Regional de Joinville CASEP de Blumenau CASEP de Joinville CASE de Itaja\u00ed CLS de Blumenau &nbsp;<\/p>","protected":false},"author":8,"featured_media":0,"parent":15248,"menu_order":0,"comment_status":"closed","ping_status":"closed","template":"template-fullwidth.php","meta":{"_monsterinsights_skip_tracking":false,"_monsterinsights_sitenote_active":false,"_monsterinsights_sitenote_note":"","_monsterinsights_sitenote_category":0,"footnotes":"","_wp_rev_ctl_limit":""},"categories":[90],"tags":[],"publishpress_future_action":{"enabled":false,"date":"2026-04-23 20:06:31","action":"change-status","newStatus":"draft","terms":[],"taxonomy":"category"},"publishpress_future_workflow_manual_trigger":{"enabledWorkflows":[]},"_links":{"self":[{"href":"https:\/\/sap.sc.gov.br\/en\/wp-json\/wp\/v2\/pages\/15471"}],"collection":[{"href":"https:\/\/sap.sc.gov.br\/en\/wp-json\/wp\/v2\/pages"}],"about":[{"href":"https:\/\/sap.sc.gov.br\/en\/wp-json\/wp\/v2\/types\/page"}],"author":[{"embeddable":true,"href":"https:\/\/sap.sc.gov.br\/en\/wp-json\/wp\/v2\/users\/8"}],"replies":[{"embeddable":true,"href":"https:\/\/sap.sc.gov.br\/en\/wp-json\/wp\/v2\/comments?post=15471"}],"version-history":[{"count":0,"href":"https:\/\/sap.sc.gov.br\/en\/wp-json\/wp\/v2\/pages\/15471\/revisions"}],"up":[{"embeddable":true,"href":"https:\/\/sap.sc.gov.br\/en\/wp-json\/wp\/v2\/pages\/15248"}],"wp:attachment":[{"href":"https:\/\/sap.sc.gov.br\/en\/wp-json\/wp\/v2\/media?parent=15471"}],"wp:term":[{"taxonomy":"category","embeddable":true,"href":"https:\/\/sap.sc.gov.br\/en\/wp-json\/wp\/v2\/categories?post=15471"},{"taxonomy":"post_tag","embeddable":true,"href":"https:\/\/sap.sc.gov.br\/en\/wp-json\/wp\/v2\/tags?post=15471"}],"curies":[{"name":"wp","href":"https:\/\/api.w.org\/{rel}","templated":true}]}}