{"id":15475,"date":"2021-01-06T18:07:07","date_gmt":"2021-01-06T21:07:07","guid":{"rendered":"http:\/\/websap2023.intranet.ciasc.gov.br\/dease\/sr03-superintendencia-regional-mesorregiao-do-oeste-catarinense-2\/"},"modified":"2024-05-15T16:54:31","modified_gmt":"2024-05-15T19:54:31","slug":"sr03-superintendencia-regional-mesorregiao-do-oeste-catarinense-2","status":"publish","type":"page","link":"https:\/\/sap.sc.gov.br\/en\/dease\/sr03-superintendencia-regional-mesorregiao-do-oeste-catarinense-2\/","title":{"rendered":"SR03 &#8211; Superintend\u00eancia Regional Mesorregi\u00e3o do Oeste Catarinense"},"content":{"rendered":"<h3><strong> SR03 &#8211; Superintend\u00eancia Regional Mesorregi\u00e3o do Oeste Catarinense<\/strong><\/h3>\n<p><strong>03 &#8211; Mesorregi\u00e3o do Oeste Catarinense<\/strong><\/p>\n<p><strong>Superintendente Regional: <\/strong>Vanderlei Wanderbruck<\/p>\n<p><strong>Telefone: <\/strong>(49) 2049-9673\/ (49) 2049-9650<\/p>\n<p><strong>E-mail:<\/strong> <a href=\"mailto:sregionaloeste@dease.sc.gov.br\">sr03@dease.sc.gov.br<\/a><\/p>\n<p>&nbsp;<\/p>\n<p><strong style=\"caret-color: auto;\">Unidades Vinculadas:<\/strong><\/p>\n<p><a href=\"https:\/\/sap.sc.gov.br\/en\/casechapeco\/\">CASE Regional de Chapec\u00f3<\/a><\/p>\n<p><a href=\"https:\/\/sap.sc.gov.br\/en\/cipjoacaba\/\">CASEP de Joa\u00e7aba<\/a><\/p>\n<p><a href=\"https:\/\/sap.sc.gov.br\/en\/casep-de-sao-miguel-do-oeste\/\">CASE de S\u00e3o Miguel do Oeste<\/a><\/p>\n<p><a href=\"https:\/\/sap.sc.gov.br\/en\/cif-centro-de-internacao-feminina\/\">CIF de Chapec\u00f3<\/a><\/p>\n<p>&nbsp;<\/p>","protected":false},"excerpt":{"rendered":"<p>SR03 &#8211; Superintend\u00eancia Regional Mesorregi\u00e3o do Oeste Catarinense 03 &#8211; Mesorregi\u00e3o do Oeste Catarinense Superintendente Regional: Vanderlei Wanderbruck Telefone: (49) 2049-9673\/ (49) 2049-9650 E-mail: sr03@dease.sc.gov.br &nbsp; Unidades Vinculadas: CASE Regional de Chapec\u00f3 CASEP de Joa\u00e7aba CASE de S\u00e3o Miguel do Oeste CIF de Chapec\u00f3 &nbsp;<\/p>","protected":false},"author":8,"featured_media":0,"parent":15248,"menu_order":0,"comment_status":"closed","ping_status":"closed","template":"template-fullwidth.php","meta":{"_monsterinsights_skip_tracking":false,"_monsterinsights_sitenote_active":false,"_monsterinsights_sitenote_note":"","_monsterinsights_sitenote_category":0,"footnotes":"","_wp_rev_ctl_limit":""},"categories":[90],"tags":[],"publishpress_future_action":{"enabled":false,"date":"2026-04-23 20:07:44","action":"change-status","newStatus":"draft","terms":[],"taxonomy":"category"},"publishpress_future_workflow_manual_trigger":{"enabledWorkflows":[]},"_links":{"self":[{"href":"https:\/\/sap.sc.gov.br\/en\/wp-json\/wp\/v2\/pages\/15475"}],"collection":[{"href":"https:\/\/sap.sc.gov.br\/en\/wp-json\/wp\/v2\/pages"}],"about":[{"href":"https:\/\/sap.sc.gov.br\/en\/wp-json\/wp\/v2\/types\/page"}],"author":[{"embeddable":true,"href":"https:\/\/sap.sc.gov.br\/en\/wp-json\/wp\/v2\/users\/8"}],"replies":[{"embeddable":true,"href":"https:\/\/sap.sc.gov.br\/en\/wp-json\/wp\/v2\/comments?post=15475"}],"version-history":[{"count":0,"href":"https:\/\/sap.sc.gov.br\/en\/wp-json\/wp\/v2\/pages\/15475\/revisions"}],"up":[{"embeddable":true,"href":"https:\/\/sap.sc.gov.br\/en\/wp-json\/wp\/v2\/pages\/15248"}],"wp:attachment":[{"href":"https:\/\/sap.sc.gov.br\/en\/wp-json\/wp\/v2\/media?parent=15475"}],"wp:term":[{"taxonomy":"category","embeddable":true,"href":"https:\/\/sap.sc.gov.br\/en\/wp-json\/wp\/v2\/categories?post=15475"},{"taxonomy":"post_tag","embeddable":true,"href":"https:\/\/sap.sc.gov.br\/en\/wp-json\/wp\/v2\/tags?post=15475"}],"curies":[{"name":"wp","href":"https:\/\/api.w.org\/{rel}","templated":true}]}}