{"id":15477,"date":"2021-01-06T18:07:07","date_gmt":"2021-01-06T21:07:07","guid":{"rendered":"http:\/\/websap2023.intranet.ciasc.gov.br\/dease\/sr04-superintendencia-regional-mesorregiao-serrana-catarinense-2\/"},"modified":"2024-08-05T17:42:48","modified_gmt":"2024-08-05T20:42:48","slug":"sr05-superintendencia-regional-mesorregiao-sul-catarinense","status":"publish","type":"page","link":"https:\/\/sap.sc.gov.br\/en\/dease\/sr05-superintendencia-regional-mesorregiao-sul-catarinense\/","title":{"rendered":"SR05 &#8211; Superintend\u00eancia Regional Mesorregi\u00e3o Sul Catarinense"},"content":{"rendered":"<h3>SR05 &#8211; Superintend\u00eancia Regional Mesorregi\u00e3o Sul Catarinense<\/h3>\n<p><strong>05 &#8211; Mesorregi\u00e3o Sul Catarinense<\/strong><\/p>\n<p><strong>Superintendente Regional: <\/strong>Paulo Eduardo de Matos Adames<\/p>\n<p><strong>Telefone: <\/strong>(48) 3403 1775 &#8211; (48) 3403-1782<\/p>\n<p><strong>E-mail:<\/strong>\u00a0<a href=\"mailto:sregionalsul@dease.sc.gov.br\">sr05@dease.sc.gov.br<\/a><\/p>\n<p>&nbsp;<\/p>\n<p><strong>Unidades Vinculadas:<\/strong><\/p>\n<p><a href=\"https:\/\/sap.sc.gov.br\/en\/case-de-criciuma\/\">CASE Regional de Crici\u00fama<\/a><\/p>\n<p><a href=\"https:\/\/sap.sc.gov.br\/en\/ciptubarao\/\">CASEP de Tubar\u00e3o<\/a><\/p>\n<p><a href=\"https:\/\/sap.sc.gov.br\/en\/casa-de-semiliberdade-de-criciuma\/\">CSL de Crici\u00fama<\/a><\/p>","protected":false},"excerpt":{"rendered":"<p>SR05 &#8211; Superintend\u00eancia Regional Mesorregi\u00e3o Sul Catarinense 05 &#8211; Mesorregi\u00e3o Sul Catarinense Superintendente Regional: Paulo Eduardo de Matos Adames Telefone: (48) 3403 1775 &#8211; (48) 3403-1782 E-mail:\u00a0sr05@dease.sc.gov.br &nbsp; Unidades Vinculadas: CASE Regional de Crici\u00fama CASEP de Tubar\u00e3o CSL de Crici\u00fama<\/p>","protected":false},"author":8,"featured_media":0,"parent":15248,"menu_order":0,"comment_status":"closed","ping_status":"closed","template":"template-fullwidth.php","meta":{"_monsterinsights_skip_tracking":false,"_monsterinsights_sitenote_active":false,"_monsterinsights_sitenote_note":"","_monsterinsights_sitenote_category":0,"footnotes":"","_wp_rev_ctl_limit":""},"categories":[90],"tags":[],"publishpress_future_action":{"enabled":false,"date":"2026-04-23 18:34:01","action":"change-status","newStatus":"draft","terms":[],"taxonomy":"category"},"publishpress_future_workflow_manual_trigger":{"enabledWorkflows":[]},"_links":{"self":[{"href":"https:\/\/sap.sc.gov.br\/en\/wp-json\/wp\/v2\/pages\/15477"}],"collection":[{"href":"https:\/\/sap.sc.gov.br\/en\/wp-json\/wp\/v2\/pages"}],"about":[{"href":"https:\/\/sap.sc.gov.br\/en\/wp-json\/wp\/v2\/types\/page"}],"author":[{"embeddable":true,"href":"https:\/\/sap.sc.gov.br\/en\/wp-json\/wp\/v2\/users\/8"}],"replies":[{"embeddable":true,"href":"https:\/\/sap.sc.gov.br\/en\/wp-json\/wp\/v2\/comments?post=15477"}],"version-history":[{"count":0,"href":"https:\/\/sap.sc.gov.br\/en\/wp-json\/wp\/v2\/pages\/15477\/revisions"}],"up":[{"embeddable":true,"href":"https:\/\/sap.sc.gov.br\/en\/wp-json\/wp\/v2\/pages\/15248"}],"wp:attachment":[{"href":"https:\/\/sap.sc.gov.br\/en\/wp-json\/wp\/v2\/media?parent=15477"}],"wp:term":[{"taxonomy":"category","embeddable":true,"href":"https:\/\/sap.sc.gov.br\/en\/wp-json\/wp\/v2\/categories?post=15477"},{"taxonomy":"post_tag","embeddable":true,"href":"https:\/\/sap.sc.gov.br\/en\/wp-json\/wp\/v2\/tags?post=15477"}],"curies":[{"name":"wp","href":"https:\/\/api.w.org\/{rel}","templated":true}]}}