{"id":15539,"date":"2023-11-28T16:48:37","date_gmt":"2023-11-28T19:48:37","guid":{"rendered":"http:\/\/websap2023.intranet.ciasc.gov.br\/?page_id=15539"},"modified":"2024-05-20T17:56:17","modified_gmt":"2024-05-20T20:56:17","slug":"grupo-de-operacoes-com-caes","status":"publish","type":"page","link":"https:\/\/sap.sc.gov.br\/en\/grupo-de-operacoes-com-caes\/","title":{"rendered":"Grupo de Opera\u00e7\u00f5es com C\u00e3es &#8211; GOC"},"content":{"rendered":"<h3>Grupo de Opera\u00e7\u00f5es com C\u00e3es &#8211; GOC<\/h3>\n<ul class=\"lcp_catlist\" id=\"lcp_instance_0\"><li><a href=\"https:\/\/sap.sc.gov.br\/en\/grupo-de-operacoes-com-caes-goc-criciuma\/\" target=\"_self\">Grupo de Opera\u00e7\u00f5es com C\u00e3es &#8211; GOC Crici\u00fama<\/a><\/li><li><a href=\"https:\/\/sap.sc.gov.br\/en\/goc-chapeco\/\" target=\"_self\">Grupo de Opera\u00e7\u00f5es com C\u00e3es \u2013 GOC Chapec\u00f3<\/a><\/li><\/ul>","protected":false},"excerpt":{"rendered":"<p>Grupo de Opera\u00e7\u00f5es com C\u00e3es &#8211; GOC<\/p>","protected":false},"author":6,"featured_media":0,"parent":0,"menu_order":0,"comment_status":"closed","ping_status":"closed","template":"template-fullwidth.php","meta":{"_monsterinsights_skip_tracking":false,"_monsterinsights_sitenote_active":false,"_monsterinsights_sitenote_note":"","_monsterinsights_sitenote_category":0,"footnotes":"","_wp_rev_ctl_limit":""},"categories":[1252],"tags":[],"publishpress_future_action":{"enabled":false,"date":"2026-04-23 18:46:04","action":"change-status","newStatus":"draft","terms":[],"taxonomy":"category"},"publishpress_future_workflow_manual_trigger":{"enabledWorkflows":[]},"_links":{"self":[{"href":"https:\/\/sap.sc.gov.br\/en\/wp-json\/wp\/v2\/pages\/15539"}],"collection":[{"href":"https:\/\/sap.sc.gov.br\/en\/wp-json\/wp\/v2\/pages"}],"about":[{"href":"https:\/\/sap.sc.gov.br\/en\/wp-json\/wp\/v2\/types\/page"}],"author":[{"embeddable":true,"href":"https:\/\/sap.sc.gov.br\/en\/wp-json\/wp\/v2\/users\/6"}],"replies":[{"embeddable":true,"href":"https:\/\/sap.sc.gov.br\/en\/wp-json\/wp\/v2\/comments?post=15539"}],"version-history":[{"count":0,"href":"https:\/\/sap.sc.gov.br\/en\/wp-json\/wp\/v2\/pages\/15539\/revisions"}],"wp:attachment":[{"href":"https:\/\/sap.sc.gov.br\/en\/wp-json\/wp\/v2\/media?parent=15539"}],"wp:term":[{"taxonomy":"category","embeddable":true,"href":"https:\/\/sap.sc.gov.br\/en\/wp-json\/wp\/v2\/categories?post=15539"},{"taxonomy":"post_tag","embeddable":true,"href":"https:\/\/sap.sc.gov.br\/en\/wp-json\/wp\/v2\/tags?post=15539"}],"curies":[{"name":"wp","href":"https:\/\/api.w.org\/{rel}","templated":true}]}}