{"id":15541,"date":"2023-11-28T16:49:05","date_gmt":"2023-11-28T19:49:05","guid":{"rendered":"http:\/\/websap2023.intranet.ciasc.gov.br\/?page_id=15541"},"modified":"2024-05-20T17:54:13","modified_gmt":"2024-05-20T20:54:13","slug":"centros-de-internacao-feminino","status":"publish","type":"page","link":"https:\/\/sap.sc.gov.br\/en\/centros-de-internacao-feminino\/","title":{"rendered":"Centros de Interna\u00e7\u00e3o Feminino &#8211; CIF"},"content":{"rendered":"<h3>Centros de Interna\u00e7\u00e3o Feminino &#8211; CIF<\/h3>\n<ul class=\"lcp_catlist\" id=\"lcp_instance_0\"><li><a href=\"https:\/\/sap.sc.gov.br\/en\/cif-centro-de-internacao-feminina\/\" target=\"_self\">CIF de Chapec\u00f3<\/a><\/li><li><a href=\"https:\/\/sap.sc.gov.br\/en\/centro-de-internacao-feminino-cif-chapeco\/\" target=\"_self\">CIF de Florian\u00f3polis<\/a><\/li><\/ul>","protected":false},"excerpt":{"rendered":"<p>Centros de Interna\u00e7\u00e3o Feminino &#8211; CIF<\/p>","protected":false},"author":6,"featured_media":0,"parent":0,"menu_order":0,"comment_status":"closed","ping_status":"closed","template":"template-fullwidth.php","meta":{"_monsterinsights_skip_tracking":false,"_monsterinsights_sitenote_active":false,"_monsterinsights_sitenote_note":"","_monsterinsights_sitenote_category":0,"footnotes":"","_wp_rev_ctl_limit":""},"categories":[1252],"tags":[],"publishpress_future_action":{"enabled":false,"date":"2026-04-23 18:55:30","action":"change-status","newStatus":"draft","terms":[],"taxonomy":"category"},"publishpress_future_workflow_manual_trigger":{"enabledWorkflows":[]},"_links":{"self":[{"href":"https:\/\/sap.sc.gov.br\/en\/wp-json\/wp\/v2\/pages\/15541"}],"collection":[{"href":"https:\/\/sap.sc.gov.br\/en\/wp-json\/wp\/v2\/pages"}],"about":[{"href":"https:\/\/sap.sc.gov.br\/en\/wp-json\/wp\/v2\/types\/page"}],"author":[{"embeddable":true,"href":"https:\/\/sap.sc.gov.br\/en\/wp-json\/wp\/v2\/users\/6"}],"replies":[{"embeddable":true,"href":"https:\/\/sap.sc.gov.br\/en\/wp-json\/wp\/v2\/comments?post=15541"}],"version-history":[{"count":0,"href":"https:\/\/sap.sc.gov.br\/en\/wp-json\/wp\/v2\/pages\/15541\/revisions"}],"wp:attachment":[{"href":"https:\/\/sap.sc.gov.br\/en\/wp-json\/wp\/v2\/media?parent=15541"}],"wp:term":[{"taxonomy":"category","embeddable":true,"href":"https:\/\/sap.sc.gov.br\/en\/wp-json\/wp\/v2\/categories?post=15541"},{"taxonomy":"post_tag","embeddable":true,"href":"https:\/\/sap.sc.gov.br\/en\/wp-json\/wp\/v2\/tags?post=15541"}],"curies":[{"name":"wp","href":"https:\/\/api.w.org\/{rel}","templated":true}]}}