{"id":15545,"date":"2023-11-28T16:59:00","date_gmt":"2023-11-28T19:59:00","guid":{"rendered":"http:\/\/websap2023.intranet.ciasc.gov.br\/?page_id=15545"},"modified":"2023-11-28T17:07:27","modified_gmt":"2023-11-28T20:07:27","slug":"superintendencias-regionais","status":"publish","type":"page","link":"https:\/\/sap.sc.gov.br\/en\/superintendencias-regionais\/","title":{"rendered":"Superintend\u00eancias Regionais"},"content":{"rendered":"<h3>Superintend\u00eancias Regionais<\/h3>\n<ul class=\"lcp_catlist\" id=\"lcp_instance_0\"><li><a href=\"https:\/\/sap.sc.gov.br\/en\/dease\/mesorregiao-da-grande-florianopolis\/\" target=\"_self\">SR01 &#8211; Superintend\u00eancia Regional Mesorregi\u00e3o da Grande Florian\u00f3polis<\/a><\/li><li><a href=\"https:\/\/sap.sc.gov.br\/en\/dease\/sr02-superintendencia-regional-mesorregiao-do-norte-catarinense\/\" target=\"_self\">SR02 &#8211; Superintend\u00eancia Regional Mesorregi\u00e3o do Norte Catarinense<\/a><\/li><li><a href=\"https:\/\/sap.sc.gov.br\/en\/dease\/sr03-superintendencia-regional-mesorregiao-do-oeste-catarinense-2\/\" target=\"_self\">SR03 &#8211; Superintend\u00eancia Regional Mesorregi\u00e3o do Oeste Catarinense<\/a><\/li><li><a href=\"https:\/\/sap.sc.gov.br\/en\/dease\/sr04-superintendencia-regional-mesorregiao-serrana-catarinense\/\" target=\"_self\">SR04 &#8211; Superintend\u00eancia Regional Mesorregi\u00e3o Serrana Catarinense<\/a><\/li><li><a href=\"https:\/\/sap.sc.gov.br\/en\/dease\/sr05-superintendencia-regional-mesorregiao-sul-catarinense\/\" target=\"_self\">SR05 &#8211; Superintend\u00eancia Regional Mesorregi\u00e3o Sul Catarinense<\/a><\/li><\/ul>","protected":false},"excerpt":{"rendered":"<p>Superintend\u00eancias Regionais<\/p>","protected":false},"author":6,"featured_media":0,"parent":0,"menu_order":0,"comment_status":"closed","ping_status":"closed","template":"template-fullwidth.php","meta":{"_monsterinsights_skip_tracking":false,"_monsterinsights_sitenote_active":false,"_monsterinsights_sitenote_note":"","_monsterinsights_sitenote_category":0,"footnotes":"","_wp_rev_ctl_limit":""},"categories":[1252],"tags":[],"publishpress_future_action":{"enabled":false,"date":"2026-04-23 17:03:22","action":"change-status","newStatus":"draft","terms":[],"taxonomy":"category"},"publishpress_future_workflow_manual_trigger":{"enabledWorkflows":[]},"_links":{"self":[{"href":"https:\/\/sap.sc.gov.br\/en\/wp-json\/wp\/v2\/pages\/15545"}],"collection":[{"href":"https:\/\/sap.sc.gov.br\/en\/wp-json\/wp\/v2\/pages"}],"about":[{"href":"https:\/\/sap.sc.gov.br\/en\/wp-json\/wp\/v2\/types\/page"}],"author":[{"embeddable":true,"href":"https:\/\/sap.sc.gov.br\/en\/wp-json\/wp\/v2\/users\/6"}],"replies":[{"embeddable":true,"href":"https:\/\/sap.sc.gov.br\/en\/wp-json\/wp\/v2\/comments?post=15545"}],"version-history":[{"count":0,"href":"https:\/\/sap.sc.gov.br\/en\/wp-json\/wp\/v2\/pages\/15545\/revisions"}],"wp:attachment":[{"href":"https:\/\/sap.sc.gov.br\/en\/wp-json\/wp\/v2\/media?parent=15545"}],"wp:term":[{"taxonomy":"category","embeddable":true,"href":"https:\/\/sap.sc.gov.br\/en\/wp-json\/wp\/v2\/categories?post=15545"},{"taxonomy":"post_tag","embeddable":true,"href":"https:\/\/sap.sc.gov.br\/en\/wp-json\/wp\/v2\/tags?post=15545"}],"curies":[{"name":"wp","href":"https:\/\/api.w.org\/{rel}","templated":true}]}}