{"id":15565,"date":"2023-11-28T17:13:21","date_gmt":"2023-11-28T20:13:21","guid":{"rendered":"http:\/\/websap2023.intranet.ciasc.gov.br\/?page_id=15565"},"modified":"2025-05-06T11:01:20","modified_gmt":"2025-05-06T14:01:20","slug":"grupo-de-operacoes-com-caes-goc-criciuma","status":"publish","type":"page","link":"https:\/\/sap.sc.gov.br\/en\/grupo-de-operacoes-com-caes-goc-criciuma\/","title":{"rendered":"Grupo de Opera\u00e7\u00f5es com C\u00e3es &#8211; GOC Crici\u00fama"},"content":{"rendered":"<h2>Grupo de Opera\u00e7\u00f5es com C\u00e3es \u2013 GOC Crici\u00fama<\/h2>\n<p><img fetchpriority=\"high\" decoding=\"async\" class=\"alignnone wp-image-17386 size-large\" src=\"https:\/\/www.sap.sc.gov.br\/wp-content\/uploads\/2024\/01\/goc-criciuma-2-1024x767.jpg\" alt=\"\" width=\"696\" height=\"521\" srcset=\"https:\/\/sap.sc.gov.br\/wp-content\/uploads\/2024\/01\/goc-criciuma-2-1024x767.jpg 1024w, https:\/\/sap.sc.gov.br\/wp-content\/uploads\/2024\/01\/goc-criciuma-2-300x225.jpg 300w, https:\/\/sap.sc.gov.br\/wp-content\/uploads\/2024\/01\/goc-criciuma-2-768x575.jpg 768w, https:\/\/sap.sc.gov.br\/wp-content\/uploads\/2024\/01\/goc-criciuma-2.jpg 1440w\" sizes=\"(max-width: 696px) 100vw, 696px\" \/><\/p>\n<p><strong>Coordenador: <\/strong>Marcelo Ant\u00f4nio Anzolim<\/p>\n<p><strong>E-mail:\u00a0<\/strong><span id=\"cloak94f85868a8937d9121b58af6baa099cd\"><a href=\"mailto:regionalsulgoc@gmail.com\">regionalsulgoc@g<\/a><\/span><a href=\"mailto:regionalsulgoc@gmail.com\">mail.com<\/a><\/p>\n<p><strong>Fones:<\/strong>\u00a0(48) 3403 1769 &#8211; (48) 3403-1782<\/p>\n<p><strong>Endere\u00e7o:<\/strong>\u00a0Rua Pedro Liberato Pavei, s\/n<\/p>\n<p><strong>Bairro:<\/strong>\u00a0S\u00e3o Domingos<\/p>\n<p><strong>Cidade<\/strong>: Crici\u00fama-SC<\/p>\n<p><strong>CEP:<\/strong>\u00a088800-000<\/p>","protected":false},"excerpt":{"rendered":"<p>Grupo de Opera\u00e7\u00f5es com C\u00e3es \u2013 GOC Crici\u00fama Coordenador: Marcelo Ant\u00f4nio Anzolim E-mail:\u00a0regionalsulgoc@gmail.com Fones:\u00a0(48) 3403 1769 &#8211; (48) 3403-1782 Endere\u00e7o:\u00a0Rua Pedro Liberato Pavei, s\/n Bairro:\u00a0S\u00e3o Domingos Cidade: Crici\u00fama-SC CEP:\u00a088800-000<\/p>","protected":false},"author":6,"featured_media":0,"parent":0,"menu_order":0,"comment_status":"closed","ping_status":"closed","template":"template-fullwidth.php","meta":{"_monsterinsights_skip_tracking":false,"_monsterinsights_sitenote_active":false,"_monsterinsights_sitenote_note":"","_monsterinsights_sitenote_category":0,"footnotes":"","_wp_rev_ctl_limit":""},"categories":[91],"tags":[],"publishpress_future_action":{"enabled":false,"date":"2026-04-23 20:24:56","action":"change-status","newStatus":"draft","terms":[],"taxonomy":"category"},"publishpress_future_workflow_manual_trigger":{"enabledWorkflows":[]},"_links":{"self":[{"href":"https:\/\/sap.sc.gov.br\/en\/wp-json\/wp\/v2\/pages\/15565"}],"collection":[{"href":"https:\/\/sap.sc.gov.br\/en\/wp-json\/wp\/v2\/pages"}],"about":[{"href":"https:\/\/sap.sc.gov.br\/en\/wp-json\/wp\/v2\/types\/page"}],"author":[{"embeddable":true,"href":"https:\/\/sap.sc.gov.br\/en\/wp-json\/wp\/v2\/users\/6"}],"replies":[{"embeddable":true,"href":"https:\/\/sap.sc.gov.br\/en\/wp-json\/wp\/v2\/comments?post=15565"}],"version-history":[{"count":0,"href":"https:\/\/sap.sc.gov.br\/en\/wp-json\/wp\/v2\/pages\/15565\/revisions"}],"wp:attachment":[{"href":"https:\/\/sap.sc.gov.br\/en\/wp-json\/wp\/v2\/media?parent=15565"}],"wp:term":[{"taxonomy":"category","embeddable":true,"href":"https:\/\/sap.sc.gov.br\/en\/wp-json\/wp\/v2\/categories?post=15565"},{"taxonomy":"post_tag","embeddable":true,"href":"https:\/\/sap.sc.gov.br\/en\/wp-json\/wp\/v2\/tags?post=15565"}],"curies":[{"name":"wp","href":"https:\/\/api.w.org\/{rel}","templated":true}]}}