{"id":15686,"date":"2023-12-12T14:39:37","date_gmt":"2023-12-12T17:39:37","guid":{"rendered":"http:\/\/websap2023.intranet.ciasc.gov.br\/?page_id=15686"},"modified":"2023-12-12T18:12:45","modified_gmt":"2023-12-12T21:12:45","slug":"concurso-publico","status":"publish","type":"page","link":"https:\/\/sap.sc.gov.br\/en\/concurso-publico\/","title":{"rendered":"Concurso P\u00fablico"},"content":{"rendered":"<h2>Concurso P\u00fablico<\/h2>\n<style>.wp-show-posts-columns#wpsp-15698 {margin-left: -2em; }.wp-show-posts-columns#wpsp-15698 .wp-show-posts-inner {margin: 0 0 2em 2em; }<\/style><section id=\"wpsp-15698\" class=\"wp-show-posts\" style=\"\"><article class=\"wp-show-posts-single wpsp-clearfix post-19894 post type-post status-publish format-standard hentry category-concurso-publico-sap\" itemtype=\"http:\/\/schema.org\/CreativeWork\" itemscope><div class=\"wp-show-posts-inner\" style=\"\">\t\t\t\t\t\t<header class=\"wp-show-posts-entry-header\">\n\t\t\t\t\t\t\t<h2 class=\"wp-show-posts-entry-title\" itemprop=\"headline\"><a href=\"https:\/\/sap.sc.gov.br\/en\/concurso-publico-001-sap-2022-tecnicos\/\" rel=\"bookmark\">CONCURSO P\u00daBLICO 001\/SAP\/2022 &#8211; T\u00c9CNICOS<\/a><\/h2><div class=\"wp-show-posts-entry-meta wp-show-posts-entry-meta-below-title post-meta-inline\"><span class=\"wp-show-posts-posted-on wp-show-posts-meta\">\n\t\t\t\t\t<a href=\"https:\/\/sap.sc.gov.br\/en\/concurso-publico-001-sap-2022-tecnicos\/\" title=\"17:30\" rel=\"bookmark\"><time class=\"wp-show-posts-entry-date published\" datetime=\"2025-01-27T17:30:24-03:00\" itemprop=\"datePublished\">27 de January de 2025<\/time><time class=\"wp-show-posts-updated\" datetime=\"2026-03-16T16:13:25-03:00\" itemprop=\"dateModified\">16 de March de 2026<\/time><\/a>\n\t\t\t\t<\/span><\/div>\t\t\t\t\t\t<\/header><!-- .entry-header -->\n\t\t\t\t\t\t\t\t\t\t\t<div class=\"wp-show-posts-entry-summary\" itemprop=\"text\">\n\t\t\t\t\t\t\t<p>O SECRET\u00c1RIO DE ESTADO DA ADMINISTRA\u00c7\u00c3O PRISIONAL E SOCIOEDUCATIVA DO ESTADO DE SANTA CATARINA, em conformidade com o art. 37, incisos II e III da Constitui\u00e7\u00e3o Federal, art. 21, incisos I, II e III da Constitui\u00e7\u00e3o Estadual, art. 5\u00ba da Lei Complementar n\u00ba 675 de 03 de junho de 2016,&#8230;<\/p>\n\t\t\t\t\t\t<\/div><!-- .entry-summary -->\n\t\t\t\t\t<div class=\"wpsp-read-more\"><a title=\"CONCURSO P\u00daBLICO 001\/SAP\/2022 &#8211; T\u00c9CNICOS\" class=\"wp-show-posts-read-more\" href=\"https:\/\/sap.sc.gov.br\/en\/concurso-publico-001-sap-2022-tecnicos\/\">Leia mais ...<\/a><\/div><\/div><!-- wp-show-posts-inner --><div class=\"wpsp-clear\"><\/div><\/article><article class=\"wp-show-posts-single wpsp-clearfix post-1885 post type-post status-publish format-standard hentry category-concurso-publico-sap\" itemtype=\"http:\/\/schema.org\/CreativeWork\" itemscope><div class=\"wp-show-posts-inner\" style=\"\">\t\t\t\t\t\t<header class=\"wp-show-posts-entry-header\">\n\t\t\t\t\t\t\t<h2 class=\"wp-show-posts-entry-title\" itemprop=\"headline\"><a href=\"https:\/\/sap.sc.gov.br\/en\/concurso-2019\/\" rel=\"bookmark\">CONCURSO P\u00daBLICO EDITAL 001\/SAP\/2019 &#8211; AGENTE PENITENCI\u00c1RIO<\/a><\/h2><div class=\"wp-show-posts-entry-meta wp-show-posts-entry-meta-below-title post-meta-inline\"><span class=\"wp-show-posts-posted-on wp-show-posts-meta\">\n\t\t\t\t\t<a href=\"https:\/\/sap.sc.gov.br\/en\/concurso-2019\/\" title=\"17:34\" rel=\"bookmark\"><time class=\"wp-show-posts-entry-date published\" datetime=\"2019-10-09T17:34:29-03:00\" itemprop=\"datePublished\">9 de October de 2019<\/time><time class=\"wp-show-posts-updated\" datetime=\"2026-04-15T14:21:32-03:00\" itemprop=\"dateModified\">15 de April de 2026<\/time><\/a>\n\t\t\t\t<\/span><\/div>\t\t\t\t\t\t<\/header><!-- .entry-header -->\n\t\t\t\t\t\t\t\t\t\t\t<div class=\"wp-show-posts-entry-summary\" itemprop=\"text\">\n\t\t\t\t\t\t\t<p>O SECRET\u00c1RIO DE ESTADO DA ADMINISTRA\u00c7\u00c3O PRISIONAL E SOCIOEDUCATIVA DO ESTADO DE SANTA CATARINA, em conformidade com o art. 37, incisos II e III da Constitui\u00e7\u00e3o Federal, art. 21, incisos I, II e III da Constitui\u00e7\u00e3o Estadual, art. 5\u00ba da Lei Complementar n\u00ba 675 de 03 de junho de 2016,&#8230;<\/p>\n\t\t\t\t\t\t<\/div><!-- .entry-summary -->\n\t\t\t\t\t<div class=\"wpsp-read-more\"><a title=\"CONCURSO P\u00daBLICO EDITAL 001\/SAP\/2019 &#8211; AGENTE PENITENCI\u00c1RIO\" class=\"wp-show-posts-read-more\" href=\"https:\/\/sap.sc.gov.br\/en\/concurso-2019\/\">Leia mais ...<\/a><\/div><\/div><!-- wp-show-posts-inner --><div class=\"wpsp-clear\"><\/div><\/article><article class=\"wp-show-posts-single wpsp-clearfix post-1844 post type-post status-publish format-standard hentry category-concurso-publico-sap\" itemtype=\"http:\/\/schema.org\/CreativeWork\" itemscope><div class=\"wp-show-posts-inner\" style=\"\">\t\t\t\t\t\t<header class=\"wp-show-posts-entry-header\">\n\t\t\t\t\t\t\t<h2 class=\"wp-show-posts-entry-title\" itemprop=\"headline\"><a href=\"https:\/\/sap.sc.gov.br\/en\/concurso-publico-edital-001-sjc-2016-agente-de-seguranca-socioeducativo\/\" rel=\"bookmark\">CONCURSO P\u00daBLICO EDITAL 001\/SJC\/2016 \u2013 AGENTE DE SEGURAN\u00c7A SOCIOEDUCATIVO<\/a><\/h2><div class=\"wp-show-posts-entry-meta wp-show-posts-entry-meta-below-title post-meta-inline\"><span class=\"wp-show-posts-posted-on wp-show-posts-meta\">\n\t\t\t\t\t<a href=\"https:\/\/sap.sc.gov.br\/en\/concurso-publico-edital-001-sjc-2016-agente-de-seguranca-socioeducativo\/\" title=\"18:19\" rel=\"bookmark\"><time class=\"wp-show-posts-entry-date published\" datetime=\"2018-03-20T18:19:20-03:00\" itemprop=\"datePublished\">20 de March de 2018<\/time><time class=\"wp-show-posts-updated\" datetime=\"2024-01-08T17:33:29-03:00\" itemprop=\"dateModified\">8 de January de 2024<\/time><\/a>\n\t\t\t\t<\/span><\/div>\t\t\t\t\t\t<\/header><!-- .entry-header -->\n\t\t\t\t\t\t\t\t\t\t\t<div class=\"wp-show-posts-entry-summary\" itemprop=\"text\">\n\t\t\t\t\t\t\t<p>A SECRET\u00c1RIA DE ESTADO DA JUSTI\u00c7A E CIDADANIA DO ESTADO DE SANTA CATARINA, em conformidade com o art. 37, incisos II e III, da Constitui\u00e7\u00e3o Federal, art. 21, incisos I, II e III, da Constitui\u00e7\u00e3o Estadual, art. 5\u00ba e seguintes da Lei Complementar n\u00ba 675 de 03 de junho de&#8230;<\/p>\n\t\t\t\t\t\t<\/div><!-- .entry-summary -->\n\t\t\t\t\t<div class=\"wpsp-read-more\"><a title=\"CONCURSO P\u00daBLICO EDITAL 001\/SJC\/2016 \u2013 AGENTE DE SEGURAN\u00c7A SOCIOEDUCATIVO\" class=\"wp-show-posts-read-more\" href=\"https:\/\/sap.sc.gov.br\/en\/concurso-publico-edital-001-sjc-2016-agente-de-seguranca-socioeducativo\/\">Leia mais ...<\/a><\/div><\/div><!-- wp-show-posts-inner --><div class=\"wpsp-clear\"><\/div><\/article><article class=\"wp-show-posts-single wpsp-clearfix post-1843 post type-post status-publish format-standard hentry category-concurso-publico-sap\" itemtype=\"http:\/\/schema.org\/CreativeWork\" itemscope><div class=\"wp-show-posts-inner\" style=\"\">\t\t\t\t\t\t<header class=\"wp-show-posts-entry-header\">\n\t\t\t\t\t\t\t<h2 class=\"wp-show-posts-entry-title\" itemprop=\"headline\"><a href=\"https:\/\/sap.sc.gov.br\/en\/concurso-publico-edital-001-sjc-2013-agente-penitenciario\/\" rel=\"bookmark\">CONCURSO P\u00daBLICO EDITAL 001\/SJC\/2013 \u2013 AGENTE PENITENCI\u00c1RIO<\/a><\/h2><div class=\"wp-show-posts-entry-meta wp-show-posts-entry-meta-below-title post-meta-inline\"><span class=\"wp-show-posts-posted-on wp-show-posts-meta\">\n\t\t\t\t\t<a href=\"https:\/\/sap.sc.gov.br\/en\/concurso-publico-edital-001-sjc-2013-agente-penitenciario\/\" title=\"18:18\" rel=\"bookmark\"><time class=\"wp-show-posts-entry-date published\" datetime=\"2018-03-20T18:18:58-03:00\" itemprop=\"datePublished\">20 de March de 2018<\/time><\/a>\n\t\t\t\t<\/span><\/div>\t\t\t\t\t\t<\/header><!-- .entry-header -->\n\t\t\t\t\t\t\t\t\t\t\t<div class=\"wp-show-posts-entry-summary\" itemprop=\"text\">\n\t\t\t\t\t\t\t<p>A Secretaria de Estado da Justi\u00e7a e Cidadania e a Ger\u00eancia de Gest\u00e3o de Pessoas informam aos candidatos nomeados atrav\u00e9s do Ato n\u00ba 1842 publicado no Di\u00e1rio Oficial do Estado \u2013 DOE n\u00ba 20.100 do dia 15 de julho do corrente ano, que a documenta\u00e7\u00e3o para posse do Concurso para&#8230;<\/p>\n\t\t\t\t\t\t<\/div><!-- .entry-summary -->\n\t\t\t\t\t<div class=\"wpsp-read-more\"><a title=\"CONCURSO P\u00daBLICO EDITAL 001\/SJC\/2013 \u2013 AGENTE PENITENCI\u00c1RIO\" class=\"wp-show-posts-read-more\" href=\"https:\/\/sap.sc.gov.br\/en\/concurso-publico-edital-001-sjc-2013-agente-penitenciario\/\">Leia mais ...<\/a><\/div><\/div><!-- wp-show-posts-inner --><div class=\"wpsp-clear\"><\/div><\/article><article class=\"wp-show-posts-single wpsp-clearfix post-2407 post type-post status-publish format-standard hentry category-concurso-publico-sap\" itemtype=\"http:\/\/schema.org\/CreativeWork\" itemscope><div class=\"wp-show-posts-inner\" style=\"\">\t\t\t\t\t\t<header class=\"wp-show-posts-entry-header\">\n\t\t\t\t\t\t\t<h2 class=\"wp-show-posts-entry-title\" itemprop=\"headline\"><a href=\"https:\/\/sap.sc.gov.br\/en\/concurso-publico-edital-n-001-sea-ssp-2006\/\" rel=\"bookmark\">CONCURSO PUBLICO &#8211; EDITAL N\u00ba 001\/SEA-SSP\/2006<\/a><\/h2><div class=\"wp-show-posts-entry-meta wp-show-posts-entry-meta-below-title post-meta-inline\"><span class=\"wp-show-posts-posted-on wp-show-posts-meta\">\n\t\t\t\t\t<a href=\"https:\/\/sap.sc.gov.br\/en\/concurso-publico-edital-n-001-sea-ssp-2006\/\" title=\"13:45\" rel=\"bookmark\"><time class=\"wp-show-posts-entry-date published\" datetime=\"2010-04-18T13:45:37-03:00\" itemprop=\"datePublished\">18 de April de 2010<\/time><time class=\"wp-show-posts-updated\" datetime=\"2024-01-08T17:42:39-03:00\" itemprop=\"dateModified\">8 de January de 2024<\/time><\/a>\n\t\t\t\t<\/span><\/div>\t\t\t\t\t\t<\/header><!-- .entry-header -->\n\t\t\t\t\t\t\t\t\t\t\t<div class=\"wp-show-posts-entry-summary\" itemprop=\"text\">\n\t\t\t\t\t\t\t<p>O Secret\u00e1rio de Estado da Administra\u00e7\u00e3o e o Secret\u00e1rio de Estado da Seguran\u00e7a P\u00fablica e Defesa do Cidad\u00e3o, no uso de suas atribui\u00e7\u00f5es, comunicam que estar\u00e3o abertas, no per\u00edodo de 24 de abril a 23 de maio de 2006, as inscri\u00e7\u00f5es ao Concurso P\u00fablico destinado a prover vagas no n\u00edvel&#8230;<\/p>\n\t\t\t\t\t\t<\/div><!-- .entry-summary -->\n\t\t\t\t\t<div class=\"wpsp-read-more\"><a title=\"CONCURSO PUBLICO &#8211; EDITAL N\u00ba 001\/SEA-SSP\/2006\" class=\"wp-show-posts-read-more\" href=\"https:\/\/sap.sc.gov.br\/en\/concurso-publico-edital-n-001-sea-ssp-2006\/\">Leia mais ...<\/a><\/div><\/div><!-- wp-show-posts-inner --><div class=\"wpsp-clear\"><\/div><\/article><\/section><!-- .wp-show-posts -->","protected":false},"excerpt":{"rendered":"<p>Concurso P\u00fablico<\/p>","protected":false},"author":6,"featured_media":0,"parent":0,"menu_order":0,"comment_status":"closed","ping_status":"closed","template":"template-fullwidth.php","meta":{"_monsterinsights_skip_tracking":false,"_monsterinsights_sitenote_active":false,"_monsterinsights_sitenote_note":"","_monsterinsights_sitenote_category":0,"footnotes":"","_wp_rev_ctl_limit":""},"categories":[],"tags":[],"publishpress_future_action":{"enabled":false,"date":"2026-04-24 12:44:33","action":"change-status","newStatus":"draft","terms":[],"taxonomy":"category"},"publishpress_future_workflow_manual_trigger":{"enabledWorkflows":[]},"_links":{"self":[{"href":"https:\/\/sap.sc.gov.br\/en\/wp-json\/wp\/v2\/pages\/15686"}],"collection":[{"href":"https:\/\/sap.sc.gov.br\/en\/wp-json\/wp\/v2\/pages"}],"about":[{"href":"https:\/\/sap.sc.gov.br\/en\/wp-json\/wp\/v2\/types\/page"}],"author":[{"embeddable":true,"href":"https:\/\/sap.sc.gov.br\/en\/wp-json\/wp\/v2\/users\/6"}],"replies":[{"embeddable":true,"href":"https:\/\/sap.sc.gov.br\/en\/wp-json\/wp\/v2\/comments?post=15686"}],"version-history":[{"count":0,"href":"https:\/\/sap.sc.gov.br\/en\/wp-json\/wp\/v2\/pages\/15686\/revisions"}],"wp:attachment":[{"href":"https:\/\/sap.sc.gov.br\/en\/wp-json\/wp\/v2\/media?parent=15686"}],"wp:term":[{"taxonomy":"category","embeddable":true,"href":"https:\/\/sap.sc.gov.br\/en\/wp-json\/wp\/v2\/categories?post=15686"},{"taxonomy":"post_tag","embeddable":true,"href":"https:\/\/sap.sc.gov.br\/en\/wp-json\/wp\/v2\/tags?post=15686"}],"curies":[{"name":"wp","href":"https:\/\/api.w.org\/{rel}","templated":true}]}}