{"id":16057,"date":"2023-12-14T16:29:21","date_gmt":"2023-12-14T19:29:21","guid":{"rendered":"http:\/\/websap2023.intranet.ciasc.gov.br\/?page_id=16057"},"modified":"2023-12-14T16:30:15","modified_gmt":"2023-12-14T19:30:15","slug":"programas","status":"publish","type":"page","link":"https:\/\/sap.sc.gov.br\/en\/gestao-de-pessoas\/programas\/","title":{"rendered":"Programas"},"content":{"rendered":"<h2>Programas<\/h2>\n<style>.wp-show-posts-columns#wpsp-16059 {margin-left: -2em; }.wp-show-posts-columns#wpsp-16059 .wp-show-posts-inner {margin: 0 0 2em 2em; }<\/style><section id=\"wpsp-16059\" class=\" wp-show-posts\" style=\"\"><article class=\" wp-show-posts-single wpsp-clearfix post-2306 post type-post status-publish format-standard hentry category-programas-sap\" itemtype=\"http:\/\/schema.org\/CreativeWork\" itemscope><div class=\"wp-show-posts-inner\" style=\"\">\t\t\t\t\t\t<header class=\"wp-show-posts-entry-header\">\n\t\t\t\t\t\t\t<h2 class=\"wp-show-posts-entry-title\" itemprop=\"headline\"><a href=\"https:\/\/sap.sc.gov.br\/en\/programa-de-apoio-aos-servidores-pas\/\" rel=\"bookmark\">Programa de Apoio aos Servidores (PAS)<\/a><\/h2><div class=\"wp-show-posts-entry-meta wp-show-posts-entry-meta-below-title post-meta-inline\"><span class=\"wp-show-posts-posted-on wp-show-posts-meta\">\n\t\t\t\t\t<a href=\"https:\/\/sap.sc.gov.br\/en\/programa-de-apoio-aos-servidores-pas\/\" title=\"13:19\" rel=\"bookmark\"><time class=\"wp-show-posts-entry-date published\" datetime=\"2023-01-10T13:19:34-03:00\" itemprop=\"datePublished\">10 de January de 2023<\/time><time class=\"wp-show-posts-updated\" datetime=\"2024-01-04T16:35:05-03:00\" itemprop=\"dateModified\">4 de January de 2024<\/time><\/a>\n\t\t\t\t<\/span><\/div>\t\t\t\t\t\t<\/header><!-- .entry-header -->\n\t\t\t\t\t\t\t\t\t\t\t<div class=\"wp-show-posts-entry-summary\" itemprop=\"text\">\n\t\t\t\t\t\t\t<p>O Programa de Apoio aos Servidores (PAS), realizado no \u00e2mbito da Secretaria da Administra\u00e7\u00e3o Prisional e Socioeducativa, destina-se ao atendimento psicossocial de todos os funcion\u00e1rios que atuam nos sistemas prisional e socioeducativo catarinense. Pela natureza da ocupa\u00e7\u00e3o, o ambiente de trabalho nos estabelecimentos prisionais e de conten\u00e7\u00e3o de adolescentes em&#8230;<\/p>\n\t\t\t\t\t\t<\/div><!-- .entry-summary -->\n\t\t\t\t\t<div class=\"wpsp-read-more\"><a title=\"Programa de Apoio aos Servidores (PAS)\" class=\"wp-show-posts-read-more\" href=\"https:\/\/sap.sc.gov.br\/en\/programa-de-apoio-aos-servidores-pas\/\">Leia mais ...<\/a><\/div><\/div><!-- wp-show-posts-inner --><div class=\"wpsp-clear\"><\/div><\/article><article class=\" wp-show-posts-single wpsp-clearfix post-2305 post type-post status-publish format-standard hentry category-programas-sap\" itemtype=\"http:\/\/schema.org\/CreativeWork\" itemscope><div class=\"wp-show-posts-inner\" style=\"\">\t\t\t\t\t\t<header class=\"wp-show-posts-entry-header\">\n\t\t\t\t\t\t\t<h2 class=\"wp-show-posts-entry-title\" itemprop=\"headline\"><a href=\"https:\/\/sap.sc.gov.br\/en\/projeto-mulheres-livres\/\" rel=\"bookmark\">Projeto Mulheres Livres<\/a><\/h2><div class=\"wp-show-posts-entry-meta wp-show-posts-entry-meta-below-title post-meta-inline\"><span class=\"wp-show-posts-posted-on wp-show-posts-meta\">\n\t\t\t\t\t<a href=\"https:\/\/sap.sc.gov.br\/en\/projeto-mulheres-livres\/\" title=\"13:18\" rel=\"bookmark\"><time class=\"wp-show-posts-entry-date published\" datetime=\"2023-01-10T13:18:48-03:00\" itemprop=\"datePublished\">10 de January de 2023<\/time><time class=\"wp-show-posts-updated\" datetime=\"2024-01-04T16:37:35-03:00\" itemprop=\"dateModified\">4 de January de 2024<\/time><\/a>\n\t\t\t\t<\/span><\/div>\t\t\t\t\t\t<\/header><!-- .entry-header -->\n\t\t\t\t\t\t\t\t\t\t\t<div class=\"wp-show-posts-entry-summary\" itemprop=\"text\">\n\t\t\t\t\t\t\t<p>O projeto mulheres livres foi idealizado pelo Minist\u00e9rio da Justi\u00e7a e proposto a SC a executar como projeto Piloto, foi assinado em janeiro de 2018 o termo de coopera\u00e7\u00e3o entre o Minist\u00e9rio da Justi\u00e7a, Tribunal de Justi\u00e7a e Governo do Estado. Como funciona o Projeto Mulheres Livres? A equipe que&#8230;<\/p>\n\t\t\t\t\t\t<\/div><!-- .entry-summary -->\n\t\t\t\t\t<div class=\"wpsp-read-more\"><a title=\"Projeto Mulheres Livres\" class=\"wp-show-posts-read-more\" href=\"https:\/\/sap.sc.gov.br\/en\/projeto-mulheres-livres\/\">Leia mais ...<\/a><\/div><\/div><!-- wp-show-posts-inner --><div class=\"wpsp-clear\"><\/div><\/article><article class=\" wp-show-posts-single wpsp-clearfix post-1841 post type-post status-publish format-standard hentry category-programas-sap\" itemtype=\"http:\/\/schema.org\/CreativeWork\" itemscope><div class=\"wp-show-posts-inner\" style=\"\">\t\t\t\t\t\t<header class=\"wp-show-posts-entry-header\">\n\t\t\t\t\t\t\t<h2 class=\"wp-show-posts-entry-title\" itemprop=\"headline\"><a href=\"https:\/\/sap.sc.gov.br\/en\/protecao-a-testemunhas-protege\/\" rel=\"bookmark\">Prote\u00e7\u00e3o a Testemunhas (PROTEGE)<\/a><\/h2><div class=\"wp-show-posts-entry-meta wp-show-posts-entry-meta-below-title post-meta-inline\"><span class=\"wp-show-posts-posted-on wp-show-posts-meta\">\n\t\t\t\t\t<a href=\"https:\/\/sap.sc.gov.br\/en\/protecao-a-testemunhas-protege\/\" title=\"18:01\" rel=\"bookmark\"><time class=\"wp-show-posts-entry-date published\" datetime=\"2018-03-20T18:01:32-03:00\" itemprop=\"datePublished\">20 de March de 2018<\/time><time class=\"wp-show-posts-updated\" datetime=\"2024-01-04T18:12:13-03:00\" itemprop=\"dateModified\">4 de January de 2024<\/time><\/a>\n\t\t\t\t<\/span><\/div>\t\t\t\t\t\t<\/header><!-- .entry-header -->\n\t\t\t\t\t\t\t\t\t\t\t<div class=\"wp-show-posts-entry-summary\" itemprop=\"text\">\n\t\t\t\t\t\t\t<p>O que \u00e9 o PROTEGE-SC? O Programa Estadual de Prote\u00e7\u00e3o, Aux\u00edlio e Assist\u00eancia a V\u00edtimas da Viol\u00eancia e a Testemunhas Amea\u00e7adas em Santa Catarina (PROTEGE-SC) foi institu\u00eddo por meio da Lei Ordin\u00e1ria n\u00b0.\u00a011.906[1], de 25 de setembro de 2001, em conformidade com a Lei Federal n\u00b0. 9.807[2], de 13 de&#8230;<\/p>\n\t\t\t\t\t\t<\/div><!-- .entry-summary -->\n\t\t\t\t\t<div class=\"wpsp-read-more\"><a title=\"Prote\u00e7\u00e3o a Testemunhas (PROTEGE)\" class=\"wp-show-posts-read-more\" href=\"https:\/\/sap.sc.gov.br\/en\/protecao-a-testemunhas-protege\/\">Leia mais ...<\/a><\/div><\/div><!-- wp-show-posts-inner --><div class=\"wpsp-clear\"><\/div><\/article><\/section><!-- .wp-show-posts -->\n<p>&nbsp;<\/p>\n<p>&nbsp;<\/p>\n<p>&nbsp;<\/p>\n<p>&nbsp;<\/p>\n","protected":false},"excerpt":{"rendered":"<p>Programas &nbsp; &nbsp; &nbsp; &nbsp;<\/p>","protected":false},"author":6,"featured_media":0,"parent":1840,"menu_order":0,"comment_status":"closed","ping_status":"closed","template":"template-fullwidth.php","meta":{"_monsterinsights_skip_tracking":false,"_monsterinsights_sitenote_active":false,"_monsterinsights_sitenote_note":"","_monsterinsights_sitenote_category":0,"footnotes":"","_wp_rev_ctl_limit":""},"categories":[63],"tags":[],"publishpress_future_action":{"enabled":false,"date":"2026-04-21 15:21:52","action":"change-status","newStatus":"draft","terms":[],"taxonomy":"category"},"publishpress_future_workflow_manual_trigger":{"enabledWorkflows":[]},"_links":{"self":[{"href":"https:\/\/sap.sc.gov.br\/en\/wp-json\/wp\/v2\/pages\/16057"}],"collection":[{"href":"https:\/\/sap.sc.gov.br\/en\/wp-json\/wp\/v2\/pages"}],"about":[{"href":"https:\/\/sap.sc.gov.br\/en\/wp-json\/wp\/v2\/types\/page"}],"author":[{"embeddable":true,"href":"https:\/\/sap.sc.gov.br\/en\/wp-json\/wp\/v2\/users\/6"}],"replies":[{"embeddable":true,"href":"https:\/\/sap.sc.gov.br\/en\/wp-json\/wp\/v2\/comments?post=16057"}],"version-history":[{"count":0,"href":"https:\/\/sap.sc.gov.br\/en\/wp-json\/wp\/v2\/pages\/16057\/revisions"}],"up":[{"embeddable":true,"href":"https:\/\/sap.sc.gov.br\/en\/wp-json\/wp\/v2\/pages\/1840"}],"wp:attachment":[{"href":"https:\/\/sap.sc.gov.br\/en\/wp-json\/wp\/v2\/media?parent=16057"}],"wp:term":[{"taxonomy":"category","embeddable":true,"href":"https:\/\/sap.sc.gov.br\/en\/wp-json\/wp\/v2\/categories?post=16057"},{"taxonomy":"post_tag","embeddable":true,"href":"https:\/\/sap.sc.gov.br\/en\/wp-json\/wp\/v2\/tags?post=16057"}],"curies":[{"name":"wp","href":"https:\/\/api.w.org\/{rel}","templated":true}]}}