{"id":17324,"date":"2024-01-19T14:08:44","date_gmt":"2024-01-19T17:08:44","guid":{"rendered":"http:\/\/websap2023.intranet.ciasc.gov.br\/?page_id=17324"},"modified":"2024-01-19T14:22:10","modified_gmt":"2024-01-19T17:22:10","slug":"sr05-superintendencia-regional-serrana","status":"publish","type":"page","link":"https:\/\/sap.sc.gov.br\/en\/sr05-superintendencia-regional-serrana\/","title":{"rendered":"SR05 &#8211; Superintend\u00eancia Regional Serrana"},"content":{"rendered":"<div class=\"cat-children\">\n<div>\n<h3 class=\"page-header item-title\">SR05 &#8211; Superintend\u00eancia Regional Serrana<\/h3>\n<div class=\"category-desc\">\n<p><strong>e-mail:<\/strong>\u00a0<span id=\"cloakd71b758e4b786890dcbea7365ddd75b4\"><a href=\"mailto:sr05@pp.sc.gov.br\">sr05@pp.sc.gov.br<\/a><\/span><br \/>\n<strong>Telefone:<\/strong>\u00a0(49) 3412-3300<br \/>\n<strong>Superintendente:<\/strong>\u00a0Andre Isidoro de Oliveira Martarello<br \/>\n<strong>e-mail:<\/strong>\u00a0<span id=\"cloake31e4e1cbf3dbc42a2257fd3682067b4\"><a href=\"mailto:sr05sr@pp.sc.gov.br\">sr05sr@pp.sc.gov.br<\/a><\/span><\/p>\n<\/div>\n<p>&nbsp;<\/p>\n<div class=\"category-desc\">\n<ul class=\"lcp_catlist\" id=\"lcp_instance_0\"><li><a href=\"https:\/\/sap.sc.gov.br\/en\/penitenciaria-industrial-sao-cristovao-sul\/\">Penitenci\u00e1ria Industrial de S\u00e3o Crist\u00f3v\u00e3o do Sul<\/a><\/li><li><a href=\"https:\/\/sap.sc.gov.br\/en\/penitenciaria-da-regiao-regional-de-curitibanos\/\">Penitenci\u00e1ria Regional de Curitibanos<\/a><\/li><li><a href=\"https:\/\/sap.sc.gov.br\/en\/presidio-masculino-de-lages\/\">Pres\u00eddio Masculino de Lages<\/a><\/li><li><a href=\"https:\/\/sap.sc.gov.br\/en\/presidio-de-cacador\/\">Pres\u00eddio Regional de Ca\u00e7ador<\/a><\/li><li><a href=\"https:\/\/sap.sc.gov.br\/en\/unidade-prisional-avancada-de-campos-novos\/\">Pres\u00eddio Regional de Campos Novos<\/a><\/li><li><a href=\"https:\/\/sap.sc.gov.br\/en\/presidio-regional-de-lages\/\">Pres\u00eddio Regional de Lages<\/a><\/li><li><a href=\"https:\/\/sap.sc.gov.br\/en\/unidade-prisional-avancada-de-videira\/\">Pres\u00eddio Regional de Videira<\/a><\/li><li><a href=\"https:\/\/sap.sc.gov.br\/en\/unidade-de-seguranca-maxima-do-estado\/\">Unidade de Seguran\u00e7a M\u00e1xima de S\u00e3o Crist\u00f3v\u00e3o do Sul<\/a><\/li><\/ul>\n<p>&nbsp;<\/p>\n<\/div>\n<\/div>\n<div><\/div>\n<\/div>\n<p>&nbsp;<\/p>","protected":false},"excerpt":{"rendered":"<p>SR05 &#8211; Superintend\u00eancia Regional Serrana e-mail:\u00a0sr05@pp.sc.gov.br Telefone:\u00a0(49) 3412-3300 Superintendente:\u00a0Andre Isidoro de Oliveira Martarello e-mail:\u00a0sr05sr@pp.sc.gov.br &nbsp; &nbsp; &nbsp;<\/p>","protected":false},"author":6,"featured_media":0,"parent":0,"menu_order":0,"comment_status":"closed","ping_status":"closed","template":"","meta":{"_monsterinsights_skip_tracking":false,"_monsterinsights_sitenote_active":false,"_monsterinsights_sitenote_note":"","_monsterinsights_sitenote_category":0,"footnotes":"","_wp_rev_ctl_limit":""},"categories":[1340],"tags":[],"publishpress_future_action":{"enabled":false,"date":"2026-04-24 13:52:21","action":"change-status","newStatus":"draft","terms":[],"taxonomy":"category"},"publishpress_future_workflow_manual_trigger":{"enabledWorkflows":[]},"_links":{"self":[{"href":"https:\/\/sap.sc.gov.br\/en\/wp-json\/wp\/v2\/pages\/17324"}],"collection":[{"href":"https:\/\/sap.sc.gov.br\/en\/wp-json\/wp\/v2\/pages"}],"about":[{"href":"https:\/\/sap.sc.gov.br\/en\/wp-json\/wp\/v2\/types\/page"}],"author":[{"embeddable":true,"href":"https:\/\/sap.sc.gov.br\/en\/wp-json\/wp\/v2\/users\/6"}],"replies":[{"embeddable":true,"href":"https:\/\/sap.sc.gov.br\/en\/wp-json\/wp\/v2\/comments?post=17324"}],"version-history":[{"count":0,"href":"https:\/\/sap.sc.gov.br\/en\/wp-json\/wp\/v2\/pages\/17324\/revisions"}],"wp:attachment":[{"href":"https:\/\/sap.sc.gov.br\/en\/wp-json\/wp\/v2\/media?parent=17324"}],"wp:term":[{"taxonomy":"category","embeddable":true,"href":"https:\/\/sap.sc.gov.br\/en\/wp-json\/wp\/v2\/categories?post=17324"},{"taxonomy":"post_tag","embeddable":true,"href":"https:\/\/sap.sc.gov.br\/en\/wp-json\/wp\/v2\/tags?post=17324"}],"curies":[{"name":"wp","href":"https:\/\/api.w.org\/{rel}","templated":true}]}}