{"id":17326,"date":"2024-01-19T14:09:16","date_gmt":"2024-01-19T17:09:16","guid":{"rendered":"http:\/\/websap2023.intranet.ciasc.gov.br\/?page_id=17326"},"modified":"2026-01-14T10:29:55","modified_gmt":"2026-01-14T13:29:55","slug":"sr06-superintendencia-regional-oeste","status":"publish","type":"page","link":"https:\/\/sap.sc.gov.br\/en\/sr06-superintendencia-regional-oeste\/","title":{"rendered":"SR06 &#8211; Superintend\u00eancia Regional Oeste"},"content":{"rendered":"<div class=\"cat-children\">\n<div>\n<h3 class=\"page-header item-title\">SR06 &#8211; Superintend\u00eancia Regional Oeste<\/h3>\n<div class=\"category-desc\">\n<p><strong>e-mail:<\/strong>\u00a0<span id=\"cloaka9953ccacd810c61bb9654cdf20c23a2\"><a href=\"mailto:sr06@pp.sc.gov.br\">sr06@pp.sc.gov.br<\/a><\/span><br \/>\n<strong>Telefone:<\/strong> (49) 2049-9612<br \/>\n<strong>Superintendente:<\/strong> Guimorvan Boita<br \/>\n<span id=\"cloaka87369b03ad0eeef0f2fdfab6225273b\"><\/span><\/p>\n<p>&nbsp;<\/p>\n<ul class=\"lcp_catlist\" id=\"lcp_instance_0\"><li><a href=\"https:\/\/sap.sc.gov.br\/en\/penitenciaria-agricola-de-chapeco\/\">Penitenci\u00e1ria Agr\u00edcola de Chapec\u00f3<\/a><\/li><li><a href=\"https:\/\/sap.sc.gov.br\/en\/penitenciaria-industrial-de-chapeco\/\">Penitenci\u00e1ria Industrial de Chapec\u00f3<\/a><\/li><li><a href=\"https:\/\/sap.sc.gov.br\/en\/presidio-feminino-de-chapeco\/\">Pres\u00eddio Feminino Regional de Chapec\u00f3<\/a><\/li><li><a href=\"https:\/\/sap.sc.gov.br\/en\/presidio-de-chapeco\/\">Pres\u00eddio Regional de Chapec\u00f3<\/a><\/li><li><a href=\"https:\/\/sap.sc.gov.br\/en\/presidio-de-concordia\/\">Pres\u00eddio Regional de Conc\u00f3rdia<\/a><\/li><li><a href=\"https:\/\/sap.sc.gov.br\/en\/presidio-de-joacaba\/\">Pres\u00eddio Regional de Joa\u00e7aba<\/a><\/li><li><a href=\"https:\/\/sap.sc.gov.br\/en\/unidade-prisional-avancada-de-maravilha\/\">Pres\u00eddio Regional de Maravilha<\/a><\/li><li><a href=\"https:\/\/sap.sc.gov.br\/en\/unidade-prisional-avancada-de-sao-jose-do-cedro\/\">Pres\u00eddio Regional de S\u00e3o Jos\u00e9 do Cedro<\/a><\/li><li><a href=\"https:\/\/sap.sc.gov.br\/en\/unidade-prisional-avancada-de-sao-miguel-do-oeste\/\">Pres\u00eddio Regional de S\u00e3o Miguel do Oeste<\/a><\/li><li><a href=\"https:\/\/sap.sc.gov.br\/en\/presidio-de-xanxere\/\">Pres\u00eddio Regional de Xanxer\u00ea<\/a><\/li><\/ul>\n<p>&nbsp;<\/p>\n<\/div>\n<\/div>\n<div><\/div>\n<\/div>\n<p>&nbsp;<\/p>","protected":false},"excerpt":{"rendered":"<p>SR06 &#8211; Superintend\u00eancia Regional Oeste e-mail:\u00a0sr06@pp.sc.gov.br Telefone: (49) 2049-9612 Superintendente: Guimorvan Boita &nbsp; &nbsp; &nbsp;<\/p>","protected":false},"author":6,"featured_media":0,"parent":0,"menu_order":0,"comment_status":"closed","ping_status":"closed","template":"","meta":{"_monsterinsights_skip_tracking":false,"_monsterinsights_sitenote_active":false,"_monsterinsights_sitenote_note":"","_monsterinsights_sitenote_category":0,"footnotes":"","_wp_rev_ctl_limit":""},"categories":[1340],"tags":[],"publishpress_future_action":{"enabled":false,"date":"2026-04-24 13:53:02","action":"change-status","newStatus":"draft","terms":[],"taxonomy":"category"},"publishpress_future_workflow_manual_trigger":{"enabledWorkflows":[]},"_links":{"self":[{"href":"https:\/\/sap.sc.gov.br\/en\/wp-json\/wp\/v2\/pages\/17326"}],"collection":[{"href":"https:\/\/sap.sc.gov.br\/en\/wp-json\/wp\/v2\/pages"}],"about":[{"href":"https:\/\/sap.sc.gov.br\/en\/wp-json\/wp\/v2\/types\/page"}],"author":[{"embeddable":true,"href":"https:\/\/sap.sc.gov.br\/en\/wp-json\/wp\/v2\/users\/6"}],"replies":[{"embeddable":true,"href":"https:\/\/sap.sc.gov.br\/en\/wp-json\/wp\/v2\/comments?post=17326"}],"version-history":[{"count":0,"href":"https:\/\/sap.sc.gov.br\/en\/wp-json\/wp\/v2\/pages\/17326\/revisions"}],"wp:attachment":[{"href":"https:\/\/sap.sc.gov.br\/en\/wp-json\/wp\/v2\/media?parent=17326"}],"wp:term":[{"taxonomy":"category","embeddable":true,"href":"https:\/\/sap.sc.gov.br\/en\/wp-json\/wp\/v2\/categories?post=17326"},{"taxonomy":"post_tag","embeddable":true,"href":"https:\/\/sap.sc.gov.br\/en\/wp-json\/wp\/v2\/tags?post=17326"}],"curies":[{"name":"wp","href":"https:\/\/api.w.org\/{rel}","templated":true}]}}