{"id":17328,"date":"2024-01-19T14:09:42","date_gmt":"2024-01-19T17:09:42","guid":{"rendered":"http:\/\/websap2023.intranet.ciasc.gov.br\/?page_id=17328"},"modified":"2024-10-02T15:30:13","modified_gmt":"2024-10-02T18:30:13","slug":"sr07-superintendencia-regional-do-medio-vale-do-itajai","status":"publish","type":"page","link":"https:\/\/sap.sc.gov.br\/en\/sr07-superintendencia-regional-do-medio-vale-do-itajai\/","title":{"rendered":"SR07 &#8211; Superintend\u00eancia Regional do M\u00e9dio Vale do Itaja\u00ed"},"content":{"rendered":"<div class=\"cat-children\">\n<div>\n<h3 class=\"page-header item-title\">SR07 &#8211; Superintend\u00eancia Regional do M\u00e9dio Vale do Itaja\u00ed<\/h3>\n<div class=\"category-desc\">\n<p><strong>e-mail:<\/strong>\u00a0<span id=\"cloak98eb257dd326749a878909b18c3c1de8\"><a href=\"mailto:sr07@pp.sc.gov.br\">sr07@pp.sc.gov.br<\/a><\/span><br \/>\n<strong>Telefone:<\/strong>\u00a0(47) 3378-8594<br \/>\n<strong>Superintendente:<\/strong> Ricardo da Silva Morlo<br \/>\n<strong>e-mail:<\/strong>\u00a0<span id=\"cloak3eebf32c95a1c4502fb8c9e88ba8f0e9\"><a href=\"mailto:sr07sr@pp.sc.gov.br\">sr07sr@pp.sc.gov.br<\/a><\/span><\/p>\n<p>&nbsp;<\/p>\n<ul class=\"lcp_catlist\" id=\"lcp_instance_0\"><li><a href=\"https:\/\/sap.sc.gov.br\/en\/penitenciaria-industrial-de-blumenau\/\">Penitenci\u00e1ria Industrial de Blumenau<\/a><\/li><li><a href=\"https:\/\/sap.sc.gov.br\/en\/presidio-de-blumenau\/\">Pres\u00eddio Regional de Blumenau<\/a><\/li><li><a href=\"https:\/\/sap.sc.gov.br\/en\/unidade-prisional-avancada-de-indaial\/\">Pres\u00eddio Regional de Indaial<\/a><\/li><li><a href=\"https:\/\/sap.sc.gov.br\/en\/upa-de-ituporanga\/\">Pres\u00eddio Regional de Ituporanga<\/a><\/li><li><a href=\"https:\/\/sap.sc.gov.br\/en\/presidio-de-rio-do-sul\/\">Pres\u00eddio Regional de Rio do Sul<\/a><\/li><\/ul>\n<\/div>\n<p>&nbsp;<\/p>\n<\/div>\n<div class=\"last\"><\/div>\n<\/div>\n<p>&nbsp;<\/p>","protected":false},"excerpt":{"rendered":"<p>SR07 &#8211; Superintend\u00eancia Regional do M\u00e9dio Vale do Itaja\u00ed e-mail:\u00a0sr07@pp.sc.gov.br Telefone:\u00a0(47) 3378-8594 Superintendente: Ricardo da Silva Morlo e-mail:\u00a0sr07sr@pp.sc.gov.br &nbsp; &nbsp; &nbsp;<\/p>","protected":false},"author":6,"featured_media":0,"parent":0,"menu_order":0,"comment_status":"closed","ping_status":"closed","template":"","meta":{"_monsterinsights_skip_tracking":false,"_monsterinsights_sitenote_active":false,"_monsterinsights_sitenote_note":"","_monsterinsights_sitenote_category":0,"footnotes":"","_wp_rev_ctl_limit":""},"categories":[1340],"tags":[],"publishpress_future_action":{"enabled":false,"date":"2026-04-24 13:52:23","action":"change-status","newStatus":"draft","terms":[],"taxonomy":"category"},"publishpress_future_workflow_manual_trigger":{"enabledWorkflows":[]},"_links":{"self":[{"href":"https:\/\/sap.sc.gov.br\/en\/wp-json\/wp\/v2\/pages\/17328"}],"collection":[{"href":"https:\/\/sap.sc.gov.br\/en\/wp-json\/wp\/v2\/pages"}],"about":[{"href":"https:\/\/sap.sc.gov.br\/en\/wp-json\/wp\/v2\/types\/page"}],"author":[{"embeddable":true,"href":"https:\/\/sap.sc.gov.br\/en\/wp-json\/wp\/v2\/users\/6"}],"replies":[{"embeddable":true,"href":"https:\/\/sap.sc.gov.br\/en\/wp-json\/wp\/v2\/comments?post=17328"}],"version-history":[{"count":0,"href":"https:\/\/sap.sc.gov.br\/en\/wp-json\/wp\/v2\/pages\/17328\/revisions"}],"wp:attachment":[{"href":"https:\/\/sap.sc.gov.br\/en\/wp-json\/wp\/v2\/media?parent=17328"}],"wp:term":[{"taxonomy":"category","embeddable":true,"href":"https:\/\/sap.sc.gov.br\/en\/wp-json\/wp\/v2\/categories?post=17328"},{"taxonomy":"post_tag","embeddable":true,"href":"https:\/\/sap.sc.gov.br\/en\/wp-json\/wp\/v2\/tags?post=17328"}],"curies":[{"name":"wp","href":"https:\/\/api.w.org\/{rel}","templated":true}]}}