{"id":1754,"date":"2017-04-27T18:31:01","date_gmt":"2017-04-27T21:31:01","guid":{"rendered":"http:\/\/websap2023.intranet.ciasc.gov.br\/competencias\/"},"modified":"2025-01-27T11:13:24","modified_gmt":"2025-01-27T14:13:24","slug":"atribuicoes","status":"publish","type":"page","link":"https:\/\/sap.sc.gov.br\/en\/atribuicoes\/","title":{"rendered":"Atribui\u00e7\u00f5es"},"content":{"rendered":"<p style=\"text-align: center;\"><span style=\"color: #000000;\"><strong>SECRETARIA DE ESTADO DE JUSTI\u00c7A E REINTEGRA\u00c7\u00c3O SOCIAL<\/strong><\/span><\/p>\n<div style=\"text-align: center;\">Lei complementar n\u00ba 741, de 12\/06\/2019<\/div>\n<div style=\"text-align: center;\">Se\u00e7ao II<\/div>\n<div style=\"text-align: center;\">Da Secretaria de Estado de Justi\u00e7a e Reintegra\u00e7\u00e3o Social<\/div>\n<div><\/div>\n<p style=\"text-align: center;\"><span style=\"color: #000000;\">Art.30. \u00c0 SAP compete:<\/span><\/p>\n<p><span style=\"color: #000000;\">\u00a0\u00a0\u00a0\u00a0\u00a0\u00a0\u00a0\u00a0 I \u2013 planejar, formular, normatizar e executar as pol\u00edticas p\u00fablicas para o sistema prisional do Estado;<\/span><\/p>\n<p><span style=\"color: #000000;\">\u00a0\u00a0\u00a0\u00a0\u00a0\u00a0\u00a0\u00a0 II \u2013 implementar a pol\u00edtica estadual de atendimento socioeducativo, destinada a adolescentes autores de atos infracionais que estejam reclusos, em regime de priva\u00e7\u00e3o e restri\u00e7\u00e3o de liberdade, nas unidades de atendimento;<\/span><\/p>\n<p><span style=\"color: #000000;\">\u00a0\u00a0\u00a0\u00a0\u00a0\u00a0\u00a0\u00a0 III \u2013 administrar e promover a seguran\u00e7a interna e externa dos estabelecimentos penais;<\/span><\/p>\n<p><span style=\"color: #000000;\">\u00a0\u00a0\u00a0\u00a0\u00a0\u00a0\u00a0\u00a0 IV \u2013 promover a eleva\u00e7\u00e3o da escolaridade e o ensino profissionalizante dos detentos;<\/span><\/p>\n<p><span style=\"color: #000000;\">\u00a0\u00a0\u00a0\u00a0\u00a0\u00a0\u00a0\u00a0 V \u2013 planejar, formular, normatizar e executar a\u00e7\u00f5es, programas e projetos que visem assegurar a reinser\u00e7\u00e3o social do condenado;<\/span><\/p>\n<p><span style=\"color: #000000;\">\u00a0\u00a0\u00a0\u00a0\u00a0\u00a0\u00a0\u00a0 VI \u2013 planejar, coordenar, orientar, avaliar e executar programas, projetos e a\u00e7\u00f5es governamentais na \u00e1rea da administra\u00e7\u00e3o prisional e socioeducativa;<\/span><\/p>\n<p><span style=\"color: #000000;\">\u00a0\u00a0\u00a0\u00a0\u00a0\u00a0\u00a0\u00a0 VII \u2013 executar as decis\u00f5es de suspens\u00e3o de pena, liberdade condicional, gra\u00e7a, indulto e diretos dos condenados;<\/span><\/p>\n<p><span style=\"color: #000000;\">\u00a0\u00a0\u00a0\u00a0\u00a0\u00a0\u00a0\u00a0 VIII \u2013 planejar, formular, normatizar e executar a pol\u00edtica estadual de promo\u00e7\u00e3o e defesa dos direitos dos adolescentes infratores;<\/span><\/p>\n<p><span style=\"color: #000000;\">\u00a0\u00a0\u00a0\u00a0\u00a0\u00a0\u00a0\u00a0 IX \u2013 manter relacionamento institucional, em articula\u00e7\u00e3o com a PGE, com o Poder Judici\u00e1rio, o MPSC, a Ordem dos Advogados do Brasil (OAB) e a DPE\/SC, no que concerne \u00e0s compet\u00eancias da Secretaria;<\/span><\/p>\n<p><span style=\"color: #000000;\">\u00a0\u00a0\u00a0\u00a0\u00a0\u00a0\u00a0\u00a0 X \u2013 estabelecer parcerias com organismos p\u00fablicos e privados, nacionais e internacionais;<\/span><\/p>\n<p><span style=\"color: #000000;\">\u00a0\u00a0\u00a0\u00a0\u00a0\u00a0\u00a0\u00a0 XI \u2013 desenvolver e implantar projetos e programas de cursos de forma\u00e7\u00e3o, atualiza\u00e7\u00e3o e treinamento em servi\u00e7os para o pessoal do Sistema Prisional e do Sistema Socioeducativo, em todos os n\u00edveis; e<\/span><\/p>\n<p><span style=\"color: #000000;\">\u00a0\u00a0\u00a0\u00a0\u00a0\u00a0\u00a0\u00a0 XII \u2013 coordenar e executar programas e a\u00e7\u00f5es de prote\u00e7\u00e3o a v\u00edtimas e testemunhas amea\u00e7adas.<\/span><\/p>\n<h4 style=\"margin-right: 6.05pt; text-align: center; line-height: normal;\" align=\"center\"><\/h4>\n<p style=\"margin-right: 6.05pt; text-align: justify;\"><strong><span style=\"text-decoration: underline;\"><span style=\"color: windowtext; text-decoration: underline;\">Fundos da Secretaria de Estado de Justi\u00e7a e Reintegra\u00e7\u00e3o Social<\/span><\/span><\/strong><\/p>\n<p style=\"margin-right: 6.05pt; text-align: center;\" align=\"center\"><strong><span style=\"color: windowtext;\">Fundo Rotativo da Penitenci\u00e1ria Industrial de Joinville<\/span><\/strong><\/p>\n<p style=\"margin-right: 6.05pt; text-align: center;\" align=\"center\"><span style=\"font-size: 9pt; color: windowtext;\">Lei n\u00b0 5.455, de 29\/06\/1978, alterada pela Lei 11.167, de 05\/09\/1999<\/span><\/p>\n<p style=\"margin-right: 6.05pt; text-align: justify;\" align=\"center\"><span style=\"color: windowtext; text-align: justify; text-indent: 42.55pt;\">O Fundo Rotativo da Penitenci\u00e1ria Industrial de Joinville \u00e9 destinado \u00e0 aquisi\u00e7\u00e3o, transforma\u00e7\u00e3o e revenda de mercadorias e \u00e0 presta\u00e7\u00e3o de servi\u00e7os, bem como \u00e0 realiza\u00e7\u00e3o de despesas correntes e de capital.<\/span><\/p>\n<p style=\"margin-right: 6.05pt; text-align: center;\" align=\"center\"><strong><span style=\"color: windowtext;\">Fundo Rotativo da Penitenci\u00e1ria Sul<\/span><\/strong><\/p>\n<p style=\"margin-right: 6.05pt; text-align: center;\" align=\"center\"><span style=\"font-size: 9pt; color: windowtext;\">Lei n\u00b0 5.455, de 29\/06\/1978, alterada pela Lei 11.167, de 05\/09\/1999<\/span><\/p>\n<p style=\"margin-right: 6.05pt; text-align: justify;\" align=\"center\"><span style=\"color: windowtext; text-align: justify; text-indent: 42.55pt;\">O Fundo Rotativo da Penitenci\u00e1ria Sul \u00e9 destinado \u00e0 aquisi\u00e7\u00e3o, transforma\u00e7\u00e3o e revenda de mercadorias e \u00e0 presta\u00e7\u00e3o de servi\u00e7os, bem como \u00e0 realiza\u00e7\u00e3o de despesas correntes e de capital.<\/span><\/p>\n<p style=\"margin-right: 6.05pt; text-align: center;\" align=\"center\"><strong><span style=\"color: windowtext;\">Fundo Rotativo da Penitenci\u00e1ria de Curitibanos<\/span><\/strong><\/p>\n<p style=\"margin-right: 6.05pt; text-align: center;\" align=\"center\"><span style=\"font-size: 9pt; color: windowtext;\">Lei n\u00b0 5.455, de 29\/06\/1978, alterada pela Lei 11.167, de 05\/09\/1999<\/span><\/p>\n<p style=\"margin-right: 6.05pt; text-align: justify;\" align=\"center\"><span style=\"color: windowtext; text-align: justify; text-indent: 42.55pt;\">O Fundo Rotativo da Penitenci\u00e1ria de Curitibanos \u00e9 destinado \u00e0 aquisi\u00e7\u00e3o, transforma\u00e7\u00e3o e revenda de mercadorias e \u00e0 presta\u00e7\u00e3o de servi\u00e7os, bem como \u00e0 realiza\u00e7\u00e3o de despesas correntes e de capital.<\/span><\/p>\n<p style=\"margin-right: 6.05pt; text-align: center;\"><strong style=\"text-align: center;\"><span style=\"color: windowtext;\">Fundo Rotativo da Penitenci\u00e1ria de Florian\u00f3polis<\/span><\/strong><\/p>\n<p style=\"margin-right: 6.05pt; text-align: center;\" align=\"center\"><span style=\"font-size: 9pt; color: windowtext;\">Lei n\u00b0 5.455, de 29\/06\/1978, alterada pela Lei 11.167, de 05\/09\/1999<\/span><\/p>\n<p style=\"margin-right: 6.05pt; text-align: justify;\" align=\"center\"><span style=\"color: windowtext; text-align: justify; text-indent: 42.55pt;\">O Fundo Rotativo da Penitenci\u00e1ria de Florian\u00f3polis \u00e9 destinado \u00e0 aquisi\u00e7\u00e3o, transforma\u00e7\u00e3o e revenda de mercadorias e \u00e0 presta\u00e7\u00e3o de servi\u00e7os, bem como \u00e0 realiza\u00e7\u00e3o de despesas correntes e de capital.<\/span><\/p>\n<p style=\"margin-right: 6.05pt; text-align: center;\"><strong style=\"text-align: center;\"><span style=\"color: windowtext;\">Fundo Rotativo da Penitenci\u00e1ria de Chapec\u00f3<\/span><\/strong><\/p>\n<p style=\"margin-right: 6.05pt; text-align: center;\" align=\"center\"><span style=\"font-size: 9pt; color: windowtext;\">Lei n\u00b0 5.455, de 29\/06\/1978, alterada pela Lei 11.167, de 05\/09\/1999<\/span><\/p>\n<p style=\"margin-right: 6.05pt; text-align: justify;\" align=\"center\"><span style=\"color: windowtext; text-align: justify; text-indent: 42.55pt;\">O Fundo Rotativo da Penitenci\u00e1ria de Chapec\u00f3 \u00e9 destinado \u00e0 aquisi\u00e7\u00e3o, transforma\u00e7\u00e3o e revenda de mercadorias e \u00e0 presta\u00e7\u00e3o de servi\u00e7os, bem como \u00e0 realiza\u00e7\u00e3o de despesas correntes e de capital.<\/span><\/p>\n<p style=\"margin-right: 6.05pt; text-align: center;\" align=\"center\"><strong><span style=\"color: windowtext;\">Fundo Penitenci\u00e1rio do Estado de Santa Catarina<\/span><\/strong><\/p>\n<p style=\"margin-right: 6.05pt; text-align: center;\" align=\"center\"><span style=\"font-size: 9pt; color: windowtext;\">Lei n\u00b0 10.220, de 24 de setembro de 1996, alterada pela Lei 11.776, de 04\/07\/2001<\/span><\/p>\n<p style=\"margin-right: 6.05pt; text-align: justify;\" align=\"center\"><span style=\"color: windowtext; text-align: justify; text-indent: 42.55pt;\">O Fundo Penitenci\u00e1rio do Estado de Santa Catarina tem por objetivo propiciar a realiza\u00e7\u00e3o de a\u00e7\u00f5es voltadas \u00e0 melhoria do Sistema Penitenci\u00e1rio Estadual e ao atendimento dos Adolescentes Autores de Ato Infracional.<\/span><\/p>\n<p style=\"margin-right: 6.05pt; text-align: center;\" align=\"center\"><strong><span style=\"color: windowtext;\">Fundo Rotativo do Complexo Penitenci\u00e1rio da Grande Florian\u00f3polis<\/span><\/strong><\/p>\n<p style=\"margin-right: 6.05pt; text-align: center;\" align=\"center\"><span style=\"font-size: 9pt; color: windowtext;\">Lei n\u00b0 5.455, de 29\/06\/1978, alterada pela Lei 11.167, de 05\/09\/1999<\/span><\/p>\n<p style=\"margin-right: 6.05pt; text-align: justify;\" align=\"center\"><span style=\"color: windowtext; text-align: justify; text-indent: 42.55pt;\">O Fundo Rotativo do Complexo Penitenci\u00e1rio da Grande Florian\u00f3polis \u00e9 destinado \u00e0 aquisi\u00e7\u00e3o, transforma\u00e7\u00e3o e revenda de mercadorias e \u00e0 presta\u00e7\u00e3o de servi\u00e7os, bem como \u00e0 realiza\u00e7\u00e3o de despesas correntes e de capital.<\/span><\/p>\n<p style=\"margin-right: 6.05pt; text-align: center;\" align=\"center\"><strong><span style=\"color: windowtext;\">Fundo Especial da Defensoria Dativa<\/span><\/strong><\/p>\n<p style=\"margin-right: 6.05pt; text-align: center;\" align=\"center\"><span style=\"font-size: 9pt; color: windowtext;\">Lei Complementar n\u00b0 391, de 18\/10\/2007 e Decreto Estadual n\u00b0 342, de 1\/7\/2011<\/span><\/p>\n<p style=\"margin-right: 6.05pt; text-align: justify;\" align=\"center\"><span style=\"font-size: 11pt;\">O Fundo Especial da Defensoria Dativa (FUNDEFEN) reunir\u00e1 os recursos financeiros destinados e indispens\u00e1veis ao pagamento dos servi\u00e7os prestados pelos advogados que exercem as fun\u00e7\u00f5es da Defensoria Dativa e Assist\u00eancia Judici\u00e1ria Gratuita, ap\u00f3s designa\u00e7\u00e3o pela autoridade judici\u00e1ria competente, e \u00e0s despesas decorrentes destes procedimentos, nos termos da<span style=\"background-image: initial; background-position: initial; background-repeat: initial; background-attachment: initial;\">Lei Complementar n<span class=\"apple-converted-space\">\u00a0 <\/span>155<\/span>, de 15 de abril de 1997.<span style=\"background-image: initial; background-position: initial; background-repeat: initial; background-attachment: initial;\"> Est\u00e3o inclusas nessas despesas, as decorrentes do gerenciamento e controle exercido p<\/span>ela S<span style=\"background-image: initial; background-position: initial; background-repeat: initial; background-attachment: initial;\">ecretaria de Estado da Justi\u00e7a e Cidadania para com a Defensoria Dativa e Assist\u00eancia Judici\u00e1ria Gratuita<\/span><\/span><span style=\"background-image: initial; background-position: initial; background-repeat: initial; background-attachment: initial;\">.<\/span><\/p>","protected":false},"excerpt":{"rendered":"<p>SECRETARIA DE ESTADO DE JUSTI\u00c7A E REINTEGRA\u00c7\u00c3O SOCIAL Lei complementar n\u00ba 741, de 12\/06\/2019 Se\u00e7ao II Da Secretaria de Estado de Justi\u00e7a e Reintegra\u00e7\u00e3o Social Art.30. \u00c0 SAP compete: \u00a0\u00a0\u00a0\u00a0\u00a0\u00a0\u00a0\u00a0 I \u2013 planejar, formular, normatizar e executar as pol\u00edticas p\u00fablicas para o sistema prisional do Estado; \u00a0\u00a0\u00a0\u00a0\u00a0\u00a0\u00a0\u00a0 II \u2013 implementar a pol\u00edtica estadual de atendimento [&hellip;]<\/p>\n","protected":false},"author":6,"featured_media":0,"parent":0,"menu_order":3,"comment_status":"closed","ping_status":"closed","template":"template-fullwidth.php","meta":{"_monsterinsights_skip_tracking":false,"_monsterinsights_sitenote_active":false,"_monsterinsights_sitenote_note":"","_monsterinsights_sitenote_category":0,"footnotes":"","_wp_rev_ctl_limit":""},"categories":[55],"tags":[],"publishpress_future_action":{"enabled":false,"date":"2026-04-12 14:22:26","action":"change-status","newStatus":"draft","terms":[],"taxonomy":"category"},"publishpress_future_workflow_manual_trigger":{"enabledWorkflows":[]},"_links":{"self":[{"href":"https:\/\/sap.sc.gov.br\/en\/wp-json\/wp\/v2\/pages\/1754"}],"collection":[{"href":"https:\/\/sap.sc.gov.br\/en\/wp-json\/wp\/v2\/pages"}],"about":[{"href":"https:\/\/sap.sc.gov.br\/en\/wp-json\/wp\/v2\/types\/page"}],"author":[{"embeddable":true,"href":"https:\/\/sap.sc.gov.br\/en\/wp-json\/wp\/v2\/users\/6"}],"replies":[{"embeddable":true,"href":"https:\/\/sap.sc.gov.br\/en\/wp-json\/wp\/v2\/comments?post=1754"}],"version-history":[{"count":0,"href":"https:\/\/sap.sc.gov.br\/en\/wp-json\/wp\/v2\/pages\/1754\/revisions"}],"wp:attachment":[{"href":"https:\/\/sap.sc.gov.br\/en\/wp-json\/wp\/v2\/media?parent=1754"}],"wp:term":[{"taxonomy":"category","embeddable":true,"href":"https:\/\/sap.sc.gov.br\/en\/wp-json\/wp\/v2\/categories?post=1754"},{"taxonomy":"post_tag","embeddable":true,"href":"https:\/\/sap.sc.gov.br\/en\/wp-json\/wp\/v2\/tags?post=1754"}],"curies":[{"name":"wp","href":"https:\/\/api.w.org\/{rel}","templated":true}]}}