{"id":17898,"date":"2024-04-18T16:13:31","date_gmt":"2024-04-18T19:13:31","guid":{"rendered":"https:\/\/sap-prod.apps.okd4.ciasc.sc.gov.br\/?page_id=17898"},"modified":"2026-04-14T11:05:29","modified_gmt":"2026-04-14T14:05:29","slug":"departamento-de-policia-penal","status":"publish","type":"page","link":"https:\/\/sap.sc.gov.br\/en\/departamento-de-policia-penal\/","title":{"rendered":"DEPARTAMENTO DE POL\u00cdCIA PENAL"},"content":{"rendered":"<h2>DEPARTAMENTO DE POL\u00cdCIA PENAL<\/h2>\n<p><strong>Pol\u00edcia Penal do Estado de Santa Catarina<\/strong><br \/>\n<a href=\"mailto:policiapenal@pp.sc.gov.br\">policiapenal@pp.sc.gov.br<\/a><\/p>\n<p><strong>Diretor-geral<\/strong><br \/>\nMaicon Ronald Alves<br \/>\n<a href=\"mailto:policiapenal@pp.sc.gov.br\">policiapenal@pp.sc.gov.br<\/a>\u00a0&#8211; (48) 3665-7310<\/p>\n<p><strong>Diretora-geral Adjunta<\/strong><br \/>\nSamira Lopes da Silva Cardoso<br \/>\n<a href=\"mailto:policiapenal@pp.sc.gov.br\">policiapenal@pp.sc.gov.br<\/a>\u00a0&#8211; (48) 3665-7337<\/p>\n<p><strong>Diretor do N\u00facleo de Seguran\u00e7a Institucional<\/strong><br \/>\nAnderson Eleno Vale Trindade<br \/>\n<a href=\"mailto:nsi@pp.sc.gov.br\">nsi@pp.sc.gov.br<\/a>\u00a0&#8211; (48) 3664-5804<\/p>\n<p><strong>Diretor do Protege<\/strong><br \/>\nMarcio Nascimento<br \/>\n<a href=\"mailto:protege@pp.sc.gov.br\">protege@pp.sc.gov.br<\/a>\u00a0&#8211; (48) 3665-9119<\/p>\n<p><strong>Coordenador de Ensino e Forma\u00e7\u00e3o<\/strong><br \/>\nAline Lucia Pfleger<br \/>\n<a href=\"mailto:senf@pp.sc.gov.br\">senf@pp.sc.gov.br<\/a>\u00a0&#8211; (48) 3665-7310<\/p>\n<p><strong>Coordenador\u00a0de Intelig\u00eancia<\/strong><br \/>\nGrasiela Aires Wilges<br \/>\n<a href=\"mailto:sint@pp.sc.gov.br\">sint@pp.sc.gov.br<\/a>\u00a0&#8211; (48) 3665-7310<\/p>\n<p><strong>Coordenador\u00a0de Orienta\u00e7\u00e3o e Corre\u00e7\u00e3o<\/strong><br \/>\nRafael Visentainer Adami<br \/>\n<a href=\"mailto:seoc@pp.sc.gov.br\">seoc@pp.sc.gov.br<\/a>\u00a0&#8211; (48) 3665-7310<\/p>\n<p><strong>Coordenador\u00a0de Apoio, Sa\u00fade e Aten\u00e7\u00e3o Psicossocial<\/strong><br \/>\nCaroline Aquino Hubler<br \/>\n<a href=\"mailto:seapi@pp.sc.gov.br\">seapi@pp.sc.gov.br<\/a>\u00a0&#8211; (48) 3665-7334<\/p>\n<p><strong>Coordenador\u00a0de Controles de Vagas<\/strong><br \/>\nHumberto Morazzi Vieira<br \/>\n<a href=\"mailto:secon@pp.sc.gov.br\">secon@pp.sc.gov.br<\/a>\u00a0&#8211; (48) 3665-7350<\/p>\n<p><strong>Coordenador\u00a0de Desenvolvimento Educacional<\/strong><br \/>\nJosiane Maria Melo da Rosa<br \/>\n<a href=\"mailto:seduc@pp.sc.gov.br\">seduc@pp.sc.gov.br<\/a>\u00a0&#8211; (48) 3665-7321<\/p>\n<p><strong>Coordenador\u00a0de Execu\u00e7\u00e3o Penal<\/strong><br \/>\nBruna Roberta Wessner Longen<br \/>\n<a href=\"mailto:sepen@pp.sc.gov.br\">sepen@pp.sc.gov.br<\/a>\u00a0&#8211; (48) 3665-7353<\/p>\n<p><strong>Coordenador\u00a0de Informa\u00e7\u00e3o, Dados e Estat\u00edstica<\/strong><br \/>\nRubens Ramos<br \/>\n<a href=\"mailto:seid@pp.sc.gov.br\">seid@pp.sc.gov.br<\/a>\u00a0&#8211; (48) 3665-7332<\/p>\n<p><strong>Coordenador\u00a0de Penas Alternativas e Apoio ao Egresso<\/strong><br \/>\nTito Augusto da Silva<br \/>\n<a href=\"mailto:sepae@pp.sc.gov.br\">sepae@pp.sc.gov.br<\/a>\u00a0&#8211; (48) 3664-5788<\/p>\n<p><strong>Coordenador\u00a0de Promo\u00e7\u00e3o Social<\/strong><br \/>\nSilvia Cantarino Rocha dos Santos<br \/>\n<a href=\"mailto:seps@pp.sc.gov.br\">seps@pp.sc.gov.br<\/a>\u00a0&#8211; (48) 3665-7312<\/p>\n<p><strong>Coordenador\u00a0de Trabalho e Renda<\/strong><br \/>\nFabio Roberto Ramos<br \/>\n<a href=\"mailto:setrab@pp.sc.gov.br\">setrab@pp.sc.gov.br<\/a>\u00a0&#8211; (48) 3665-7314<\/p>\n<p><strong>Diretor de Seguran\u00e7a e Opera\u00e7\u00f5es<\/strong><br \/>\nTiago Aislan Cavalheiro<br \/>\n<a href=\"mailto:seop@pp.sc.gov.br\">seop@pp.sc.gov.br<\/a>\u00a0&#8211; (48) 3665-7361<\/p>\n<p><strong>Diretor da Divis\u00e3o de Opera\u00e7\u00f5es com C\u00e3es<\/strong><br \/>\nVolnei dos Santos Vasconcelos<br \/>\n<a href=\"mailto:doc@pp.sc.gov.br\">doc@pp.sc.gov.br<\/a>\u00a0&#8211; (48) 3665-7310<\/p>\n<p><strong>Diretor do Grupamento de Opera\u00e7\u00f5es A\u00e9reas<\/strong><br \/>\nLeonardo Bitencourt dos Santos<br \/>\n<a href=\"mailto:goa@pp.sc.gov.br\">goa@pp.sc.gov.br<\/a>\u00a0&#8211; (48) 3664-5795<\/p>\n<p><strong>Diretor do Grupo T\u00e1tico de Interven\u00e7\u00e3o<\/strong><br \/>\nRobson Pereira Carpes<br \/>\n<a href=\"mailto:gti@pp.sc.gov.br\">gti@pp.sc.gov.br<\/a>\u00a0&#8211; (48) 3378-0261<\/p>\n<p><strong>Diretor do Servi\u00e7o de Opera\u00e7\u00f5es de Escolta<\/strong><br \/>\nJaison Jos\u00e9 Bernardo<br \/>\n<a href=\"mailto:soe@pp.sc.gov.br\">soe@pp.sc.gov.br<\/a> &#8211; (48) 3664-2699<\/p>\n<p><strong>Unidade de Monitoramento Eletr\u00f4nico<\/strong><br \/>\nGustavo Costa Vieira<br \/>\n<a href=\"mailto:ume@pp.sc.gov.br\">ume@pp.sc.gov.br<\/a>\u00a0&#8211; (48) 3665-7319<\/p>\n<p><strong>Diretor de Busca e Recaptura<\/strong><br \/>\nRafael Zaba Caetano<br \/>\n<a href=\"mailto:recap@pp.sc.gov.br\">recap@pp.sc.gov.br<\/a> &#8211; (48) 3664-5500<\/p>","protected":false},"excerpt":{"rendered":"<p>DEPARTAMENTO DE POL\u00cdCIA PENAL Pol\u00edcia Penal do Estado de Santa Catarina policiapenal@pp.sc.gov.br Diretor-geral Maicon Ronald Alves policiapenal@pp.sc.gov.br\u00a0&#8211; (48) 3665-7310 Diretora-geral Adjunta Samira Lopes da Silva Cardoso policiapenal@pp.sc.gov.br\u00a0&#8211; (48) 3665-7337 Diretor do N\u00facleo de Seguran\u00e7a Institucional Anderson Eleno Vale Trindade nsi@pp.sc.gov.br\u00a0&#8211; (48) 3664-5804 Diretor do Protege Marcio Nascimento protege@pp.sc.gov.br\u00a0&#8211; (48) 3665-9119 Coordenador de Ensino e Forma\u00e7\u00e3o [&hellip;]<\/p>\n","protected":false},"author":9,"featured_media":0,"parent":0,"menu_order":0,"comment_status":"closed","ping_status":"closed","template":"","meta":{"_monsterinsights_skip_tracking":false,"_monsterinsights_sitenote_active":false,"_monsterinsights_sitenote_note":"","_monsterinsights_sitenote_category":0,"footnotes":"","_wp_rev_ctl_limit":""},"categories":[45,68],"tags":[],"publishpress_future_action":{"enabled":false,"date":"2026-04-24 13:51:30","action":"change-status","newStatus":"draft","terms":[],"taxonomy":"category"},"publishpress_future_workflow_manual_trigger":{"enabledWorkflows":[]},"_links":{"self":[{"href":"https:\/\/sap.sc.gov.br\/en\/wp-json\/wp\/v2\/pages\/17898"}],"collection":[{"href":"https:\/\/sap.sc.gov.br\/en\/wp-json\/wp\/v2\/pages"}],"about":[{"href":"https:\/\/sap.sc.gov.br\/en\/wp-json\/wp\/v2\/types\/page"}],"author":[{"embeddable":true,"href":"https:\/\/sap.sc.gov.br\/en\/wp-json\/wp\/v2\/users\/9"}],"replies":[{"embeddable":true,"href":"https:\/\/sap.sc.gov.br\/en\/wp-json\/wp\/v2\/comments?post=17898"}],"version-history":[{"count":2,"href":"https:\/\/sap.sc.gov.br\/en\/wp-json\/wp\/v2\/pages\/17898\/revisions"}],"predecessor-version":[{"id":24527,"href":"https:\/\/sap.sc.gov.br\/en\/wp-json\/wp\/v2\/pages\/17898\/revisions\/24527"}],"wp:attachment":[{"href":"https:\/\/sap.sc.gov.br\/en\/wp-json\/wp\/v2\/media?parent=17898"}],"wp:term":[{"taxonomy":"category","embeddable":true,"href":"https:\/\/sap.sc.gov.br\/en\/wp-json\/wp\/v2\/categories?post=17898"},{"taxonomy":"post_tag","embeddable":true,"href":"https:\/\/sap.sc.gov.br\/en\/wp-json\/wp\/v2\/tags?post=17898"}],"curies":[{"name":"wp","href":"https:\/\/api.w.org\/{rel}","templated":true}]}}