{"id":18019,"date":"2024-04-19T10:45:57","date_gmt":"2024-04-19T13:45:57","guid":{"rendered":"https:\/\/sap-prod.apps.okd4.ciasc.sc.gov.br\/?page_id=18019"},"modified":"2025-01-27T11:19:27","modified_gmt":"2025-01-27T14:19:27","slug":"legislacao","status":"publish","type":"page","link":"https:\/\/sap.sc.gov.br\/en\/legislacao\/","title":{"rendered":"Legisla\u00e7\u00e3o"},"content":{"rendered":"<div data-elementor-type=\"wp-page\" data-elementor-id=\"18019\" class=\"elementor elementor-18019\" data-elementor-settings=\"{&quot;ha_cmc_init_switcher&quot;:&quot;no&quot;}\">\n\t\t\t\t<div class=\"elementor-element elementor-element-2376b61 e-flex e-con-boxed e-con e-parent\" data-id=\"2376b61\" data-element_type=\"container\" data-settings=\"{&quot;_ha_eqh_enable&quot;:false}\">\n\t\t\t\t\t<div class=\"e-con-inner\">\n\t\t\t\t<div class=\"elementor-element elementor-element-2d2ebdc elementor-widget elementor-widget-heading\" data-id=\"2d2ebdc\" data-element_type=\"widget\" data-widget_type=\"heading.default\">\n\t\t\t\t<div class=\"elementor-widget-container\">\n\t\t\t\t\t<h2 class=\"elementor-heading-title elementor-size-default\">N\u00daCLEO DE NORMAS<\/h2>\t\t\t\t<\/div>\n\t\t\t\t<\/div>\n\t\t\t\t\t<\/div>\n\t\t\t\t<\/div>\n\t\t<div class=\"elementor-element elementor-element-d6c8ba7 e-flex e-con-boxed e-con e-parent\" data-id=\"d6c8ba7\" data-element_type=\"container\" data-settings=\"{&quot;_ha_eqh_enable&quot;:false}\">\n\t\t\t\t\t<div class=\"e-con-inner\">\n\t\t\t\t<div class=\"elementor-element elementor-element-a1506e7 elementor-widget elementor-widget-text-editor\" data-id=\"a1506e7\" data-element_type=\"widget\" data-widget_type=\"text-editor.default\">\n\t\t\t\t<div class=\"elementor-widget-container\">\n\t\t\t\t\t\t\t\t\t<h1>LEGISLA\u00c7\u00c3O<\/h1>\t\t\t\t\t\t\t\t<\/div>\n\t\t\t\t<\/div>\n\t\t\t\t\t<\/div>\n\t\t\t\t<\/div>\n\t\t<div class=\"elementor-element elementor-element-73154c6 e-flex e-con-boxed e-con e-parent\" data-id=\"73154c6\" data-element_type=\"container\" data-settings=\"{&quot;_ha_eqh_enable&quot;:false}\">\n\t\t\t\t\t<div class=\"e-con-inner\">\n\t\t\t\t<div class=\"elementor-element elementor-element-3ae2cb8 elementor-widget__width-initial elementor-widget-mobile__width-initial elementor-widget-tablet_extra__width-initial elementor-widget elementor-widget-sina_content_box\" data-id=\"3ae2cb8\" data-element_type=\"widget\" data-widget_type=\"sina_content_box.default\">\n\t\t\t\t<div class=\"elementor-widget-container\">\n\t\t\t\t\t\t\t<div class=\"sina-content-box clearfix sina-content-box-zoom\">\r\n\r\n\t\t\t\t\t\t\t<a class=\"sina-content-box-linkable\"\r\n\t\t\t\thref=\"https:\/\/sejuri.sc.gov.br\/legislacoes-centrais-sap\/\"\r\n\t\t\t\t\t\t\t\t><\/a>\r\n\t\t\t\r\n\t\t\t\r\n\t\t\t\t\t\t\t\t\t\t\t\t\t\t<div class=\"sina-content-box-icon\">\r\n\t\t\t\t\t\t\t<i class=\"icofont icofont-university\"><\/i>\r\n\t\t\t\t\t\t<\/div>\r\n\t\t\t\t\t\r\n\t\t\t\t\t<div class=\"sina-content-box-content\">\r\n\t\t\t\t\t\t\t\t\t\t\t\t\t<h3 class=\"sina-content-box-title\">\r\n\t\t\t\t\t\t\t\t\t\t\t\t\t\t\t\t\t<a href=\"https:\/\/sejuri.sc.gov.br\/legislacoes-centrais-sap\/\"\r\n\t\t\t\t\t\t\t\t\t\t\t\t\t\t\t\t\t\t\t\t>\r\n\t\t\t\t\t\t\t\t\t\tLEGISLA\u00c7\u00d5ES E NORMATIVAS CENTRAIS DA SEJURI\t\t\t\t\t\t\t\t\t<\/a>\r\n\t\t\t\t\t\t\t\t\t\t\t\t\t\t\t<\/h3>\r\n\t\t\t\t\t\t\r\n\t\t\t\t\t\t\r\n\t\t\t\t\t\t\t\t\t\t\t<\/div>\r\n\t\t\t\t\t<\/div><!-- .sina-content-box -->\r\n\t\t\t\t\t\t<\/div>\n\t\t\t\t<\/div>\n\t\t\t\t<div class=\"elementor-element elementor-element-b34240f elementor-widget__width-initial elementor-widget-mobile__width-initial elementor-widget-tablet_extra__width-initial elementor-widget elementor-widget-sina_content_box\" data-id=\"b34240f\" data-element_type=\"widget\" data-widget_type=\"sina_content_box.default\">\n\t\t\t\t<div class=\"elementor-widget-container\">\n\t\t\t\t\t\t\t<div class=\"sina-content-box clearfix sina-content-box-zoom\">\r\n\r\n\t\t\t\t\t\t\t<a class=\"sina-content-box-linkable\"\r\n\t\t\t\thref=\"https:\/\/sejuri.sc.gov.br\/legislacoes-por-tema\/\"\r\n\t\t\t\t\t\t\t\t><\/a>\r\n\t\t\t\r\n\t\t\t\r\n\t\t\t\t\t\t\t\t\t\t\t\t\t\t<div class=\"sina-content-box-icon\">\r\n\t\t\t\t\t\t\t<i class=\"icofont icofont-listine-dots\"><\/i>\r\n\t\t\t\t\t\t<\/div>\r\n\t\t\t\t\t\r\n\t\t\t\t\t<div class=\"sina-content-box-content\">\r\n\t\t\t\t\t\t\t\t\t\t\t\t\t<h3 class=\"sina-content-box-title\">\r\n\t\t\t\t\t\t\t\t\t\t\t\t\t\t\t\t\t<a href=\"https:\/\/sejuri.sc.gov.br\/legislacoes-por-tema\/\"\r\n\t\t\t\t\t\t\t\t\t\t\t\t\t\t\t\t\t\t\t\t>\r\n\t\t\t\t\t\t\t\t\t\tLEGISLA\u00c7\u00d5ES POR TEMA\t\t\t\t\t\t\t\t\t<\/a>\r\n\t\t\t\t\t\t\t\t\t\t\t\t\t\t\t<\/h3>\r\n\t\t\t\t\t\t\r\n\t\t\t\t\t\t\r\n\t\t\t\t\t\t\t\t\t\t\t<\/div>\r\n\t\t\t\t\t<\/div><!-- .sina-content-box -->\r\n\t\t\t\t\t\t<\/div>\n\t\t\t\t<\/div>\n\t\t\t\t\t<\/div>\n\t\t\t\t<\/div>\n\t\t<div class=\"elementor-element elementor-element-81a5be5 e-flex e-con-boxed e-con e-parent\" data-id=\"81a5be5\" data-element_type=\"container\" data-settings=\"{&quot;_ha_eqh_enable&quot;:false}\">\n\t\t\t\t\t<div class=\"e-con-inner\">\n\t\t\t\t\t<\/div>\n\t\t\t\t<\/div>\n\t\t\t\t<\/div>","protected":false},"excerpt":{"rendered":"<p>N\u00daCLEO DE NORMAS LEGISLA\u00c7\u00c3O LEGISLA\u00c7\u00d5ES E NORMATIVAS CENTRAIS DA SEJURI LEGISLA\u00c7\u00d5ES POR TEMA<\/p>","protected":false},"author":9,"featured_media":0,"parent":0,"menu_order":0,"comment_status":"closed","ping_status":"closed","template":"template-fullwidth.php","meta":{"_monsterinsights_skip_tracking":false,"_monsterinsights_sitenote_active":false,"_monsterinsights_sitenote_note":"","_monsterinsights_sitenote_category":0,"footnotes":"","_wp_rev_ctl_limit":""},"categories":[1255],"tags":[],"publishpress_future_action":{"enabled":false,"date":"2026-04-24 12:50:38","action":"change-status","newStatus":"draft","terms":[],"taxonomy":"category"},"publishpress_future_workflow_manual_trigger":{"enabledWorkflows":[]},"_links":{"self":[{"href":"https:\/\/sap.sc.gov.br\/en\/wp-json\/wp\/v2\/pages\/18019"}],"collection":[{"href":"https:\/\/sap.sc.gov.br\/en\/wp-json\/wp\/v2\/pages"}],"about":[{"href":"https:\/\/sap.sc.gov.br\/en\/wp-json\/wp\/v2\/types\/page"}],"author":[{"embeddable":true,"href":"https:\/\/sap.sc.gov.br\/en\/wp-json\/wp\/v2\/users\/9"}],"replies":[{"embeddable":true,"href":"https:\/\/sap.sc.gov.br\/en\/wp-json\/wp\/v2\/comments?post=18019"}],"version-history":[{"count":0,"href":"https:\/\/sap.sc.gov.br\/en\/wp-json\/wp\/v2\/pages\/18019\/revisions"}],"wp:attachment":[{"href":"https:\/\/sap.sc.gov.br\/en\/wp-json\/wp\/v2\/media?parent=18019"}],"wp:term":[{"taxonomy":"category","embeddable":true,"href":"https:\/\/sap.sc.gov.br\/en\/wp-json\/wp\/v2\/categories?post=18019"},{"taxonomy":"post_tag","embeddable":true,"href":"https:\/\/sap.sc.gov.br\/en\/wp-json\/wp\/v2\/tags?post=18019"}],"curies":[{"name":"wp","href":"https:\/\/api.w.org\/{rel}","templated":true}]}}