{"id":1821,"date":"2018-02-26T14:15:51","date_gmt":"2018-02-26T17:15:51","guid":{"rendered":"http:\/\/websap2023.intranet.ciasc.gov.br\/gabinete-do-secretario\/"},"modified":"2025-08-21T15:09:13","modified_gmt":"2025-08-21T18:09:13","slug":"gabinete-do-secretario","status":"publish","type":"page","link":"https:\/\/sap.sc.gov.br\/en\/gabinete-do-secretario\/","title":{"rendered":"GABINETE DO SECRET\u00c1RIO"},"content":{"rendered":"<h2>GABINETE DA SECRET\u00c1RIA<\/h2>\n<p><strong>Secret\u00e1ria de Estado de Justi\u00e7a e Reintegra\u00e7\u00e3o Social<\/strong><br \/>\nDanielle Amorim Silva<br \/>\n<a href=\"mailto:secretaria@sejuri.sc.gov.br\">secretaria@sejuri.sc.gov.br<\/a> &#8211; (48) 3664-5806<\/p>\n<p><strong>Coordenador de Controle Interno e Ouvidoria<\/strong><br \/>\nFrederico Tadeu da Silva<br \/>\n<span id=\"cloak97048\"><a href=\"mailto:ciouv@sejuri.sc.gov.br\">ciouv@sejuri.sc.gov.br<\/a><\/span> &#8211; (48) 3664-5811<\/p>\n<p><strong>Secret\u00e1ria do Conselho Penitenci\u00e1rio<\/strong><br \/>\nDamaris Giusti<br \/>\n<a href=\"mailto:copen@sejuri.sc.gov.br\">copen@sejuri.sc.gov.br<\/a> &#8211; (48) 3665-9317<\/p>\n<p><strong>Assessoria de Comunica\u00e7\u00e3o<\/strong><br \/>\nBruna Andrett<strong><br \/>\n<\/strong><a href=\"mailto:ascom@sejuri.sc.gov.br\">ascom@sejuri.sc.gov.br<\/a> &#8211; (48) 3664-5810<\/p>\n<p><strong>Consultor Executivo<\/strong><br \/>\nRhenan Augusto Zimermann<strong><br \/>\n<\/strong><a href=\"mailto:cojur@sejuri.sc.gov.br\">cojur@sejuri.sc.gov.br<\/a> &#8211; (48) 3664-5910<\/p>","protected":false},"excerpt":{"rendered":"<p>GABINETE DA SECRET\u00c1RIA Secret\u00e1ria de Estado de Justi\u00e7a e Reintegra\u00e7\u00e3o Social Danielle Amorim Silva secretaria@sejuri.sc.gov.br &#8211; (48) 3664-5806 Coordenador de Controle Interno e Ouvidoria Frederico Tadeu da Silva ciouv@sejuri.sc.gov.br &#8211; (48) 3664-5811 Secret\u00e1ria do Conselho Penitenci\u00e1rio Damaris Giusti copen@sejuri.sc.gov.br &#8211; (48) 3665-9317 Assessoria de Comunica\u00e7\u00e3o Bruna Andrett ascom@sejuri.sc.gov.br &#8211; (48) 3664-5810 Consultor Executivo Rhenan Augusto [&hellip;]<\/p>\n","protected":false},"author":6,"featured_media":0,"parent":0,"menu_order":8,"comment_status":"closed","ping_status":"closed","template":"template-fullwidth.php","meta":{"_monsterinsights_skip_tracking":false,"_monsterinsights_sitenote_active":false,"_monsterinsights_sitenote_note":"","_monsterinsights_sitenote_category":0,"footnotes":"","_wp_rev_ctl_limit":""},"categories":[68],"tags":[],"publishpress_future_action":{"enabled":false,"date":"2026-04-16 07:05:37","action":"change-status","newStatus":"draft","terms":[],"taxonomy":"category"},"publishpress_future_workflow_manual_trigger":{"enabledWorkflows":[]},"_links":{"self":[{"href":"https:\/\/sap.sc.gov.br\/en\/wp-json\/wp\/v2\/pages\/1821"}],"collection":[{"href":"https:\/\/sap.sc.gov.br\/en\/wp-json\/wp\/v2\/pages"}],"about":[{"href":"https:\/\/sap.sc.gov.br\/en\/wp-json\/wp\/v2\/types\/page"}],"author":[{"embeddable":true,"href":"https:\/\/sap.sc.gov.br\/en\/wp-json\/wp\/v2\/users\/6"}],"replies":[{"embeddable":true,"href":"https:\/\/sap.sc.gov.br\/en\/wp-json\/wp\/v2\/comments?post=1821"}],"version-history":[{"count":0,"href":"https:\/\/sap.sc.gov.br\/en\/wp-json\/wp\/v2\/pages\/1821\/revisions"}],"wp:attachment":[{"href":"https:\/\/sap.sc.gov.br\/en\/wp-json\/wp\/v2\/media?parent=1821"}],"wp:term":[{"taxonomy":"category","embeddable":true,"href":"https:\/\/sap.sc.gov.br\/en\/wp-json\/wp\/v2\/categories?post=1821"},{"taxonomy":"post_tag","embeddable":true,"href":"https:\/\/sap.sc.gov.br\/en\/wp-json\/wp\/v2\/tags?post=1821"}],"curies":[{"name":"wp","href":"https:\/\/api.w.org\/{rel}","templated":true}]}}