{"id":1826,"date":"2018-03-20T16:28:37","date_gmt":"2018-03-20T19:28:37","guid":{"rendered":"http:\/\/websap2023.intranet.ciasc.gov.br\/departamento-de-administracao-socioeducativa\/"},"modified":"2026-04-06T17:44:13","modified_gmt":"2026-04-06T20:44:13","slug":"departamento-de-administracao-socioeducativa","status":"publish","type":"page","link":"https:\/\/sap.sc.gov.br\/en\/departamento-de-administracao-socioeducativa\/","title":{"rendered":"DEPARTAMENTO DE ADMINISTRA\u00c7\u00c3O SOCIOEDUCATIVA"},"content":{"rendered":"<h2>DEPARTAMENTO DE ADMINISTRA\u00c7\u00c3O SOCIOEDUCATIVA<\/h2>\n<p><strong>Departamento de Administra\u00e7\u00e3o Socioeducativa<\/strong><br \/>\n<a href=\"mailto:dease@dease.sc.gov.br\"><span id=\"cloak27710\">dease@dease.sc.gov.br<\/span><\/a>\u00a0&#8211; (48) 3664-5775<\/p>\n<p><strong>Diretor-Geral do Departamento de Administra\u00e7\u00e3o Socioeducativa<\/strong><br \/>\nMatheus Furtado<br \/>\n<a href=\"mailto:dgds@dease.sc.gov.br\"><span id=\"cloak27710\">dgds@dease.sc.gov.br<\/span><\/a>\u00a0&#8211; (48) 3664-5776<\/p>\n<p><strong>Diretor-Geral Adjunto do Departamento de Administra\u00e7\u00e3o Socioeducativa<\/strong><br \/>\nRodrigo Wagner<br \/>\n<a href=\"mailto:dgads@dease.sc.gov.br\"><span id=\"cloak27710\">dgads@dease.sc.gov.br<\/span><\/a>\u00a0&#8211; (48) 3664-5798<\/p>\n<p><strong>Coordenador Psicossocial e Sa\u00fade<\/strong><br \/>\nJefferson\u00a0Denardi Nunes<br \/>\n<a href=\"mailto:sps@dease.sc.gov.br\"><span id=\"cloak27710\">sps@dease.sc.gov.br<\/span><\/a> &#8211; (48) 3664-5914<\/p>\n<p><strong>Coordenador de Vagas<\/strong><br \/>\nGeorge Lu\u00eds Emmert Uez<br \/>\n<a href=\"mailto:suv@dease.sc.gov.br\"><span id=\"cloak27710\">suv@dease.sc.gov.br<\/span><\/a>\u00a0&#8211; (48) 3664-5918<\/p>\n<p><strong>Coordenador de Medida Socioeducativa<\/strong><br \/>\nEvelise Concei\u00e7\u00e3o Machado<br \/>\n<span id=\"cloak27710\"><a href=\"mailto:sms@dease.sc.gov.br\">sms@dease.sc.gov.br<\/a><\/span>\u00a0&#8211; (48) 3664-5777<\/p>\n<p><strong>Coordenador de Educa\u00e7\u00e3o e Profissionaliza\u00e7\u00e3o<\/strong><br \/>\nGilda Maria Santos do Carmo<br \/>\n<a href=\"mailto:sep@dease.sc.gov.br\"><span id=\"cloak27710\">sep@dease.sc.gov.br<\/span><\/a> &#8211; (48) 3664-5784<\/p>\n<p><strong>Coordenador de Seguran\u00e7a Socioeducativa<\/strong><br \/>\nWillian Roberto da Rocha<br \/>\n<a href=\"mailto:sseg@dease.sc.gov.br\"><span id=\"cloak27710\">sseg@dease.sc.gov.br<\/span><\/a> &#8211; (48) 3664-5816\/ (48) 36659235<\/p>\n<p><strong>Coordenador de Escolta Socioeducativa<\/strong><br \/>\nElton Salvador<br \/>\n<a href=\"mailto:dgaese@dease.sc.gov.br\"><span id=\"cloak27710\">dgaese@dease.sc.gov.br<\/span><\/a> &#8211; (48) 3664-5816<\/p>\n<p><strong>Coordenador de Interven\u00e7\u00e3o Socioeducativa<\/strong><br \/>\nDemian Ribeiro Hristov<br \/>\n<a href=\"mailto:dint@dease.sc.gov.br\"><span id=\"cloak27710\">dint@dease.sc.gov.br<\/span><\/a> &#8211; (48) 3665-9235<\/p>\n<p><strong>Coordenador do Sistema de Informa\u00e7\u00f5es Socioeducativo<\/strong><br \/>\nRichard Monteiro Pigatto<br \/>\n<a href=\"mailto:sise@dease.sc.gov.br\"><span id=\"cloak27710\">sise@dease.sc.gov.br<\/span><\/a> &#8211; (48) 3664-5774<\/p>","protected":false},"excerpt":{"rendered":"<p>DEPARTAMENTO DE ADMINISTRA\u00c7\u00c3O SOCIOEDUCATIVA Departamento de Administra\u00e7\u00e3o Socioeducativa dease@dease.sc.gov.br\u00a0&#8211; (48) 3664-5775 Diretor-Geral do Departamento de Administra\u00e7\u00e3o Socioeducativa Matheus Furtado dgds@dease.sc.gov.br\u00a0&#8211; (48) 3664-5776 Diretor-Geral Adjunto do Departamento de Administra\u00e7\u00e3o Socioeducativa Rodrigo Wagner dgads@dease.sc.gov.br\u00a0&#8211; (48) 3664-5798 Coordenador Psicossocial e Sa\u00fade Jefferson\u00a0Denardi Nunes sps@dease.sc.gov.br &#8211; (48) 3664-5914 Coordenador de Vagas George Lu\u00eds Emmert Uez suv@dease.sc.gov.br\u00a0&#8211; (48) 3664-5918 Coordenador [&hellip;]<\/p>\n","protected":false},"author":6,"featured_media":0,"parent":0,"menu_order":3,"comment_status":"closed","ping_status":"closed","template":"template-fullwidth.php","meta":{"_monsterinsights_skip_tracking":false,"_monsterinsights_sitenote_active":false,"_monsterinsights_sitenote_note":"","_monsterinsights_sitenote_category":0,"footnotes":"","_wp_rev_ctl_limit":""},"categories":[68],"tags":[],"publishpress_future_action":{"enabled":false,"date":"2026-05-02 20:05:24","action":"change-status","newStatus":"draft","terms":[],"taxonomy":"category"},"publishpress_future_workflow_manual_trigger":{"enabledWorkflows":[]},"_links":{"self":[{"href":"https:\/\/sap.sc.gov.br\/en\/wp-json\/wp\/v2\/pages\/1826"}],"collection":[{"href":"https:\/\/sap.sc.gov.br\/en\/wp-json\/wp\/v2\/pages"}],"about":[{"href":"https:\/\/sap.sc.gov.br\/en\/wp-json\/wp\/v2\/types\/page"}],"author":[{"embeddable":true,"href":"https:\/\/sap.sc.gov.br\/en\/wp-json\/wp\/v2\/users\/6"}],"replies":[{"embeddable":true,"href":"https:\/\/sap.sc.gov.br\/en\/wp-json\/wp\/v2\/comments?post=1826"}],"version-history":[{"count":2,"href":"https:\/\/sap.sc.gov.br\/en\/wp-json\/wp\/v2\/pages\/1826\/revisions"}],"predecessor-version":[{"id":24483,"href":"https:\/\/sap.sc.gov.br\/en\/wp-json\/wp\/v2\/pages\/1826\/revisions\/24483"}],"wp:attachment":[{"href":"https:\/\/sap.sc.gov.br\/en\/wp-json\/wp\/v2\/media?parent=1826"}],"wp:term":[{"taxonomy":"category","embeddable":true,"href":"https:\/\/sap.sc.gov.br\/en\/wp-json\/wp\/v2\/categories?post=1826"},{"taxonomy":"post_tag","embeddable":true,"href":"https:\/\/sap.sc.gov.br\/en\/wp-json\/wp\/v2\/tags?post=1826"}],"curies":[{"name":"wp","href":"https:\/\/api.w.org\/{rel}","templated":true}]}}