{"id":1827,"date":"2018-03-20T16:29:02","date_gmt":"2018-03-20T19:29:02","guid":{"rendered":"http:\/\/websap2023.intranet.ciasc.gov.br\/departamento-de-administracao-prisional\/"},"modified":"2025-09-25T10:26:24","modified_gmt":"2025-09-25T13:26:24","slug":"departamento-de-administracao-prisional","status":"publish","type":"page","link":"https:\/\/sap.sc.gov.br\/en\/departamento-de-administracao-prisional\/","title":{"rendered":"DIRETORIA DA ACADEMIA DE ADMINISTRA\u00c7\u00c3O PRISIONAL E SOCIOEDUCATIVA"},"content":{"rendered":"<h2>DIRETORIA DA ACADEMIA DE ADMINISTRA\u00c7\u00c3O PRISIONAL E SOCIOEDUCATIVA<\/h2>\n<p><strong>Academia de Administra\u00e7\u00e3o Prisional e Socioeducativa<\/strong><br \/>\n<a href=\"mailto:acaps@acaps.sc.gov.br\">acaps@acaps.sc.gov.br <\/a>&#8211; (48) 3665-9093 e (48) 3665-9097<\/p>\n<p><strong>Diretor da Academia de Administra\u00e7\u00e3o Prisional e Socioeducativa<\/strong><br \/>\nKlaus da Silva<br \/>\n<a href=\"mailto:acaps@acaps.sc.gov.br\">acaps@acaps.sc.gov.br<\/a> &#8211; (48)\u00a0 3665-9101<\/p>\n<p><strong>Gerente de Ensino e Forma\u00e7\u00e3o<\/strong><br \/>\nGisele Gon\u00e7alves Vilela Marques Pinto<br \/>\n<a href=\"mailto:gef@acaps.sc.gov.br\">gef@acaps.sc.gov.br<\/a> &#8211; (48) 3665-9095 e (48) 3665-9094<\/p>\n<p><strong>Gerente de Material B\u00e9lico<\/strong><br \/>\nKurt Lehrer Junior<br \/>\n<a href=\"mailto:gmb@acaps.sc.gov.br\">gmb@acaps.sc.gov.br<\/a> &#8211; (48) 3664-2762<\/p>\n<p><strong>Gerente de Apoio Operacional<\/strong><br \/>\nEverton Luiz de Oliveira Cardoso<br \/>\n<a href=\"mailto:gao@acaps.sc.gov.br\">gao@acaps.sc.gov.br<\/a> &#8211; (48) 3665-9100<\/p>\n<p><strong>Gerente de Recrutamento e Sele\u00e7\u00e3o<\/strong><br \/>\nJuliano de Souza<br \/>\n<a href=\"mailto:grs@acaps.sc.gov.br\">grs@acaps.sc.gov.br<\/a> &#8211; (48) 3665-9101<\/p>\n<p><strong>Gerente de Pesquisa e Extens\u00e3o<\/strong><br \/>\nLeandro Leite<br \/>\n<a href=\"mailto:gpe@acaps.sc.gov.br\">gpe@acaps.sc.gov.br<\/a> &#8211; (48)\u00a0 3665-9092<\/p>\n<p><strong>Gerente de Aperfei\u00e7oamento e Ensino a Dist\u00e2ncia<\/strong><br \/>\nRafael Fran\u00e7a Carmosino<br \/>\n<a href=\"mailto:gaed@acaps.sc.gov.br\">gaed@acaps.sc.gov.br<\/a> &#8211; (48) 3665-9102<\/p>","protected":false},"excerpt":{"rendered":"<p>DIRETORIA DA ACADEMIA DE ADMINISTRA\u00c7\u00c3O PRISIONAL E SOCIOEDUCATIVA Academia de Administra\u00e7\u00e3o Prisional e Socioeducativa acaps@acaps.sc.gov.br &#8211; (48) 3665-9093 e (48) 3665-9097 Diretor da Academia de Administra\u00e7\u00e3o Prisional e Socioeducativa Klaus da Silva acaps@acaps.sc.gov.br &#8211; (48)\u00a0 3665-9101 Gerente de Ensino e Forma\u00e7\u00e3o Gisele Gon\u00e7alves Vilela Marques Pinto gef@acaps.sc.gov.br &#8211; (48) 3665-9095 e (48) 3665-9094 Gerente de [&hellip;]<\/p>\n","protected":false},"author":6,"featured_media":0,"parent":0,"menu_order":4,"comment_status":"closed","ping_status":"closed","template":"template-fullwidth.php","meta":{"_monsterinsights_skip_tracking":false,"_monsterinsights_sitenote_active":false,"_monsterinsights_sitenote_note":"","_monsterinsights_sitenote_category":0,"footnotes":"","_wp_rev_ctl_limit":""},"categories":[68],"tags":[],"publishpress_future_action":{"enabled":false,"date":"2026-04-22 08:34:46","action":"change-status","newStatus":"draft","terms":[],"taxonomy":"category"},"publishpress_future_workflow_manual_trigger":{"enabledWorkflows":[]},"_links":{"self":[{"href":"https:\/\/sap.sc.gov.br\/en\/wp-json\/wp\/v2\/pages\/1827"}],"collection":[{"href":"https:\/\/sap.sc.gov.br\/en\/wp-json\/wp\/v2\/pages"}],"about":[{"href":"https:\/\/sap.sc.gov.br\/en\/wp-json\/wp\/v2\/types\/page"}],"author":[{"embeddable":true,"href":"https:\/\/sap.sc.gov.br\/en\/wp-json\/wp\/v2\/users\/6"}],"replies":[{"embeddable":true,"href":"https:\/\/sap.sc.gov.br\/en\/wp-json\/wp\/v2\/comments?post=1827"}],"version-history":[{"count":0,"href":"https:\/\/sap.sc.gov.br\/en\/wp-json\/wp\/v2\/pages\/1827\/revisions"}],"wp:attachment":[{"href":"https:\/\/sap.sc.gov.br\/en\/wp-json\/wp\/v2\/media?parent=1827"}],"wp:term":[{"taxonomy":"category","embeddable":true,"href":"https:\/\/sap.sc.gov.br\/en\/wp-json\/wp\/v2\/categories?post=1827"},{"taxonomy":"post_tag","embeddable":true,"href":"https:\/\/sap.sc.gov.br\/en\/wp-json\/wp\/v2\/tags?post=1827"}],"curies":[{"name":"wp","href":"https:\/\/api.w.org\/{rel}","templated":true}]}}