{"id":1833,"date":"2018-03-20T16:51:56","date_gmt":"2018-03-20T19:51:56","guid":{"rendered":"http:\/\/websap2023.intranet.ciasc.gov.br\/departamentos\/"},"modified":"2024-04-23T14:53:51","modified_gmt":"2024-04-23T17:53:51","slug":"departamentos","status":"publish","type":"page","link":"https:\/\/sap.sc.gov.br\/en\/departamentos\/","title":{"rendered":"Departamentos"},"content":{"rendered":"<table style=\"height: 273px;\" width=\"437\">\n<tbody>\n<tr>\n<td width=\"160\">\n<h4><a href=\"\/en\/dpp\/\"><img decoding=\"async\" class=\"aligncenter wp-image-17487\" src=\"https:\/\/www.sap.sc.gov.br\/wp-content\/uploads\/2024\/04\/WhatsApp-Image-2024-04-12-at-13.37.50-1-255x300.jpeg\" alt=\"\" width=\"143\" height=\"169\" srcset=\"https:\/\/sap.sc.gov.br\/wp-content\/uploads\/2024\/04\/WhatsApp-Image-2024-04-12-at-13.37.50-1-255x300.jpeg 255w, https:\/\/sap.sc.gov.br\/wp-content\/uploads\/2024\/04\/WhatsApp-Image-2024-04-12-at-13.37.50-1.jpeg 684w\" sizes=\"(max-width: 143px) 100vw, 143px\" \/><\/a><\/h4>\n<\/td>\n<td>\n<h4>Departamento de Pol\u00edcia Penal<\/h4>\n<\/td>\n<\/tr>\n<tr>\n<td>\n<h3><a href=\"\/en\/acaps\/\"><img decoding=\"async\" class=\"aligncenter wp-image-15169\" src=\"https:\/\/www.sap.sc.gov.br\/wp-content\/uploads\/2023\/10\/logo_acdjc_112x112.jpg\" alt=\"\" width=\"137\" height=\"137\" \/><\/a><\/h3>\n<\/td>\n<td>\n<h4>Academia de Administra\u00e7\u00e3o Prisional e Socioeducativa<\/h4>\n<\/td>\n<\/tr>\n<tr>\n<td><a href=\"\/en\/dease\/\"><img decoding=\"async\" class=\"aligncenter wp-image-15168\" src=\"https:\/\/www.sap.sc.gov.br\/wp-content\/uploads\/2023\/10\/dease2022.gif\" alt=\"\" width=\"134\" height=\"135\" \/><\/a><\/td>\n<td>\n<h4>Departamento de Administra\u00e7\u00e3o Socioeducativo<\/h4>\n<\/td>\n<\/tr>\n<\/tbody>\n<\/table>\n<h4><\/h4>","protected":false},"excerpt":{"rendered":"<p>Departamento de Pol\u00edcia Penal Academia de Administra\u00e7\u00e3o Prisional e Socioeducativa Departamento de Administra\u00e7\u00e3o Socioeducativo<\/p>","protected":false},"author":6,"featured_media":0,"parent":0,"menu_order":4,"comment_status":"closed","ping_status":"closed","template":"template-fullwidth.php","meta":{"_monsterinsights_skip_tracking":false,"_monsterinsights_sitenote_active":false,"_monsterinsights_sitenote_note":"","_monsterinsights_sitenote_category":0,"footnotes":"","_wp_rev_ctl_limit":""},"categories":[55],"tags":[],"publishpress_future_action":{"enabled":false,"date":"2026-05-11 09:22:25","action":"change-status","newStatus":"draft","terms":[],"taxonomy":"category"},"publishpress_future_workflow_manual_trigger":{"enabledWorkflows":[]},"_links":{"self":[{"href":"https:\/\/sap.sc.gov.br\/en\/wp-json\/wp\/v2\/pages\/1833"}],"collection":[{"href":"https:\/\/sap.sc.gov.br\/en\/wp-json\/wp\/v2\/pages"}],"about":[{"href":"https:\/\/sap.sc.gov.br\/en\/wp-json\/wp\/v2\/types\/page"}],"author":[{"embeddable":true,"href":"https:\/\/sap.sc.gov.br\/en\/wp-json\/wp\/v2\/users\/6"}],"replies":[{"embeddable":true,"href":"https:\/\/sap.sc.gov.br\/en\/wp-json\/wp\/v2\/comments?post=1833"}],"version-history":[{"count":0,"href":"https:\/\/sap.sc.gov.br\/en\/wp-json\/wp\/v2\/pages\/1833\/revisions"}],"wp:attachment":[{"href":"https:\/\/sap.sc.gov.br\/en\/wp-json\/wp\/v2\/media?parent=1833"}],"wp:term":[{"taxonomy":"category","embeddable":true,"href":"https:\/\/sap.sc.gov.br\/en\/wp-json\/wp\/v2\/categories?post=1833"},{"taxonomy":"post_tag","embeddable":true,"href":"https:\/\/sap.sc.gov.br\/en\/wp-json\/wp\/v2\/tags?post=1833"}],"curies":[{"name":"wp","href":"https:\/\/api.w.org\/{rel}","templated":true}]}}