{"id":1834,"date":"2018-03-20T16:52:59","date_gmt":"2018-03-20T19:52:59","guid":{"rendered":"http:\/\/websap2023.intranet.ciasc.gov.br\/conselho-penitenciario\/"},"modified":"2025-05-27T16:59:58","modified_gmt":"2025-05-27T19:59:58","slug":"conselho-penitenciario","status":"publish","type":"page","link":"https:\/\/sap.sc.gov.br\/en\/conselho-penitenciario\/","title":{"rendered":"Conselho Penitenci\u00e1rio"},"content":{"rendered":"<h1 style=\"text-align: center;\"><strong>Conselho Penitenci\u00e1rio do Estado de Santa Catarina<\/strong><\/h1>\n<p style=\"text-align: justify;\" data-raofz=\"14\"><strong>Presidente: Procurador MPSC Dr. Genivaldo da Silva<\/strong><br \/>\n<strong>Secret\u00e1ria: Damaris Giusti<\/strong><\/p>\n<p style=\"text-align: justify;\" data-raofz=\"14\">O Conselho Penitenci\u00e1rio foi institu\u00eddo no Brasil em 1924 atrav\u00e9s do Decreto 16.655. Em Santa Catarina o \u00f3rg\u00e3o foi instalado em 25 de Outubro de 1928 e seu primeiro presidente foi Ant\u00f4nio Vicente Bulc\u00e3o Viana. \u00c9 formado por um Colegiado que se destaca pelo conhecimento nas \u00e1reas Criminal e Penitenci\u00e1ria do Estado.<\/p>\n<p>\u00c9 um \u00f3rg\u00e3o consultivo e fiscalizador da execu\u00e7\u00e3o da pena, tendo como principais atribui\u00e7\u00f5es:<\/p>\n<ul>\n<li>emitir pareceres sobre livramento condicional, indulto e comuta\u00e7\u00e3o de pena;<\/li>\n<li>realizar a cerim\u00f4nia e a entrega da caderneta de livramento condicional;<\/li>\n<li>inspecionar os estabelecimentos e servi\u00e7os penais, propondo \u00e0s autoridades competentes a ado\u00e7\u00e3o das medidas adequadas.<\/li>\n<\/ul>\n<p style=\"text-align: justify;\" data-raofz=\"14\"><strong>Endere\u00e7o:<\/strong>\u00a0Rua: Felipe Schmidt, n\u00ba 390, Ed. Flor\u00eancio Costa \u2013 Galeria Comasa, 9\u00ba andar<br \/>\nSala 901 e 902 \u2013 CEP: 88.010-000 \u2013 Centro \u2013 Florian\u00f3polis\/SC.<\/p>\n<p style=\"text-align: justify;\" data-raofz=\"14\"><strong>Fale com o COPEN:<\/strong><br \/>\nFones:\u00a0<strong>(48)3665-9317 ou (48) 3665-9318\u00a0<\/strong><br \/>\nE-mail\u00a0<a role=\"link\" href=\"mailto:copen@sejuri.sc.gov.br\" data-raofz=\"14\">copen@sejuri.sc.gov.br<\/a><br \/>\nWhatsapp: <strong>(48) 3665-9316<\/strong><img decoding=\"async\" class=\"\" src=\"https:\/\/portais.univasf.edu.br\/programadegestao\/imagens\/icon-whatsapp.png\/@@images\/image.png\" alt=\"icon-whatsApp.png\" width=\"20\" height=\"20\" \/><\/p>\n<p>&nbsp;<\/p>","protected":false},"excerpt":{"rendered":"<p>Conselho Penitenci\u00e1rio do Estado de Santa Catarina Presidente: Procurador MPSC Dr. Genivaldo da Silva Secret\u00e1ria: Damaris Giusti O Conselho Penitenci\u00e1rio foi institu\u00eddo no Brasil em 1924 atrav\u00e9s do Decreto 16.655. Em Santa Catarina o \u00f3rg\u00e3o foi instalado em 25 de Outubro de 1928 e seu primeiro presidente foi Ant\u00f4nio Vicente Bulc\u00e3o Viana. \u00c9 formado por [&hellip;]<\/p>\n","protected":false},"author":6,"featured_media":0,"parent":0,"menu_order":2,"comment_status":"closed","ping_status":"closed","template":"template-fullwidth.php","meta":{"_monsterinsights_skip_tracking":false,"_monsterinsights_sitenote_active":false,"_monsterinsights_sitenote_note":"","_monsterinsights_sitenote_category":0,"footnotes":"","_wp_rev_ctl_limit":""},"categories":[55],"tags":[],"publishpress_future_action":{"enabled":false,"date":"2026-04-28 08:20:26","action":"change-status","newStatus":"draft","terms":[],"taxonomy":"category"},"publishpress_future_workflow_manual_trigger":{"enabledWorkflows":[]},"_links":{"self":[{"href":"https:\/\/sap.sc.gov.br\/en\/wp-json\/wp\/v2\/pages\/1834"}],"collection":[{"href":"https:\/\/sap.sc.gov.br\/en\/wp-json\/wp\/v2\/pages"}],"about":[{"href":"https:\/\/sap.sc.gov.br\/en\/wp-json\/wp\/v2\/types\/page"}],"author":[{"embeddable":true,"href":"https:\/\/sap.sc.gov.br\/en\/wp-json\/wp\/v2\/users\/6"}],"replies":[{"embeddable":true,"href":"https:\/\/sap.sc.gov.br\/en\/wp-json\/wp\/v2\/comments?post=1834"}],"version-history":[{"count":0,"href":"https:\/\/sap.sc.gov.br\/en\/wp-json\/wp\/v2\/pages\/1834\/revisions"}],"wp:attachment":[{"href":"https:\/\/sap.sc.gov.br\/en\/wp-json\/wp\/v2\/media?parent=1834"}],"wp:term":[{"taxonomy":"category","embeddable":true,"href":"https:\/\/sap.sc.gov.br\/en\/wp-json\/wp\/v2\/categories?post=1834"},{"taxonomy":"post_tag","embeddable":true,"href":"https:\/\/sap.sc.gov.br\/en\/wp-json\/wp\/v2\/tags?post=1834"}],"curies":[{"name":"wp","href":"https:\/\/api.w.org\/{rel}","templated":true}]}}