{"id":18375,"date":"2024-04-23T16:34:00","date_gmt":"2024-04-23T19:34:00","guid":{"rendered":"https:\/\/sap-prod.apps.okd4.ciasc.sc.gov.br\/?page_id=18375"},"modified":"2024-04-26T14:25:37","modified_gmt":"2024-04-26T17:25:37","slug":"concurso-interno","status":"publish","type":"page","link":"https:\/\/sap.sc.gov.br\/en\/concurso-interno\/","title":{"rendered":"Concurso interno"},"content":{"rendered":"<h2>Concurso Interno<\/h2>\n<style>.wp-show-posts-columns#wpsp-18377 {margin-left: -2em; }.wp-show-posts-columns#wpsp-18377 .wp-show-posts-inner {margin: 0 0 2em 2em; }<\/style><section id=\"wpsp-18377\" class=\"wp-show-posts\" style=\"\"><article class=\"wp-show-posts-single wpsp-clearfix post-24511 post type-post status-publish format-standard hentry category-concurso-interno-sap\" itemtype=\"http:\/\/schema.org\/CreativeWork\" itemscope><div class=\"wp-show-posts-inner\" style=\"\">\t\t\t\t\t\t<header class=\"wp-show-posts-entry-header\">\n\t\t\t\t\t\t\t<h2 class=\"wp-show-posts-entry-title\" itemprop=\"headline\"><a href=\"https:\/\/sap.sc.gov.br\/en\/concurso-interno-de-remocao-no-02-2026-sejuri-pp\/\" rel=\"bookmark\">CONCURSO INTERNO DE REMO\u00c7\u00c3O N\u00ba 02\/2026\/SEJURI\/PP<\/a><\/h2><div class=\"wp-show-posts-entry-meta wp-show-posts-entry-meta-below-title post-meta-inline\"><span class=\"wp-show-posts-posted-on wp-show-posts-meta\">\n\t\t\t\t\t<a href=\"https:\/\/sap.sc.gov.br\/en\/concurso-interno-de-remocao-no-02-2026-sejuri-pp\/\" title=\"17:30\" rel=\"bookmark\"><time class=\"wp-show-posts-entry-date published\" datetime=\"2026-04-10T17:30:28-03:00\" itemprop=\"datePublished\">10 de April de 2026<\/time><time class=\"wp-show-posts-updated\" datetime=\"2026-04-14T23:42:44-03:00\" itemprop=\"dateModified\">14 de April de 2026<\/time><\/a>\n\t\t\t\t<\/span><\/div>\t\t\t\t\t\t<\/header><!-- .entry-header -->\n\t\t\t\t\t\t\t\t\t\t\t<div class=\"wp-show-posts-entry-summary\" itemprop=\"text\">\n\t\t\t\t\t\t\t<p>Extrato Edital Cronograma Quadro de Vagas Link de Inscri\u00e7\u00e3o Resultado Preliminar &#8211; MASCULINO Resultado Preliminar &#8211; FEMININO<\/p>\n\t\t\t\t\t\t<\/div><!-- .entry-summary -->\n\t\t\t\t\t<div class=\"wpsp-read-more\"><a title=\"CONCURSO INTERNO DE REMO\u00c7\u00c3O N\u00ba 02\/2026\/SEJURI\/PP\" class=\"wp-show-posts-read-more\" href=\"https:\/\/sap.sc.gov.br\/en\/concurso-interno-de-remocao-no-02-2026-sejuri-pp\/\">Leia mais ...<\/a><\/div><\/div><!-- wp-show-posts-inner --><div class=\"wpsp-clear\"><\/div><\/article><article class=\"wp-show-posts-single wpsp-clearfix post-24058 post type-post status-publish format-standard hentry category-concurso-interno-sap\" itemtype=\"http:\/\/schema.org\/CreativeWork\" itemscope><div class=\"wp-show-posts-inner\" style=\"\">\t\t\t\t\t\t<header class=\"wp-show-posts-entry-header\">\n\t\t\t\t\t\t\t<h2 class=\"wp-show-posts-entry-title\" itemprop=\"headline\"><a href=\"https:\/\/sap.sc.gov.br\/en\/concurso-interno-de-remocao-edital-no-01-2026\/\" rel=\"bookmark\">CONCURSO INTERNO DE REMO\u00c7\u00c3O EDITAL N\u00ba 01\/2026<\/a><\/h2><div class=\"wp-show-posts-entry-meta wp-show-posts-entry-meta-below-title post-meta-inline\"><span class=\"wp-show-posts-posted-on wp-show-posts-meta\">\n\t\t\t\t\t<a href=\"https:\/\/sap.sc.gov.br\/en\/concurso-interno-de-remocao-edital-no-01-2026\/\" title=\"17:58\" rel=\"bookmark\"><time class=\"wp-show-posts-entry-date published\" datetime=\"2026-03-02T17:58:19-03:00\" itemprop=\"datePublished\">2 de March de 2026<\/time><time class=\"wp-show-posts-updated\" datetime=\"2026-03-24T17:08:00-03:00\" itemprop=\"dateModified\">24 de March de 2026<\/time><\/a>\n\t\t\t\t<\/span><\/div>\t\t\t\t\t\t<\/header><!-- .entry-header -->\n\t\t\t\t\t\t\t\t\t\t\t<div class=\"wp-show-posts-entry-summary\" itemprop=\"text\">\n\t\t\t\t\t\t\t<p>A Secret\u00e1ria de Estado de Justi\u00e7a e Reintegra\u00e7\u00e3o Social torna p\u00fablico a abertura do Concurso Interno de Remo\u00e7\u00e3o aos ocupantes do Cargo de Policial Penal, previsto no Art. 55, inciso V da Lei Complementar no 774\/2021, sendo regido pelas normas estabelecidas neste Edital. &nbsp; Edital &#8211; DOE Edital &#8211; PDF&#8230;<\/p>\n\t\t\t\t\t\t<\/div><!-- .entry-summary -->\n\t\t\t\t\t<div class=\"wpsp-read-more\"><a title=\"CONCURSO INTERNO DE REMO\u00c7\u00c3O EDITAL N\u00ba 01\/2026\" class=\"wp-show-posts-read-more\" href=\"https:\/\/sap.sc.gov.br\/en\/concurso-interno-de-remocao-edital-no-01-2026\/\">Leia mais ...<\/a><\/div><\/div><!-- wp-show-posts-inner --><div class=\"wpsp-clear\"><\/div><\/article><article class=\"wp-show-posts-single wpsp-clearfix post-22223 post type-post status-publish format-standard hentry category-concurso-interno-sap\" itemtype=\"http:\/\/schema.org\/CreativeWork\" itemscope><div class=\"wp-show-posts-inner\" style=\"\">\t\t\t\t\t\t<header class=\"wp-show-posts-entry-header\">\n\t\t\t\t\t\t\t<h2 class=\"wp-show-posts-entry-title\" itemprop=\"headline\"><a href=\"https:\/\/sap.sc.gov.br\/en\/concurso-interno-de-remocao-no-02-2025-sejuri-pp\/\" rel=\"bookmark\">CONCURSO INTERNO DE REMO\u00c7\u00c3O N\u00ba 02\/2025\/SEJURI\/PP<\/a><\/h2><div class=\"wp-show-posts-entry-meta wp-show-posts-entry-meta-below-title post-meta-inline\"><span class=\"wp-show-posts-posted-on wp-show-posts-meta\">\n\t\t\t\t\t<a href=\"https:\/\/sap.sc.gov.br\/en\/concurso-interno-de-remocao-no-02-2025-sejuri-pp\/\" title=\"17:53\" rel=\"bookmark\"><time class=\"wp-show-posts-entry-date published\" datetime=\"2025-09-03T17:53:03-03:00\" itemprop=\"datePublished\">3 de September de 2025<\/time><time class=\"wp-show-posts-updated\" datetime=\"2026-04-14T23:42:36-03:00\" itemprop=\"dateModified\">14 de April de 2026<\/time><\/a>\n\t\t\t\t<\/span><\/div>\t\t\t\t\t\t<\/header><!-- .entry-header -->\n\t\t\t\t\t\t\t\t\t\t\t<div class=\"wp-show-posts-entry-summary\" itemprop=\"text\">\n\t\t\t\t\t\t\t<p>Fixa datas e estabelece os procedimentos para o Concurso Interno de Remo\u00e7\u00e3o, destinado aos ocupantes do cargo de Policial Penal, do Quadro de Pessoal da Secretaria de Estado de Justi\u00e7a e Reintegra\u00e7\u00e3o Social. A Secret\u00e1ria de Estado da Justi\u00e7a e Reintegra\u00e7\u00e3o Social comunica a abertura do Concurso Interno de Remo\u00e7\u00e3o&#8230;<\/p>\n\t\t\t\t\t\t<\/div><!-- .entry-summary -->\n\t\t\t\t\t<div class=\"wpsp-read-more\"><a title=\"CONCURSO INTERNO DE REMO\u00c7\u00c3O N\u00ba 02\/2025\/SEJURI\/PP\" class=\"wp-show-posts-read-more\" href=\"https:\/\/sap.sc.gov.br\/en\/concurso-interno-de-remocao-no-02-2025-sejuri-pp\/\">Leia mais ...<\/a><\/div><\/div><!-- wp-show-posts-inner --><div class=\"wpsp-clear\"><\/div><\/article><article class=\"wp-show-posts-single wpsp-clearfix post-20698 post type-post status-publish format-standard hentry category-concurso-interno-sap\" itemtype=\"http:\/\/schema.org\/CreativeWork\" itemscope><div class=\"wp-show-posts-inner\" style=\"\">\t\t\t\t\t\t<header class=\"wp-show-posts-entry-header\">\n\t\t\t\t\t\t\t<h2 class=\"wp-show-posts-entry-title\" itemprop=\"headline\"><a href=\"https:\/\/sap.sc.gov.br\/en\/concurso-interno-de-remocao-no-001-sejuri-2025-policial-penal\/\" rel=\"bookmark\">CONCURSO INTERNO DE REMO\u00c7\u00c3O N\u00ba 001\/SEJURI\/2025 \u2013 POLICIAL PENAL<\/a><\/h2><div class=\"wp-show-posts-entry-meta wp-show-posts-entry-meta-below-title post-meta-inline\"><span class=\"wp-show-posts-posted-on wp-show-posts-meta\">\n\t\t\t\t\t<a href=\"https:\/\/sap.sc.gov.br\/en\/concurso-interno-de-remocao-no-001-sejuri-2025-policial-penal\/\" title=\"17:55\" rel=\"bookmark\"><time class=\"wp-show-posts-entry-date published\" datetime=\"2025-03-24T17:55:08-03:00\" itemprop=\"datePublished\">24 de March de 2025<\/time><time class=\"wp-show-posts-updated\" datetime=\"2025-09-09T14:16:54-03:00\" itemprop=\"dateModified\">9 de September de 2025<\/time><\/a>\n\t\t\t\t<\/span><\/div>\t\t\t\t\t\t<\/header><!-- .entry-header -->\n\t\t\t\t\t\t\t\t\t\t\t<div class=\"wp-show-posts-entry-summary\" itemprop=\"text\">\n\t\t\t\t\t\t\t<p>A Secret\u00e1ria de Estado da Justi\u00e7a e Reintegra\u00e7\u00e3o Social comunica a abertura do Concurso Interno de Remo\u00e7\u00e3o aos ocupantes do cargo de Policial Penal, previsto no artigo 55, inciso V da Lei Complementar n\u00ba 774\/2021, sendo regido pelas normas estabelecidas neste Edital. Edital Quadro de Vagas Cronograma Inscri\u00e7\u00e3o Resultado Preliminar&#8230;<\/p>\n\t\t\t\t\t\t<\/div><!-- .entry-summary -->\n\t\t\t\t\t<div class=\"wpsp-read-more\"><a title=\"CONCURSO INTERNO DE REMO\u00c7\u00c3O N\u00ba 001\/SEJURI\/2025 \u2013 POLICIAL PENAL\" class=\"wp-show-posts-read-more\" href=\"https:\/\/sap.sc.gov.br\/en\/concurso-interno-de-remocao-no-001-sejuri-2025-policial-penal\/\">Leia mais ...<\/a><\/div><\/div><!-- wp-show-posts-inner --><div class=\"wpsp-clear\"><\/div><\/article><article class=\"wp-show-posts-single wpsp-clearfix post-19613 post type-post status-publish format-standard hentry category-concurso-interno-sap\" itemtype=\"http:\/\/schema.org\/CreativeWork\" itemscope><div class=\"wp-show-posts-inner\" style=\"\">\t\t\t\t\t\t<header class=\"wp-show-posts-entry-header\">\n\t\t\t\t\t\t\t<h2 class=\"wp-show-posts-entry-title\" itemprop=\"headline\"><a href=\"https:\/\/sap.sc.gov.br\/en\/concurso-interno-de-remocao-no-001-sap-2024-policial-penal\/\" rel=\"bookmark\">CONCURSO INTERNO DE REMO\u00c7\u00c3O N\u00ba 001\/SAP\/2024 &#8211; POLICIAL PENAL<\/a><\/h2><div class=\"wp-show-posts-entry-meta wp-show-posts-entry-meta-below-title post-meta-inline\"><span class=\"wp-show-posts-posted-on wp-show-posts-meta\">\n\t\t\t\t\t<a href=\"https:\/\/sap.sc.gov.br\/en\/concurso-interno-de-remocao-no-001-sap-2024-policial-penal\/\" title=\"13:33\" rel=\"bookmark\"><time class=\"wp-show-posts-entry-date published\" datetime=\"2024-07-10T13:33:43-03:00\" itemprop=\"datePublished\">10 de July de 2024<\/time><time class=\"wp-show-posts-updated\" datetime=\"2024-08-02T16:12:46-03:00\" itemprop=\"dateModified\">2 de August de 2024<\/time><\/a>\n\t\t\t\t<\/span><\/div>\t\t\t\t\t\t<\/header><!-- .entry-header -->\n\t\t\t\t\t\t\t\t\t\t\t<div class=\"wp-show-posts-entry-summary\" itemprop=\"text\">\n\t\t\t\t\t\t\t<p>O Secret\u00e1rio de Estado da Administra\u00e7\u00e3o Prisional e Socioeducativa comunica abertura do Concurso Interno de Remo\u00e7\u00e3o aos ocupantes do Cargo de Policial Penal, previsto no Art. 55, inciso V da Lei Complementar no 774\/2021, sendo regido pelas normas estabelecidas neste Edital. Edital Resultado Preliminar Resultado Preliminar Retificado Resultado Definitivo Homologa\u00e7\u00e3o&#8230;<\/p>\n\t\t\t\t\t\t<\/div><!-- .entry-summary -->\n\t\t\t\t\t<div class=\"wpsp-read-more\"><a title=\"CONCURSO INTERNO DE REMO\u00c7\u00c3O N\u00ba 001\/SAP\/2024 &#8211; POLICIAL PENAL\" class=\"wp-show-posts-read-more\" href=\"https:\/\/sap.sc.gov.br\/en\/concurso-interno-de-remocao-no-001-sap-2024-policial-penal\/\">Leia mais ...<\/a><\/div><\/div><!-- wp-show-posts-inner --><div class=\"wpsp-clear\"><\/div><\/article><article class=\"wp-show-posts-single wpsp-clearfix post-2466 post type-post status-publish format-standard hentry category-concurso-interno-sap\" itemtype=\"http:\/\/schema.org\/CreativeWork\" itemscope><div class=\"wp-show-posts-inner\" style=\"\">\t\t\t\t\t\t<header class=\"wp-show-posts-entry-header\">\n\t\t\t\t\t\t\t<h2 class=\"wp-show-posts-entry-title\" itemprop=\"headline\"><a href=\"https:\/\/sap.sc.gov.br\/en\/concurso-interno-de-remocao-n-002-sap-2023-agente-de-seguranca-socioeducativo-2\/\" rel=\"bookmark\">CONCURSO INTERNO DE REMO\u00c7\u00c3O N\u00ba 002\/SAP\/2023 &#8211; AGENTE DE SEGURAN\u00c7A SOCIOEDUCATIVO<\/a><\/h2><div class=\"wp-show-posts-entry-meta wp-show-posts-entry-meta-below-title post-meta-inline\"><span class=\"wp-show-posts-posted-on wp-show-posts-meta\">\n\t\t\t\t\t<a href=\"https:\/\/sap.sc.gov.br\/en\/concurso-interno-de-remocao-n-002-sap-2023-agente-de-seguranca-socioeducativo-2\/\" title=\"18:15\" rel=\"bookmark\"><time class=\"wp-show-posts-entry-date published\" datetime=\"2023-05-10T18:15:20-03:00\" itemprop=\"datePublished\">10 de May de 2023<\/time><time class=\"wp-show-posts-updated\" datetime=\"2024-04-29T14:21:24-03:00\" itemprop=\"dateModified\">29 de April de 2024<\/time><\/a>\n\t\t\t\t<\/span><\/div>\t\t\t\t\t\t<\/header><!-- .entry-header -->\n\t\t\t\t\t\t\t\t\t\t\t<div class=\"wp-show-posts-entry-summary\" itemprop=\"text\">\n\t\t\t\t\t\t\t<p>O Secret\u00e1rio de Estado da Administra\u00e7\u00e3o Prisional e Socioeducativa comunica abertura\u00a0do Concurso Interno de Remo\u00e7\u00e3o aos ocupantes do Cargo de Agente de Seguran\u00e7a\u00a0Socioeducativo, previsto no Art. 37, inciso V da Lei Complementar n\u00ba 777\/2021, sendo\u00a0regido pelas normas estabelecidas neste Edital. Edital Quadro de Vagas\u00a0&#8211; 1\u00aa Rodada Cronograma Formul\u00e1rio de Inscri\u00e7\u00e3o&#8230;<\/p>\n\t\t\t\t\t\t<\/div><!-- .entry-summary -->\n\t\t\t\t\t<div class=\"wpsp-read-more\"><a title=\"CONCURSO INTERNO DE REMO\u00c7\u00c3O N\u00ba 002\/SAP\/2023 &#8211; AGENTE DE SEGURAN\u00c7A SOCIOEDUCATIVO\" class=\"wp-show-posts-read-more\" href=\"https:\/\/sap.sc.gov.br\/en\/concurso-interno-de-remocao-n-002-sap-2023-agente-de-seguranca-socioeducativo-2\/\">Leia mais ...<\/a><\/div><\/div><!-- wp-show-posts-inner --><div class=\"wpsp-clear\"><\/div><\/article><article class=\"wp-show-posts-single wpsp-clearfix post-2397 post type-post status-publish format-standard hentry category-concurso-interno-sap\" itemtype=\"http:\/\/schema.org\/CreativeWork\" itemscope><div class=\"wp-show-posts-inner\" style=\"\">\t\t\t\t\t\t<header class=\"wp-show-posts-entry-header\">\n\t\t\t\t\t\t\t<h2 class=\"wp-show-posts-entry-title\" itemprop=\"headline\"><a href=\"https:\/\/sap.sc.gov.br\/en\/concurso-interno-de-remocao-n-001-sap-2023-policial-penal\/\" rel=\"bookmark\">CONCURSO INTERNO DE REMO\u00c7\u00c3O N\u00ba 001\/SAP\/2023 &#8211; POLICIAL PENAL<\/a><\/h2><div class=\"wp-show-posts-entry-meta wp-show-posts-entry-meta-below-title post-meta-inline\"><span class=\"wp-show-posts-posted-on wp-show-posts-meta\">\n\t\t\t\t\t<a href=\"https:\/\/sap.sc.gov.br\/en\/concurso-interno-de-remocao-n-001-sap-2023-policial-penal\/\" title=\"15:16\" rel=\"bookmark\"><time class=\"wp-show-posts-entry-date published\" datetime=\"2023-04-12T15:16:11-03:00\" itemprop=\"datePublished\">12 de April de 2023<\/time><time class=\"wp-show-posts-updated\" datetime=\"2024-06-25T16:32:11-03:00\" itemprop=\"dateModified\">25 de June de 2024<\/time><\/a>\n\t\t\t\t<\/span><\/div>\t\t\t\t\t\t<\/header><!-- .entry-header -->\n\t\t\t\t\t\t\t\t\t\t\t<div class=\"wp-show-posts-entry-summary\" itemprop=\"text\">\n\t\t\t\t\t\t\t<p>O Secret\u00e1rio de Estado da Administra\u00e7\u00e3o Prisional e Socioeducativa comunica abertura do Concurso Interno de Remo\u00e7\u00e3o aos ocupantes do Cargo de Policial Penal, previsto no Art. 55, inciso V da Lei Complementar n\u00ba 774\/2021, sendo regido pelas normas estabelecidas neste Edital. Edital Anexo I &#8211; Quadro de vagas Anexo II&#8230;<\/p>\n\t\t\t\t\t\t<\/div><!-- .entry-summary -->\n\t\t\t\t\t<div class=\"wpsp-read-more\"><a title=\"CONCURSO INTERNO DE REMO\u00c7\u00c3O N\u00ba 001\/SAP\/2023 &#8211; POLICIAL PENAL\" class=\"wp-show-posts-read-more\" href=\"https:\/\/sap.sc.gov.br\/en\/concurso-interno-de-remocao-n-001-sap-2023-policial-penal\/\">Leia mais ...<\/a><\/div><\/div><!-- wp-show-posts-inner --><div class=\"wpsp-clear\"><\/div><\/article><article class=\"wp-show-posts-single wpsp-clearfix post-2156 post type-post status-publish format-standard hentry category-concurso-interno-sap\" itemtype=\"http:\/\/schema.org\/CreativeWork\" itemscope><div class=\"wp-show-posts-inner\" style=\"\">\t\t\t\t\t\t<header class=\"wp-show-posts-entry-header\">\n\t\t\t\t\t\t\t<h2 class=\"wp-show-posts-entry-title\" itemprop=\"headline\"><a href=\"https:\/\/sap.sc.gov.br\/en\/concurso-interno-n-001-sap-2021-remocao-agente-de-seguranca-socioeducativo\/\" rel=\"bookmark\">CONCURSO INTERNO N\u00ba 001\/SAP\/2021 &#8211; REMO\u00c7\u00c3O &#8211; AGENTE DE SEGURAN\u00c7A SOCIOEDUCATIVO<\/a><\/h2><div class=\"wp-show-posts-entry-meta wp-show-posts-entry-meta-below-title post-meta-inline\"><span class=\"wp-show-posts-posted-on wp-show-posts-meta\">\n\t\t\t\t\t<a href=\"https:\/\/sap.sc.gov.br\/en\/concurso-interno-n-001-sap-2021-remocao-agente-de-seguranca-socioeducativo\/\" title=\"18:14\" rel=\"bookmark\"><time class=\"wp-show-posts-entry-date published\" datetime=\"2021-07-14T18:14:27-03:00\" itemprop=\"datePublished\">14 de July de 2021<\/time><time class=\"wp-show-posts-updated\" datetime=\"2025-04-10T16:33:53-03:00\" itemprop=\"dateModified\">10 de April de 2025<\/time><\/a>\n\t\t\t\t<\/span><\/div>\t\t\t\t\t\t<\/header><!-- .entry-header -->\n\t\t\t\t\t\t\t\t\t\t\t<div class=\"wp-show-posts-entry-summary\" itemprop=\"text\">\n\t\t\t\t\t\t\t<p>O Secret\u00e1rio de Estado da Administra\u00e7\u00e3o Prisional e Socioeducativa comunica que estar\u00e3o abertas, das 14 horas do dia 15 de julho de 2021 at\u00e9 \u00e0s 18 horas do dia 23 de julho de 2021, as inscri\u00e7\u00f5es para o Concurso Interno de Remo\u00e7\u00e3o aos ocupantes do Cargo de Agente de Seguran\u00e7a&#8230;<\/p>\n\t\t\t\t\t\t<\/div><!-- .entry-summary -->\n\t\t\t\t\t<div class=\"wpsp-read-more\"><a title=\"CONCURSO INTERNO N\u00ba 001\/SAP\/2021 &#8211; REMO\u00c7\u00c3O &#8211; AGENTE DE SEGURAN\u00c7A SOCIOEDUCATIVO\" class=\"wp-show-posts-read-more\" href=\"https:\/\/sap.sc.gov.br\/en\/concurso-interno-n-001-sap-2021-remocao-agente-de-seguranca-socioeducativo\/\">Leia mais ...<\/a><\/div><\/div><!-- wp-show-posts-inner --><div class=\"wpsp-clear\"><\/div><\/article><article class=\"wp-show-posts-single wpsp-clearfix post-2109 post type-post status-publish format-standard hentry category-concurso-interno-sap\" itemtype=\"http:\/\/schema.org\/CreativeWork\" itemscope><div class=\"wp-show-posts-inner\" style=\"\">\t\t\t\t\t\t<header class=\"wp-show-posts-entry-header\">\n\t\t\t\t\t\t\t<h2 class=\"wp-show-posts-entry-title\" itemprop=\"headline\"><a href=\"https:\/\/sap.sc.gov.br\/en\/concurso-interno-n-008-sap-2020-remocao-agente-penitenciario\/\" rel=\"bookmark\">CONCURSO INTERNO N\u00ba 008\/SAP\/2020 &#8211; REMO\u00c7\u00c3O &#8211; AGENTE PENITENCI\u00c1RIO<\/a><\/h2><div class=\"wp-show-posts-entry-meta wp-show-posts-entry-meta-below-title post-meta-inline\"><span class=\"wp-show-posts-posted-on wp-show-posts-meta\">\n\t\t\t\t\t<a href=\"https:\/\/sap.sc.gov.br\/en\/concurso-interno-n-008-sap-2020-remocao-agente-penitenciario\/\" title=\"18:33\" rel=\"bookmark\"><time class=\"wp-show-posts-entry-date published\" datetime=\"2020-09-08T18:33:31-03:00\" itemprop=\"datePublished\">8 de September de 2020<\/time><time class=\"wp-show-posts-updated\" datetime=\"2024-04-29T19:20:42-03:00\" itemprop=\"dateModified\">29 de April de 2024<\/time><\/a>\n\t\t\t\t<\/span><\/div>\t\t\t\t\t\t<\/header><!-- .entry-header -->\n\t\t\t\t\t\t\t\t\t\t\t<div class=\"wp-show-posts-entry-summary\" itemprop=\"text\">\n\t\t\t\t\t\t\t<p>O Secret\u00e1rio de Estado da Administra\u00e7\u00e3o Prisional e Socioeducativa comunica que estar\u00e3o abertas, das 13h00min do dia 10 de setembro at\u00e9 \u00e0s 18h00min do dia 21 de setembro de 2020, as inscri\u00e7\u00f5es para o Concurso Interno de Remo\u00e7\u00e3o aos ocupantes do Cargo de Agente Penitenci\u00e1rio, previsto no Art. 41, inciso&#8230;<\/p>\n\t\t\t\t\t\t<\/div><!-- .entry-summary -->\n\t\t\t\t\t<div class=\"wpsp-read-more\"><a title=\"CONCURSO INTERNO N\u00ba 008\/SAP\/2020 &#8211; REMO\u00c7\u00c3O &#8211; AGENTE PENITENCI\u00c1RIO\" class=\"wp-show-posts-read-more\" href=\"https:\/\/sap.sc.gov.br\/en\/concurso-interno-n-008-sap-2020-remocao-agente-penitenciario\/\">Leia mais ...<\/a><\/div><\/div><!-- wp-show-posts-inner --><div class=\"wpsp-clear\"><\/div><\/article><\/section><!-- .wp-show-posts -->","protected":false},"excerpt":{"rendered":"<p>Concurso Interno<\/p>","protected":false},"author":6,"featured_media":0,"parent":0,"menu_order":0,"comment_status":"closed","ping_status":"closed","template":"template-fullwidth.php","meta":{"_monsterinsights_skip_tracking":false,"_monsterinsights_sitenote_active":false,"_monsterinsights_sitenote_note":"","_monsterinsights_sitenote_category":0,"footnotes":"","_wp_rev_ctl_limit":""},"categories":[],"tags":[],"publishpress_future_action":{"enabled":false,"date":"2026-04-29 05:59:46","action":"change-status","newStatus":"draft","terms":[],"taxonomy":"category"},"publishpress_future_workflow_manual_trigger":{"enabledWorkflows":[]},"_links":{"self":[{"href":"https:\/\/sap.sc.gov.br\/en\/wp-json\/wp\/v2\/pages\/18375"}],"collection":[{"href":"https:\/\/sap.sc.gov.br\/en\/wp-json\/wp\/v2\/pages"}],"about":[{"href":"https:\/\/sap.sc.gov.br\/en\/wp-json\/wp\/v2\/types\/page"}],"author":[{"embeddable":true,"href":"https:\/\/sap.sc.gov.br\/en\/wp-json\/wp\/v2\/users\/6"}],"replies":[{"embeddable":true,"href":"https:\/\/sap.sc.gov.br\/en\/wp-json\/wp\/v2\/comments?post=18375"}],"version-history":[{"count":0,"href":"https:\/\/sap.sc.gov.br\/en\/wp-json\/wp\/v2\/pages\/18375\/revisions"}],"wp:attachment":[{"href":"https:\/\/sap.sc.gov.br\/en\/wp-json\/wp\/v2\/media?parent=18375"}],"wp:term":[{"taxonomy":"category","embeddable":true,"href":"https:\/\/sap.sc.gov.br\/en\/wp-json\/wp\/v2\/categories?post=18375"},{"taxonomy":"post_tag","embeddable":true,"href":"https:\/\/sap.sc.gov.br\/en\/wp-json\/wp\/v2\/tags?post=18375"}],"curies":[{"name":"wp","href":"https:\/\/api.w.org\/{rel}","templated":true}]}}