{"id":1840,"date":"2018-03-20T17:59:56","date_gmt":"2018-03-20T20:59:56","guid":{"rendered":"http:\/\/websap2023.intranet.ciasc.gov.br\/gestao-de-pessoas\/"},"modified":"2025-01-27T11:29:09","modified_gmt":"2025-01-27T14:29:09","slug":"gestao-de-pessoas","status":"publish","type":"page","link":"https:\/\/sap.sc.gov.br\/en\/gestao-de-pessoas\/","title":{"rendered":"Gest\u00e3o de Pessoas"},"content":{"rendered":"<div data-elementor-type=\"wp-page\" data-elementor-id=\"1840\" class=\"elementor elementor-1840\" data-elementor-settings=\"{&quot;ha_cmc_init_switcher&quot;:&quot;no&quot;}\">\n\t\t\t\t<div class=\"elementor-element elementor-element-2e3ba1c9 e-flex e-con-boxed e-con e-parent\" data-id=\"2e3ba1c9\" data-element_type=\"container\" data-settings=\"{&quot;_ha_eqh_enable&quot;:false}\">\n\t\t\t\t\t<div class=\"e-con-inner\">\n\t\t\t\t<div class=\"elementor-element elementor-element-2b95fa9c elementor-widget elementor-widget-text-editor\" data-id=\"2b95fa9c\" data-element_type=\"widget\" data-widget_type=\"text-editor.default\">\n\t\t\t\t<div class=\"elementor-widget-container\">\n\t\t\t\t\t\t\t\t\t<p><strong>Procedimentos Administrativos para designa\u00e7\u00e3o de Servidores Efetivos para Fun\u00e7\u00f5es de Chefia<\/strong><\/p><ul><li><a href=\"https:\/\/sap.sc.gov.br\/en\/download\/01_portaria-o-325-instituir-os-procedimentos-administrativos-para-designacao-de-servidores-efetivos-para-funcoes-de-chefia\/\" target=\"_blank\" rel=\"noopener\">Portaria n\u00ba 325 &#8211; DOE N\u00ba 21.756<\/a><\/li><li><a href=\"https:\/\/sap.sc.gov.br\/en\/download\/02_anxeo-i-modelo-de-oficio-para-designacao\/\" target=\"_blank\" rel=\"noopener\">Anexo I<\/a><\/li><li><a href=\"https:\/\/sap.sc.gov.br\/en\/download\/03_anexo-ii-modelo-de-declaracao-de-anuencia\/\" target=\"_blank\" rel=\"noopener\">Anexo II<\/a><\/li><li><a href=\"https:\/\/sap.sc.gov.br\/en\/download\/04_anexo-iii-modelo-de-lista-de-verificacoes-i\/\" target=\"_blank\" rel=\"noopener\">Anexo III<\/a><\/li><li><a href=\"https:\/\/sap.sc.gov.br\/en\/download\/05_anexo-iv-modelo-de-lista-de-verificacoes-ii\/\" target=\"_blank\" rel=\"noopener\">Anexo IV<\/a><\/li><li><a href=\"https:\/\/sap.sc.gov.br\/en\/download\/06_anexo-v-modelo-de-termo-de-posse-funcao-de-confianca\/\" target=\"_blank\" rel=\"noopener\">Anexo V<\/a><\/li><li><a href=\"https:\/\/sap.sc.gov.br\/en\/download\/07_anexo-vi-modelo-de-oficio-de-indicacao-em-substituicao\/\" target=\"_blank\" rel=\"noopener\">Anexo VI<\/a><\/li><\/ul><hr \/><p><strong>Procedimentos para Prorroga\u00e7\u00e3o de Contratos de Pessoal Tempor\u00e1rio<\/strong><\/p><ul><li><a href=\"https:\/\/sap.sc.gov.br\/en\/download\/01_portaria-no-1505-procedimentos-para-a-prorrogacao-de-contratos\/\" target=\"_blank\" rel=\"noopener\">Portaria n\u00ba 1505 &#8211; DOE N\u00ba 21.670<\/a><\/li><li><a href=\"https:\/\/sap.sc.gov.br\/en\/download\/02_formulario-de-manifestacao-de-interesse-em-prorrogar-o-contrato\/\" target=\"_blank\" rel=\"noopener\">Formul\u00e1rio<\/a><\/li><li><a href=\"https:\/\/sap.sc.gov.br\/en\/download\/3-portaria-no-1505-procedimentos-para-a-prorrogacao-de-contrato-revogada\/\" target=\"_blank\" rel=\"noopener\">Portaria n\u00ba 1505 &#8211; DOE N\u00ba 21670 &#8211; Revogada<\/a><\/li><li><a href=\"https:\/\/sap.sc.gov.br\/en\/download\/4-portaria-no-186-site\/\" target=\"_blank\" rel=\"noopener\">Portaria n\u00ba 186 &#8211; DOE n\u00ba 21.727<\/a><\/li><\/ul><hr \/><p><strong>Procedimento para atualiza\u00e7\u00e3o de Email e Telefone<\/strong><\/p><ul><li><a href=\"https:\/\/sap.sc.gov.br\/en\/download\/01_orientacoes-para-a-posse\/\">Orienta\u00e7\u00e3o para Posse<\/a><\/li><li><a href=\"https:\/\/sap.sc.gov.br\/en\/download\/02_guia-de-encaminhamento-dos-exames-para-pericia-medica-2\/\">Guia de Encaminhamento dos Exames para Per\u00edcia M\u00e9dica<\/a><\/li><li><a href=\"https:\/\/docs.google.com\/forms\/d\/e\/1FAIpQLSfKsYkM6vcibcYFhNHDUg_Tpn_tGHYwXjQa9cTyQRhi5og_Hw\/viewform\">Formul\u00e1rio Preenchimento dos Dados Cadastrais &#8211; Per\u00edcia M\u00e9dica<\/a><\/li><li><a href=\"https:\/\/sap.sc.gov.br\/en\/download\/03_mlr-118-avaliacao-pericial-medica-pre-admissional-2\/\">Formul\u00e1rio &#8211; Avalia\u00e7\u00e3o Pericia-M\u00e9dica Pr\u00e9 Admissional<\/a><\/li><li><a href=\"https:\/\/sap.sc.gov.br\/en\/download\/04_guia-de-posse-efetivo\/\">Guia para Posse<\/a><\/li><li><a href=\"https:\/\/docs.google.com\/forms\/d\/e\/1FAIpQLSdtM-HWrWChLbw6_wMNvxQESGmxFCaghrVRhA6XYd0OsWtQng\/viewform\">Formul\u00e1rio para Posse<\/a><\/li><\/ul><p><strong>Suporte ao Sistema de Gest\u00e3o de Processos Eletr\u00f4nicos (Sgp-e)<\/strong><\/p><p>E-mail:\u00a0<a href=\"mailto:sgpe@sejuri.sc.gov.br\"><span id=\"cloak95871\">sgpe@sejuri<\/span><span id=\"cloak95871\">.sc.gov.br\u00a0<\/span><\/a><\/p>\t\t\t\t\t\t\t\t<\/div>\n\t\t\t\t<\/div>\n\t\t\t\t\t<\/div>\n\t\t\t\t<\/div>\n\t\t<div class=\"elementor-element elementor-element-2819f04 e-flex e-con-boxed e-con e-parent\" data-id=\"2819f04\" data-element_type=\"container\" data-settings=\"{&quot;_ha_eqh_enable&quot;:false}\">\n\t\t\t\t\t<div class=\"e-con-inner\">\n\t\t\t\t<div class=\"elementor-element elementor-element-57b73e3 elementor-widget__width-initial elementor-widget-mobile__width-initial elementor-widget-tablet_extra__width-initial elementor-widget elementor-widget-sina_content_box\" data-id=\"57b73e3\" data-element_type=\"widget\" data-widget_type=\"sina_content_box.default\">\n\t\t\t\t<div class=\"elementor-widget-container\">\n\t\t\t\t\t\t\t<div class=\"sina-content-box clearfix sina-content-box-zoom\">\r\n\r\n\t\t\t\t\t\t\t<a class=\"sina-content-box-linkable\"\r\n\t\t\t\thref=\"https:\/\/sgpe.sea.sc.gov.br\/sgpe\/\"\r\n\t\t\t\t\t\t\t\t><\/a>\r\n\t\t\t\r\n\t\t\t\r\n\t\t\t\t\t\t\t\t\t\t\t\t\t\t<div class=\"sina-content-box-icon\">\r\n\t\t\t\t\t\t\t<i class=\"icofont icofont-hand-drag1\"><\/i>\r\n\t\t\t\t\t\t<\/div>\r\n\t\t\t\t\t\r\n\t\t\t\t\t<div class=\"sina-content-box-content\">\r\n\t\t\t\t\t\t\t\t\t\t\t\t\t<h3 class=\"sina-content-box-title\">\r\n\t\t\t\t\t\t\t\t\t\t\t\t\t\t\t\t\t<a href=\"https:\/\/sgpe.sea.sc.gov.br\/sgpe\/\"\r\n\t\t\t\t\t\t\t\t\t\t\t\t\t\t\t\t\t\t\t\t>\r\n\t\t\t\t\t\t\t\t\t\tSGPE\t\t\t\t\t\t\t\t\t<\/a>\r\n\t\t\t\t\t\t\t\t\t\t\t\t\t\t\t<\/h3>\r\n\t\t\t\t\t\t\r\n\t\t\t\t\t\t\r\n\t\t\t\t\t\t\t\t\t\t\t<\/div>\r\n\t\t\t\t\t<\/div><!-- .sina-content-box -->\r\n\t\t\t\t\t\t<\/div>\n\t\t\t\t<\/div>\n\t\t\t\t\t<\/div>\n\t\t\t\t<\/div>\n\t\t\t\t<\/div>","protected":false},"excerpt":{"rendered":"<p>Procedimentos Administrativos para designa\u00e7\u00e3o de Servidores Efetivos para Fun\u00e7\u00f5es de Chefia Portaria n\u00ba 325 &#8211; DOE N\u00ba 21.756 Anexo I Anexo II Anexo III Anexo IV Anexo V Anexo VI Procedimentos para Prorroga\u00e7\u00e3o de Contratos de Pessoal Tempor\u00e1rio Portaria n\u00ba 1505 &#8211; DOE N\u00ba 21.670 Formul\u00e1rio Portaria n\u00ba 1505 &#8211; DOE N\u00ba 21670 &#8211; Revogada [&hellip;]<\/p>\n","protected":false},"author":6,"featured_media":0,"parent":0,"menu_order":3,"comment_status":"closed","ping_status":"closed","template":"template-fullwidth.php","meta":{"_monsterinsights_skip_tracking":false,"_monsterinsights_sitenote_active":false,"_monsterinsights_sitenote_note":"","_monsterinsights_sitenote_category":0,"footnotes":"","_wp_rev_ctl_limit":""},"categories":[63],"tags":[],"publishpress_future_action":{"enabled":false,"date":"2026-04-20 11:12:44","action":"change-status","newStatus":"draft","terms":[],"taxonomy":"category"},"publishpress_future_workflow_manual_trigger":{"enabledWorkflows":[]},"_links":{"self":[{"href":"https:\/\/sap.sc.gov.br\/en\/wp-json\/wp\/v2\/pages\/1840"}],"collection":[{"href":"https:\/\/sap.sc.gov.br\/en\/wp-json\/wp\/v2\/pages"}],"about":[{"href":"https:\/\/sap.sc.gov.br\/en\/wp-json\/wp\/v2\/types\/page"}],"author":[{"embeddable":true,"href":"https:\/\/sap.sc.gov.br\/en\/wp-json\/wp\/v2\/users\/6"}],"replies":[{"embeddable":true,"href":"https:\/\/sap.sc.gov.br\/en\/wp-json\/wp\/v2\/comments?post=1840"}],"version-history":[{"count":0,"href":"https:\/\/sap.sc.gov.br\/en\/wp-json\/wp\/v2\/pages\/1840\/revisions"}],"wp:attachment":[{"href":"https:\/\/sap.sc.gov.br\/en\/wp-json\/wp\/v2\/media?parent=1840"}],"wp:term":[{"taxonomy":"category","embeddable":true,"href":"https:\/\/sap.sc.gov.br\/en\/wp-json\/wp\/v2\/categories?post=1840"},{"taxonomy":"post_tag","embeddable":true,"href":"https:\/\/sap.sc.gov.br\/en\/wp-json\/wp\/v2\/tags?post=1840"}],"curies":[{"name":"wp","href":"https:\/\/api.w.org\/{rel}","templated":true}]}}