{"id":19303,"date":"2024-05-29T17:00:10","date_gmt":"2024-05-29T20:00:10","guid":{"rendered":"https:\/\/www.sap.sc.gov.br\/?page_id=19303"},"modified":"2024-05-29T17:36:33","modified_gmt":"2024-05-29T20:36:33","slug":"cursos-e-capacitacao","status":"publish","type":"page","link":"https:\/\/sap.sc.gov.br\/en\/cursos-e-capacitacao\/","title":{"rendered":"CURSOS E CAPACITA\u00c7\u00d5ES"},"content":{"rendered":"<p><strong>CURSOS E CAPACITA\u00c7\u00d5ES<\/strong><\/p>\n<style>.wp-show-posts-columns#wpsp-19305 {margin-left: -2em; }.wp-show-posts-columns#wpsp-19305 .wp-show-posts-inner {margin: 0 0 2em 2em; }<\/style><section id=\"wpsp-19305\" class=\"wp-show-posts\" style=\"\"><article class=\"wp-show-posts-single wpsp-clearfix post-24461 post type-post status-publish format-standard hentry category-cursos-e-capacitacao-cursos-e-capacitacao category-cursos-e-capacitacao\" itemtype=\"http:\/\/schema.org\/CreativeWork\" itemscope><div class=\"wp-show-posts-inner\" style=\"\">\t\t\t\t\t\t<header class=\"wp-show-posts-entry-header\">\n\t\t\t\t\t\t\t<h2 class=\"wp-show-posts-entry-title\" itemprop=\"headline\"><a href=\"https:\/\/sap.sc.gov.br\/en\/edital-002-2026-iv-curso-de-seguranca-e-protecao-de-autoridades\/\" rel=\"bookmark\">EDITAL 002\/2026 &#8211; IV CURSO DE SEGURAN\u00c7A E PROTE\u00c7\u00c3O DE AUTORIDADES<\/a><\/h2><div class=\"wp-show-posts-entry-meta wp-show-posts-entry-meta-below-title post-meta-inline\"><span class=\"wp-show-posts-posted-on wp-show-posts-meta\">\n\t\t\t\t\t<a href=\"https:\/\/sap.sc.gov.br\/en\/edital-002-2026-iv-curso-de-seguranca-e-protecao-de-autoridades\/\" title=\"15:48\" rel=\"bookmark\"><time class=\"wp-show-posts-entry-date published\" datetime=\"2026-03-31T15:48:01-03:00\" itemprop=\"datePublished\">31 de March de 2026<\/time><time class=\"wp-show-posts-updated\" datetime=\"2026-04-14T10:01:18-03:00\" itemprop=\"dateModified\">14 de April de 2026<\/time><\/a>\n\t\t\t\t<\/span><\/div>\t\t\t\t\t\t<\/header><!-- .entry-header -->\n\t\t\t\t\t\t\t\t\t\t\t<div class=\"wp-show-posts-entry-summary\" itemprop=\"text\">\n\t\t\t\t\t\t\t<p>Edital Termo de Responsabilidade e Voluntariado Termo de Autoriza\u00e7\u00e3o Uso de Imagem Ficha de Inscri\u00e7\u00e3o Termo de Comprometimento Retifica\u00e7\u00e3o do Edital Divulga\u00e7\u00e3o dos Candidatos Selecionados -NSI Resultado ap\u00f3s prazo de&#8230;<\/p>\n\t\t\t\t\t\t<\/div><!-- .entry-summary -->\n\t\t\t\t\t<div class=\"wpsp-read-more\"><a title=\"EDITAL 002\/2026 &#8211; IV CURSO DE SEGURAN\u00c7A E PROTE\u00c7\u00c3O DE AUTORIDADES\" class=\"wp-show-posts-read-more\" href=\"https:\/\/sap.sc.gov.br\/en\/edital-002-2026-iv-curso-de-seguranca-e-protecao-de-autoridades\/\">Leia mais<\/a><\/div><\/div><!-- wp-show-posts-inner --><div class=\"wpsp-clear\"><\/div><\/article><article class=\"wp-show-posts-single wpsp-clearfix post-24378 post type-post status-publish format-standard hentry category-cursos-e-capacitacao-cursos-e-capacitacao\" itemtype=\"http:\/\/schema.org\/CreativeWork\" itemscope><div class=\"wp-show-posts-inner\" style=\"\">\t\t\t\t\t\t<header class=\"wp-show-posts-entry-header\">\n\t\t\t\t\t\t\t<h2 class=\"wp-show-posts-entry-title\" itemprop=\"headline\"><a href=\"https:\/\/sap.sc.gov.br\/en\/edital-n-o-001-2026-ufba-processo-seletivo-para-ingresso-no-curso-de-especializacao-em-gestao-e-lideranca-para-mulheres-na-seguranca-publica\/\" rel=\"bookmark\">EDITAL N.\u00ba 001\/2026\/UFBA &#8211; PROCESSO SELETIVO PARA INGRESSO NO CURSO DE ESPECIALIZA\u00c7\u00c3O EM GEST\u00c3O E LIDERAN\u00c7A PARA MULHERES NA SEGURAN\u00c7A P\u00daBLICA<\/a><\/h2><div class=\"wp-show-posts-entry-meta wp-show-posts-entry-meta-below-title post-meta-inline\"><span class=\"wp-show-posts-posted-on wp-show-posts-meta\">\n\t\t\t\t\t<a href=\"https:\/\/sap.sc.gov.br\/en\/edital-n-o-001-2026-ufba-processo-seletivo-para-ingresso-no-curso-de-especializacao-em-gestao-e-lideranca-para-mulheres-na-seguranca-publica\/\" title=\"17:13\" rel=\"bookmark\"><time class=\"wp-show-posts-entry-date published\" datetime=\"2026-03-17T17:13:51-03:00\" itemprop=\"datePublished\">17 de March de 2026<\/time><\/a>\n\t\t\t\t<\/span><\/div>\t\t\t\t\t\t<\/header><!-- .entry-header -->\n\t\t\t\t\t\t\t\t\t\t\t<div class=\"wp-show-posts-entry-summary\" itemprop=\"text\">\n\t\t\t\t\t\t\t<p>A Escola de Administra\u00e7\u00e3o da Universidade Federal da Bahia, mediante o Centro Interdisciplinar de Estudos e Forma\u00e7\u00e3o em Seguran\u00e7a P\u00fablica- CIGESP, torna p\u00fablica a abertura do processo Seletivo de discentes&#8230;<\/p>\n\t\t\t\t\t\t<\/div><!-- .entry-summary -->\n\t\t\t\t\t<div class=\"wpsp-read-more\"><a title=\"EDITAL N.\u00ba 001\/2026\/UFBA &#8211; PROCESSO SELETIVO PARA INGRESSO NO CURSO DE ESPECIALIZA\u00c7\u00c3O EM GEST\u00c3O E LIDERAN\u00c7A PARA MULHERES NA SEGURAN\u00c7A P\u00daBLICA\" class=\"wp-show-posts-read-more\" href=\"https:\/\/sap.sc.gov.br\/en\/edital-n-o-001-2026-ufba-processo-seletivo-para-ingresso-no-curso-de-especializacao-em-gestao-e-lideranca-para-mulheres-na-seguranca-publica\/\">Leia mais<\/a><\/div><\/div><!-- wp-show-posts-inner --><div class=\"wpsp-clear\"><\/div><\/article><article class=\"wp-show-posts-single wpsp-clearfix post-23975 post type-post status-publish format-standard hentry category-cursos-e-capacitacao-cursos-e-capacitacao\" itemtype=\"http:\/\/schema.org\/CreativeWork\" itemscope><div class=\"wp-show-posts-inner\" style=\"\">\t\t\t\t\t\t<header class=\"wp-show-posts-entry-header\">\n\t\t\t\t\t\t\t<h2 class=\"wp-show-posts-entry-title\" itemprop=\"headline\"><a href=\"https:\/\/sap.sc.gov.br\/en\/edital-001-2026-sejuri-acaps-curso-de-inteligencia-penitenciaria-cip\/\" rel=\"bookmark\">EDITAL 001\/2026\/SEJURI\/ACAPS CURSO DE INTELIG\u00caNCIA PENITENCI\u00c1RIA &#8211; CIP<\/a><\/h2><div class=\"wp-show-posts-entry-meta wp-show-posts-entry-meta-below-title post-meta-inline\"><span class=\"wp-show-posts-posted-on wp-show-posts-meta\">\n\t\t\t\t\t<a href=\"https:\/\/sap.sc.gov.br\/en\/edital-001-2026-sejuri-acaps-curso-de-inteligencia-penitenciaria-cip\/\" title=\"18:12\" rel=\"bookmark\"><time class=\"wp-show-posts-entry-date published\" datetime=\"2026-02-13T18:12:05-03:00\" itemprop=\"datePublished\">13 de February de 2026<\/time><time class=\"wp-show-posts-updated\" datetime=\"2026-03-02T18:01:54-03:00\" itemprop=\"dateModified\">2 de March de 2026<\/time><\/a>\n\t\t\t\t<\/span><\/div>\t\t\t\t\t\t<\/header><!-- .entry-header -->\n\t\t\t\t\t\t\t\t\t\t\t<div class=\"wp-show-posts-entry-summary\" itemprop=\"text\">\n\t\t\t\t\t\t\t<p>Edital Ficha de Inscri\u00e7\u00e3o Autoriza\u00e7\u00e3o da Chefia Imediata Resultado Preliminar Resultado Preliminar &#8211; RETIFICA\u00c7\u00c3O Resultado Preliminar &#8211; RETIFICA\u00c7\u00c3O 02 Resultado Definitivo Resultado Definitivo &#8211; RETIFICA\u00c7\u00c3O<\/p>\n\t\t\t\t\t\t<\/div><!-- .entry-summary -->\n\t\t\t\t\t<div class=\"wpsp-read-more\"><a title=\"EDITAL 001\/2026\/SEJURI\/ACAPS CURSO DE INTELIG\u00caNCIA PENITENCI\u00c1RIA &#8211; CIP\" class=\"wp-show-posts-read-more\" href=\"https:\/\/sap.sc.gov.br\/en\/edital-001-2026-sejuri-acaps-curso-de-inteligencia-penitenciaria-cip\/\">Leia mais<\/a><\/div><\/div><!-- wp-show-posts-inner --><div class=\"wpsp-clear\"><\/div><\/article><article class=\"wp-show-posts-single wpsp-clearfix post-23053 post type-post status-publish format-standard hentry category-cursos-e-capacitacao-cursos-e-capacitacao category-cursos-e-capacitacao\" itemtype=\"http:\/\/schema.org\/CreativeWork\" itemscope><div class=\"wp-show-posts-inner\" style=\"\">\t\t\t\t\t\t<header class=\"wp-show-posts-entry-header\">\n\t\t\t\t\t\t\t<h2 class=\"wp-show-posts-entry-title\" itemprop=\"headline\"><a href=\"https:\/\/sap.sc.gov.br\/en\/edital-005-2025-sejuri-acaps-curso-de-tecnicas-operacionais-policiais-top-xvii\/\" rel=\"bookmark\">EDITAL 005\/2025\/SEJURI\/ACAPS CURSO DE T\u00c9CNICAS OPERACIONAIS POLICIAIS \u2013 TOP XVII<\/a><\/h2><div class=\"wp-show-posts-entry-meta wp-show-posts-entry-meta-below-title post-meta-inline\"><span class=\"wp-show-posts-posted-on wp-show-posts-meta\">\n\t\t\t\t\t<a href=\"https:\/\/sap.sc.gov.br\/en\/edital-005-2025-sejuri-acaps-curso-de-tecnicas-operacionais-policiais-top-xvii\/\" title=\"08:35\" rel=\"bookmark\"><time class=\"wp-show-posts-entry-date published\" datetime=\"2025-11-05T08:35:13-03:00\" itemprop=\"datePublished\">5 de November de 2025<\/time><time class=\"wp-show-posts-updated\" datetime=\"2026-01-07T16:37:41-03:00\" itemprop=\"dateModified\">7 de January de 2026<\/time><\/a>\n\t\t\t\t<\/span><\/div>\t\t\t\t\t\t<\/header><!-- .entry-header -->\n\t\t\t\t\t\t\t\t\t\t\t<div class=\"wp-show-posts-entry-summary\" itemprop=\"text\">\n\t\t\t\t\t\t\t<p>A Academia de Administra\u00e7\u00e3o Prisional e Socioeducativa (Acaps), da Secretaria de Estado da Justi\u00e7a e Reintegra\u00e7\u00e3o Social de Santa Catarina, anuncia processo de SELE\u00c7\u00c3O de Policiais Penais para o 17o&#8230;<\/p>\n\t\t\t\t\t\t<\/div><!-- .entry-summary -->\n\t\t\t\t\t<div class=\"wpsp-read-more\"><a title=\"EDITAL 005\/2025\/SEJURI\/ACAPS CURSO DE T\u00c9CNICAS OPERACIONAIS POLICIAIS \u2013 TOP XVII\" class=\"wp-show-posts-read-more\" href=\"https:\/\/sap.sc.gov.br\/en\/edital-005-2025-sejuri-acaps-curso-de-tecnicas-operacionais-policiais-top-xvii\/\">Leia mais<\/a><\/div><\/div><!-- wp-show-posts-inner --><div class=\"wpsp-clear\"><\/div><\/article><article class=\"wp-show-posts-single wpsp-clearfix post-23027 post type-post status-publish format-standard hentry category-cursos-e-capacitacao-cursos-e-capacitacao category-cursos-e-capacitacao\" itemtype=\"http:\/\/schema.org\/CreativeWork\" itemscope><div class=\"wp-show-posts-inner\" style=\"\">\t\t\t\t\t\t<header class=\"wp-show-posts-entry-header\">\n\t\t\t\t\t\t\t<h2 class=\"wp-show-posts-entry-title\" itemprop=\"headline\"><a href=\"https:\/\/sap.sc.gov.br\/en\/edital-004-2025-sejuri-acaps-curso-de-inteligencia-penitenciaria-cip\/\" rel=\"bookmark\">EDITAL 004\/2025\/SEJURI\/ACAPS CURSO DE INTELIG\u00caNCIA PENITENCI\u00c1RIA &#8211; CIP<\/a><\/h2><div class=\"wp-show-posts-entry-meta wp-show-posts-entry-meta-below-title post-meta-inline\"><span class=\"wp-show-posts-posted-on wp-show-posts-meta\">\n\t\t\t\t\t<a href=\"https:\/\/sap.sc.gov.br\/en\/edital-004-2025-sejuri-acaps-curso-de-inteligencia-penitenciaria-cip\/\" title=\"16:58\" rel=\"bookmark\"><time class=\"wp-show-posts-entry-date published\" datetime=\"2025-11-03T16:58:56-03:00\" itemprop=\"datePublished\">3 de November de 2025<\/time><time class=\"wp-show-posts-updated\" datetime=\"2025-11-17T20:22:03-03:00\" itemprop=\"dateModified\">17 de November de 2025<\/time><\/a>\n\t\t\t\t<\/span><\/div>\t\t\t\t\t\t<\/header><!-- .entry-header -->\n\t\t\t\t\t\t\t\t\t\t\t<div class=\"wp-show-posts-entry-summary\" itemprop=\"text\">\n\t\t\t\t\t\t\t<p>A Academia de Administra\u00e7\u00e3o Prisional e Socioeducativa (Acaps), da Secretaria de Estado da Justi\u00e7a e Reintegra\u00e7\u00e3o Social (SEJURI) de Santa Catarina, anuncia a regulamenta\u00e7\u00e3o do Curso de Intelig\u00eancia Penitenci\u00e1ria &#8211;&#8230;<\/p>\n\t\t\t\t\t\t<\/div><!-- .entry-summary -->\n\t\t\t\t\t<div class=\"wpsp-read-more\"><a title=\"EDITAL 004\/2025\/SEJURI\/ACAPS CURSO DE INTELIG\u00caNCIA PENITENCI\u00c1RIA &#8211; CIP\" class=\"wp-show-posts-read-more\" href=\"https:\/\/sap.sc.gov.br\/en\/edital-004-2025-sejuri-acaps-curso-de-inteligencia-penitenciaria-cip\/\">Leia mais<\/a><\/div><\/div><!-- wp-show-posts-inner --><div class=\"wpsp-clear\"><\/div><\/article><article class=\"wp-show-posts-single wpsp-clearfix post-22906 post type-post status-publish format-standard hentry category-cursos-e-capacitacao-cursos-e-capacitacao\" itemtype=\"http:\/\/schema.org\/CreativeWork\" itemscope><div class=\"wp-show-posts-inner\" style=\"\">\t\t\t\t\t\t<header class=\"wp-show-posts-entry-header\">\n\t\t\t\t\t\t\t<h2 class=\"wp-show-posts-entry-title\" itemprop=\"headline\"><a href=\"https:\/\/sap.sc.gov.br\/en\/edital-003-2025-sejuri-acaps-v-curso-de-operacoes-e-escoltas-de-alta-complexidade-aguia-de-osso\/\" rel=\"bookmark\">EDITAL 003\/2025\/SEJURI\/ACAPS  &#8211;  V CURSO DE OPERA\u00c7\u00d5ES E ESCOLTAS DE ALTA COMPLEXIDADE &#8211; \u00c1GUIA DE OSSO<\/a><\/h2><div class=\"wp-show-posts-entry-meta wp-show-posts-entry-meta-below-title post-meta-inline\"><span class=\"wp-show-posts-posted-on wp-show-posts-meta\">\n\t\t\t\t\t<a href=\"https:\/\/sap.sc.gov.br\/en\/edital-003-2025-sejuri-acaps-v-curso-de-operacoes-e-escoltas-de-alta-complexidade-aguia-de-osso\/\" title=\"17:21\" rel=\"bookmark\"><time class=\"wp-show-posts-entry-date published\" datetime=\"2025-10-24T17:21:45-03:00\" itemprop=\"datePublished\">24 de October de 2025<\/time><time class=\"wp-show-posts-updated\" datetime=\"2026-01-26T18:41:07-03:00\" itemprop=\"dateModified\">26 de January de 2026<\/time><\/a>\n\t\t\t\t<\/span><\/div>\t\t\t\t\t\t<\/header><!-- .entry-header -->\n\t\t\t\t\t\t\t\t\t\t\t<div class=\"wp-show-posts-entry-summary\" itemprop=\"text\">\n\t\t\t\t\t\t\t<p>A Academia de Administra\u00e7\u00e3o Prisional e Socioeducativa (ACAPS), da Secretaria de Estado de Justi\u00e7a e Reintegra\u00e7\u00e3o Social de Santa Catarina, anuncia o processo de SELE\u00c7\u00c3O de Policiais Penais operadores de&#8230;<\/p>\n\t\t\t\t\t\t<\/div><!-- .entry-summary -->\n\t\t\t\t\t<div class=\"wpsp-read-more\"><a title=\"EDITAL 003\/2025\/SEJURI\/ACAPS  &#8211;  V CURSO DE OPERA\u00c7\u00d5ES E ESCOLTAS DE ALTA COMPLEXIDADE &#8211; \u00c1GUIA DE OSSO\" class=\"wp-show-posts-read-more\" href=\"https:\/\/sap.sc.gov.br\/en\/edital-003-2025-sejuri-acaps-v-curso-de-operacoes-e-escoltas-de-alta-complexidade-aguia-de-osso\/\">Leia mais<\/a><\/div><\/div><!-- wp-show-posts-inner --><div class=\"wpsp-clear\"><\/div><\/article><article class=\"wp-show-posts-single wpsp-clearfix post-22220 post type-post status-publish format-standard hentry category-cursos-e-capacitacao-cursos-e-capacitacao category-cursos-e-capacitacao\" itemtype=\"http:\/\/schema.org\/CreativeWork\" itemscope><div class=\"wp-show-posts-inner\" style=\"\">\t\t\t\t\t\t<header class=\"wp-show-posts-entry-header\">\n\t\t\t\t\t\t\t<h2 class=\"wp-show-posts-entry-title\" itemprop=\"headline\"><a href=\"https:\/\/sap.sc.gov.br\/en\/edital-002-2025-sejuri-acaps\/\" rel=\"bookmark\">EDITAL &#8211; III Curso de Interven\u00e7\u00e3o Prisional Avan\u00e7ado<\/a><\/h2><div class=\"wp-show-posts-entry-meta wp-show-posts-entry-meta-below-title post-meta-inline\"><span class=\"wp-show-posts-posted-on wp-show-posts-meta\">\n\t\t\t\t\t<a href=\"https:\/\/sap.sc.gov.br\/en\/edital-002-2025-sejuri-acaps\/\" title=\"17:42\" rel=\"bookmark\"><time class=\"wp-show-posts-entry-date published\" datetime=\"2025-09-03T17:42:01-03:00\" itemprop=\"datePublished\">3 de September de 2025<\/time><time class=\"wp-show-posts-updated\" datetime=\"2025-10-06T18:00:35-03:00\" itemprop=\"dateModified\">6 de October de 2025<\/time><\/a>\n\t\t\t\t<\/span><\/div>\t\t\t\t\t\t<\/header><!-- .entry-header -->\n\t\t\t\t\t\t\t\t\t\t\t<div class=\"wp-show-posts-entry-summary\" itemprop=\"text\">\n\t\t\t\t\t\t\t<p>A Academia de Administra\u00e7\u00e3o Prisional e Socioeducativa (ACAPS), da Secretaria de Estado de Justi\u00e7a e Reintegra\u00e7\u00e3o Social de Santa Catarina, anuncia o processo de SELE\u00c7\u00c3O de Policiais Penais para o&#8230;<\/p>\n\t\t\t\t\t\t<\/div><!-- .entry-summary -->\n\t\t\t\t\t<div class=\"wpsp-read-more\"><a title=\"EDITAL &#8211; III Curso de Interven\u00e7\u00e3o Prisional Avan\u00e7ado\" class=\"wp-show-posts-read-more\" href=\"https:\/\/sap.sc.gov.br\/en\/edital-002-2025-sejuri-acaps\/\">Leia mais<\/a><\/div><\/div><!-- wp-show-posts-inner --><div class=\"wpsp-clear\"><\/div><\/article><article class=\"wp-show-posts-single wpsp-clearfix post-20758 post type-post status-publish format-standard hentry category-cursos-e-capacitacao-cursos-e-capacitacao category-cursos-e-capacitacao\" itemtype=\"http:\/\/schema.org\/CreativeWork\" itemscope><div class=\"wp-show-posts-inner\" style=\"\">\t\t\t\t\t\t<header class=\"wp-show-posts-entry-header\">\n\t\t\t\t\t\t\t<h2 class=\"wp-show-posts-entry-title\" itemprop=\"headline\"><a href=\"https:\/\/sap.sc.gov.br\/en\/edital-tecnicas-operacionais-policiais-top-xv\/\" rel=\"bookmark\">Edital T\u00e9cnicas Operacionais Policiais &#8211; TOP XV<\/a><\/h2><div class=\"wp-show-posts-entry-meta wp-show-posts-entry-meta-below-title post-meta-inline\"><span class=\"wp-show-posts-posted-on wp-show-posts-meta\">\n\t\t\t\t\t<a href=\"https:\/\/sap.sc.gov.br\/en\/edital-tecnicas-operacionais-policiais-top-xv\/\" title=\"12:45\" rel=\"bookmark\"><time class=\"wp-show-posts-entry-date published\" datetime=\"2025-04-04T12:45:02-03:00\" itemprop=\"datePublished\">4 de April de 2025<\/time><\/a>\n\t\t\t\t<\/span><\/div>\t\t\t\t\t\t<\/header><!-- .entry-header -->\n\t\t\t\t\t\t\t\t\t\t\t<div class=\"wp-show-posts-entry-summary\" itemprop=\"text\">\n\t\t\t\t\t\t\t<p>A Academia de Administra\u00e7\u00e3o Prisional e Socioeducativa (ACAPS) juntamente com a\u00a0Secretaria de Estado de Justi\u00e7a e Reintegra\u00e7\u00e3o Social (SEJURI) anuncia oficialmente o lan\u00e7amento do edital do 15\u00ba Curso de T\u00e9cnicas&#8230;<\/p>\n\t\t\t\t\t\t<\/div><!-- .entry-summary -->\n\t\t\t\t\t<div class=\"wpsp-read-more\"><a title=\"Edital T\u00e9cnicas Operacionais Policiais &#8211; TOP XV\" class=\"wp-show-posts-read-more\" href=\"https:\/\/sap.sc.gov.br\/en\/edital-tecnicas-operacionais-policiais-top-xv\/\">Leia mais<\/a><\/div><\/div><!-- wp-show-posts-inner --><div class=\"wpsp-clear\"><\/div><\/article><article class=\"wp-show-posts-single wpsp-clearfix post-20624 post type-post status-publish format-standard hentry category-cursos-e-capacitacao-cursos-e-capacitacao category-cursos-e-capacitacao\" itemtype=\"http:\/\/schema.org\/CreativeWork\" itemscope><div class=\"wp-show-posts-inner\" style=\"\">\t\t\t\t\t\t<header class=\"wp-show-posts-entry-header\">\n\t\t\t\t\t\t\t<h2 class=\"wp-show-posts-entry-title\" itemprop=\"headline\"><a href=\"https:\/\/sap.sc.gov.br\/en\/habilitacao-fuzil-5-56-especial-mes-da-mulher\/\" rel=\"bookmark\">HABILITA\u00c7\u00c3O FUZIL 5.56 &#8211; ESPECIAL M\u00caS DA MULHER<\/a><\/h2><div class=\"wp-show-posts-entry-meta wp-show-posts-entry-meta-below-title post-meta-inline\"><span class=\"wp-show-posts-posted-on wp-show-posts-meta\">\n\t\t\t\t\t<a href=\"https:\/\/sap.sc.gov.br\/en\/habilitacao-fuzil-5-56-especial-mes-da-mulher\/\" title=\"10:39\" rel=\"bookmark\"><time class=\"wp-show-posts-entry-date published\" datetime=\"2025-03-13T10:39:30-03:00\" itemprop=\"datePublished\">13 de March de 2025<\/time><\/a>\n\t\t\t\t<\/span><\/div>\t\t\t\t\t\t<\/header><!-- .entry-header -->\n\t\t\t\t\t\t\t\t\t\t\t<div class=\"wp-show-posts-entry-summary\" itemprop=\"text\">\n\t\t\t\t\t\t\t<p>Em comemora\u00e7\u00e3o ao Dia Internacional da Mulher, a Secretaria de Estado de Justi\u00e7a e Reintegra\u00e7\u00e3o Social &#8211; SEJURI, em parceria com a Academia de Administra\u00e7\u00e3o Prisional e Socioeducativa &#8211; ACAPS,&#8230;<\/p>\n\t\t\t\t\t\t<\/div><!-- .entry-summary -->\n\t\t\t\t\t<div class=\"wpsp-read-more\"><a title=\"HABILITA\u00c7\u00c3O FUZIL 5.56 &#8211; ESPECIAL M\u00caS DA MULHER\" class=\"wp-show-posts-read-more\" href=\"https:\/\/sap.sc.gov.br\/en\/habilitacao-fuzil-5-56-especial-mes-da-mulher\/\">Leia mais<\/a><\/div><\/div><!-- wp-show-posts-inner --><div class=\"wpsp-clear\"><\/div><\/article><article class=\"wp-show-posts-single wpsp-clearfix post-19902 post type-post status-publish format-standard hentry category-cursos-e-capacitacao category-cursos-e-capacitacao-cursos-e-capacitacao\" itemtype=\"http:\/\/schema.org\/CreativeWork\" itemscope><div class=\"wp-show-posts-inner\" style=\"\">\t\t\t\t\t\t<header class=\"wp-show-posts-entry-header\">\n\t\t\t\t\t\t\t<h2 class=\"wp-show-posts-entry-title\" itemprop=\"headline\"><a href=\"https:\/\/sap.sc.gov.br\/en\/edital-curso-de-tecnicas-operacionais-de-policia-penal-xiv\/\" rel=\"bookmark\">EDITAL CURSO DE T\u00c9CNICAS OPERACIONAIS DE POLICIA PENAL XIV<\/a><\/h2><div class=\"wp-show-posts-entry-meta wp-show-posts-entry-meta-below-title post-meta-inline\"><span class=\"wp-show-posts-posted-on wp-show-posts-meta\">\n\t\t\t\t\t<a href=\"https:\/\/sap.sc.gov.br\/en\/edital-curso-de-tecnicas-operacionais-de-policia-penal-xiv\/\" title=\"15:21\" rel=\"bookmark\"><time class=\"wp-show-posts-entry-date published\" datetime=\"2024-09-24T15:21:49-03:00\" itemprop=\"datePublished\">24 de September de 2024<\/time><time class=\"wp-show-posts-updated\" datetime=\"2024-11-01T10:36:38-03:00\" itemprop=\"dateModified\">1 de November de 2024<\/time><\/a>\n\t\t\t\t<\/span><\/div>\t\t\t\t\t\t<\/header><!-- .entry-header -->\n\t\t\t\t\t\t\t\t\t\t\t<div class=\"wp-show-posts-entry-summary\" itemprop=\"text\">\n\t\t\t\t\t\t\t<p>A Academia de Administra\u00e7\u00e3o Prisional e Socioeducativa (Acaps) anuncia a abertura do per\u00edodo de inscri\u00e7\u00f5es para o 14\u00ba CURSO DE T\u00c9CNICAS OPERACIONAIS DE POL\u00cdCIA PENAL &#8211; TOP XIV. Este curso&#8230;<\/p>\n\t\t\t\t\t\t<\/div><!-- .entry-summary -->\n\t\t\t\t\t<div class=\"wpsp-read-more\"><a title=\"EDITAL CURSO DE T\u00c9CNICAS OPERACIONAIS DE POLICIA PENAL XIV\" class=\"wp-show-posts-read-more\" href=\"https:\/\/sap.sc.gov.br\/en\/edital-curso-de-tecnicas-operacionais-de-policia-penal-xiv\/\">Leia mais<\/a><\/div><\/div><!-- wp-show-posts-inner --><div class=\"wpsp-clear\"><\/div><\/article><\/section><!-- .wp-show-posts -->","protected":false},"excerpt":{"rendered":"<p>CURSOS E CAPACITA\u00c7\u00d5ES<\/p>","protected":false},"author":9,"featured_media":0,"parent":0,"menu_order":0,"comment_status":"closed","ping_status":"closed","template":"template-fullwidth.php","meta":{"_monsterinsights_skip_tracking":false,"_monsterinsights_sitenote_active":false,"_monsterinsights_sitenote_note":"","_monsterinsights_sitenote_category":0,"footnotes":"","_wp_rev_ctl_limit":""},"categories":[1364],"tags":[],"publishpress_future_action":{"enabled":false,"date":"2026-04-22 08:20:16","action":"change-status","newStatus":"draft","terms":[],"taxonomy":"category"},"publishpress_future_workflow_manual_trigger":{"enabledWorkflows":[]},"_links":{"self":[{"href":"https:\/\/sap.sc.gov.br\/en\/wp-json\/wp\/v2\/pages\/19303"}],"collection":[{"href":"https:\/\/sap.sc.gov.br\/en\/wp-json\/wp\/v2\/pages"}],"about":[{"href":"https:\/\/sap.sc.gov.br\/en\/wp-json\/wp\/v2\/types\/page"}],"author":[{"embeddable":true,"href":"https:\/\/sap.sc.gov.br\/en\/wp-json\/wp\/v2\/users\/9"}],"replies":[{"embeddable":true,"href":"https:\/\/sap.sc.gov.br\/en\/wp-json\/wp\/v2\/comments?post=19303"}],"version-history":[{"count":0,"href":"https:\/\/sap.sc.gov.br\/en\/wp-json\/wp\/v2\/pages\/19303\/revisions"}],"wp:attachment":[{"href":"https:\/\/sap.sc.gov.br\/en\/wp-json\/wp\/v2\/media?parent=19303"}],"wp:term":[{"taxonomy":"category","embeddable":true,"href":"https:\/\/sap.sc.gov.br\/en\/wp-json\/wp\/v2\/categories?post=19303"},{"taxonomy":"post_tag","embeddable":true,"href":"https:\/\/sap.sc.gov.br\/en\/wp-json\/wp\/v2\/tags?post=19303"}],"curies":[{"name":"wp","href":"https:\/\/api.w.org\/{rel}","templated":true}]}}