{"id":24120,"date":"2026-03-10T14:33:14","date_gmt":"2026-03-10T17:33:14","guid":{"rendered":"https:\/\/sejuri.sc.gov.br\/?page_id=24120"},"modified":"2026-03-12T14:30:21","modified_gmt":"2026-03-12T17:30:21","slug":"setor-de-trabalho-e-renda","status":"publish","type":"page","link":"https:\/\/sap.sc.gov.br\/en\/setor-de-trabalho-e-renda\/","title":{"rendered":"Setor de Trabalho e Renda"},"content":{"rendered":"<div data-elementor-type=\"wp-page\" data-elementor-id=\"24120\" class=\"elementor elementor-24120\" data-elementor-settings=\"{&quot;ha_cmc_init_switcher&quot;:&quot;no&quot;}\">\n\t\t\t\t<div class=\"elementor-element elementor-element-409905c e-flex e-con-boxed e-con e-parent\" data-id=\"409905c\" data-element_type=\"container\" data-settings=\"{&quot;_ha_eqh_enable&quot;:false}\">\n\t\t\t\t\t<div class=\"e-con-inner\">\n\t\t<div class=\"elementor-element elementor-element-82976d2 e-con-full e-flex e-con e-child\" data-id=\"82976d2\" data-element_type=\"container\" data-settings=\"{&quot;background_background&quot;:&quot;classic&quot;,&quot;_ha_eqh_enable&quot;:false}\">\n\t\t\t\t<div class=\"elementor-element elementor-element-48af54c elementor-widget__width-inherit elementor-widget elementor-widget-heading\" data-id=\"48af54c\" data-element_type=\"widget\" data-widget_type=\"heading.default\">\n\t\t\t\t<div class=\"elementor-widget-container\">\n\t\t\t\t\t<h2 class=\"elementor-heading-title elementor-size-default\">SETOR DE TRABALHO E RENDA<\/h2>\t\t\t\t<\/div>\n\t\t\t\t<\/div>\n\t\t\t\t<div class=\"elementor-element elementor-element-3db3944 elementor-widget__width-initial elementor-widget-mobile__width-initial elementor-widget-tablet_extra__width-initial elementor-widget elementor-widget-sina_content_box\" data-id=\"3db3944\" data-element_type=\"widget\" data-widget_type=\"sina_content_box.default\">\n\t\t\t\t<div class=\"elementor-widget-container\">\n\t\t\t\t\t\t\t<div class=\"sina-content-box clearfix sina-content-box-zoom\">\r\n\r\n\t\t\t\t\t\t\t<a class=\"sina-content-box-linkable\"\r\n\t\t\t\thref=\"\/en\/legislacao\/\"\r\n\t\t\t\t\t\t\t\t><\/a>\r\n\t\t\t\r\n\t\t\t\r\n\t\t\t\t\t\t\t\t\t\t\t\t\t\t<div class=\"sina-content-box-icon\">\r\n\t\t\t\t\t\t\t<i class=\"icofont icofont-law-alt-2\"><\/i>\r\n\t\t\t\t\t\t<\/div>\r\n\t\t\t\t\t\r\n\t\t\t\t\t<div class=\"sina-content-box-content\">\r\n\t\t\t\t\t\t\t\t\t\t\t\t\t<h3 class=\"sina-content-box-title\">\r\n\t\t\t\t\t\t\t\t\t\t\t\t\t\t\t\t\t<a href=\"\/en\/legislacao\/\"\r\n\t\t\t\t\t\t\t\t\t\t\t\t\t\t\t\t\t\t\t\t>\r\n\t\t\t\t\t\t\t\t\t\tLEGISLA\u00c7\u00c3O\t\t\t\t\t\t\t\t\t<\/a>\r\n\t\t\t\t\t\t\t\t\t\t\t\t\t\t\t<\/h3>\r\n\t\t\t\t\t\t\r\n\t\t\t\t\t\t\r\n\t\t\t\t\t\t\t\t\t\t\t<\/div>\r\n\t\t\t\t\t<\/div><!-- .sina-content-box -->\r\n\t\t\t\t\t\t<\/div>\n\t\t\t\t<\/div>\n\t\t\t\t<div class=\"elementor-element elementor-element-0b7c0fa elementor-widget__width-initial elementor-widget-mobile__width-initial elementor-widget-tablet_extra__width-initial elementor-widget elementor-widget-sina_content_box\" data-id=\"0b7c0fa\" data-element_type=\"widget\" data-widget_type=\"sina_content_box.default\">\n\t\t\t\t<div class=\"elementor-widget-container\">\n\t\t\t\t\t\t\t<div class=\"sina-content-box clearfix sina-content-box-zoom\">\r\n\r\n\t\t\t\t\t\t\t<a class=\"sina-content-box-linkable\"\r\n\t\t\t\thref=\"https:\/\/sejuri.sc.gov.br\/orientacoes\/\"\r\n\t\t\t\t\t\t\t\t><\/a>\r\n\t\t\t\r\n\t\t\t\r\n\t\t\t\t\t\t\t\t\t\t\t\t\t\t<div class=\"sina-content-box-icon\">\r\n\t\t\t\t\t\t\t<i class=\"icofont icofont-paper\"><\/i>\r\n\t\t\t\t\t\t<\/div>\r\n\t\t\t\t\t\r\n\t\t\t\t\t<div class=\"sina-content-box-content\">\r\n\t\t\t\t\t\t\t\t\t\t\t\t\t<h3 class=\"sina-content-box-title\">\r\n\t\t\t\t\t\t\t\t\t\t\t\t\t\t\t\t\t<a href=\"https:\/\/sejuri.sc.gov.br\/orientacoes\/\"\r\n\t\t\t\t\t\t\t\t\t\t\t\t\t\t\t\t\t\t\t\t>\r\n\t\t\t\t\t\t\t\t\t\tORIENTA\u00c7\u00d5ES\t\t\t\t\t\t\t\t\t<\/a>\r\n\t\t\t\t\t\t\t\t\t\t\t\t\t\t\t<\/h3>\r\n\t\t\t\t\t\t\r\n\t\t\t\t\t\t\r\n\t\t\t\t\t\t\t\t\t\t\t<\/div>\r\n\t\t\t\t\t<\/div><!-- .sina-content-box -->\r\n\t\t\t\t\t\t<\/div>\n\t\t\t\t<\/div>\n\t\t\t\t<div class=\"elementor-element elementor-element-a64d4bf elementor-widget__width-initial elementor-widget-mobile__width-initial elementor-widget-tablet_extra__width-initial elementor-widget elementor-widget-sina_content_box\" data-id=\"a64d4bf\" data-element_type=\"widget\" data-widget_type=\"sina_content_box.default\">\n\t\t\t\t<div class=\"elementor-widget-container\">\n\t\t\t\t\t\t\t<div class=\"sina-content-box clearfix sina-content-box-zoom\">\r\n\r\n\t\t\t\t\t\t\t<a class=\"sina-content-box-linkable\"\r\n\t\t\t\thref=\"https:\/\/sejuri.sc.gov.br\/setor-de-trabalho-e-renda\/parcerias-laborais\/\"\r\n\t\t\t\t\t\t\t\t><\/a>\r\n\t\t\t\r\n\t\t\t\r\n\t\t\t\t\t\t\t\t\t\t\t\t\t\t<div class=\"sina-content-box-icon\">\r\n\t\t\t\t\t\t\t<i class=\"icofont icofont-worker\"><\/i>\r\n\t\t\t\t\t\t<\/div>\r\n\t\t\t\t\t\r\n\t\t\t\t\t<div class=\"sina-content-box-content\">\r\n\t\t\t\t\t\t\t\t\t\t\t\t\t<h3 class=\"sina-content-box-title\">\r\n\t\t\t\t\t\t\t\t\t\t\t\t\t\t\t\t\t<a href=\"https:\/\/sejuri.sc.gov.br\/setor-de-trabalho-e-renda\/parcerias-laborais\/\"\r\n\t\t\t\t\t\t\t\t\t\t\t\t\t\t\t\t\t\t\t\t>\r\n\t\t\t\t\t\t\t\t\t\tPARCERIAS LABORAIS\t\t\t\t\t\t\t\t\t<\/a>\r\n\t\t\t\t\t\t\t\t\t\t\t\t\t\t\t<\/h3>\r\n\t\t\t\t\t\t\r\n\t\t\t\t\t\t\r\n\t\t\t\t\t\t\t\t\t\t\t<\/div>\r\n\t\t\t\t\t<\/div><!-- .sina-content-box -->\r\n\t\t\t\t\t\t<\/div>\n\t\t\t\t<\/div>\n\t\t\t\t<div class=\"elementor-element elementor-element-01f370d elementor-widget__width-initial elementor-widget-mobile__width-initial elementor-widget-tablet_extra__width-initial elementor-widget elementor-widget-sina_content_box\" data-id=\"01f370d\" data-element_type=\"widget\" data-widget_type=\"sina_content_box.default\">\n\t\t\t\t<div class=\"elementor-widget-container\">\n\t\t\t\t\t\t\t<div class=\"sina-content-box clearfix sina-content-box-zoom\">\r\n\r\n\t\t\t\t\t\t\t<a class=\"sina-content-box-linkable\"\r\n\t\t\t\thref=\"https:\/\/sejuri.sc.gov.br\/boas-praticas\/\"\r\n\t\t\t\t\t\t\t\t\ttarget=\"_blank\" \r\n\t\t\t\t\t\t\t\t\t\t\t\t\trel=\"nofollow\" \r\n\t\t\t\t><\/a>\r\n\t\t\t\r\n\t\t\t\r\n\t\t\t\t\t\t\t\t\t\t\t\t\t\t<div class=\"sina-content-box-icon\">\r\n\t\t\t\t\t\t\t<i class=\"icofont icofont-black-board\"><\/i>\r\n\t\t\t\t\t\t<\/div>\r\n\t\t\t\t\t\r\n\t\t\t\t\t<div class=\"sina-content-box-content\">\r\n\t\t\t\t\t\t\t\t\t\t\t\t\t<h3 class=\"sina-content-box-title\">\r\n\t\t\t\t\t\t\t\t\t\t\t\t\t\t\t\t\t<a href=\"https:\/\/sejuri.sc.gov.br\/boas-praticas\/\"\r\n\t\t\t\t\t\t\t\t\t\t\t\t\t\t\t\t\t\t\t\t\ttarget=\"_blank\" \r\n\t\t\t\t\t\t\t\t\t\t\t\t\t\t\t\t\t\t\t\t\t\t\t\t\t\t\t\t\t\t\trel=\"nofollow\" \r\n\t\t\t\t\t\t\t\t\t\t>\r\n\t\t\t\t\t\t\t\t\t\tBOAS PR\u00c1TICAS\t\t\t\t\t\t\t\t\t<\/a>\r\n\t\t\t\t\t\t\t\t\t\t\t\t\t\t\t<\/h3>\r\n\t\t\t\t\t\t\r\n\t\t\t\t\t\t\r\n\t\t\t\t\t\t\t\t\t\t\t<\/div>\r\n\t\t\t\t\t<\/div><!-- .sina-content-box -->\r\n\t\t\t\t\t\t<\/div>\n\t\t\t\t<\/div>\n\t\t\t\t<div class=\"elementor-element elementor-element-18f4307 elementor-widget__width-initial elementor-widget-mobile__width-initial elementor-widget-tablet_extra__width-initial elementor-widget elementor-widget-sina_content_box\" data-id=\"18f4307\" data-element_type=\"widget\" data-widget_type=\"sina_content_box.default\">\n\t\t\t\t<div class=\"elementor-widget-container\">\n\t\t\t\t\t\t\t<div class=\"sina-content-box clearfix sina-content-box-zoom\">\r\n\r\n\t\t\t\t\t\t\t<a class=\"sina-content-box-linkable\"\r\n\t\t\t\thref=\"\/en\/chamamento-publico\/\"\r\n\t\t\t\t\t\t\t\t><\/a>\r\n\t\t\t\r\n\t\t\t\r\n\t\t\t\t\t\t\t\t\t\t\t\t\t\t<div class=\"sina-content-box-icon\">\r\n\t\t\t\t\t\t\t<i class=\"eicon-speakerphone\"><\/i>\r\n\t\t\t\t\t\t<\/div>\r\n\t\t\t\t\t\r\n\t\t\t\t\t<div class=\"sina-content-box-content\">\r\n\t\t\t\t\t\t\t\t\t\t\t\t\t<h3 class=\"sina-content-box-title\">\r\n\t\t\t\t\t\t\t\t\t\t\t\t\t\t\t\t\t<a href=\"\/en\/chamamento-publico\/\"\r\n\t\t\t\t\t\t\t\t\t\t\t\t\t\t\t\t\t\t\t\t>\r\n\t\t\t\t\t\t\t\t\t\tCHAMAMENTOS P\u00daBLICOS\t\t\t\t\t\t\t\t\t<\/a>\r\n\t\t\t\t\t\t\t\t\t\t\t\t\t\t\t<\/h3>\r\n\t\t\t\t\t\t\r\n\t\t\t\t\t\t\r\n\t\t\t\t\t\t\t\t\t\t\t<\/div>\r\n\t\t\t\t\t<\/div><!-- .sina-content-box -->\r\n\t\t\t\t\t\t<\/div>\n\t\t\t\t<\/div>\n\t\t\t\t<div class=\"elementor-element elementor-element-11508cd elementor-widget__width-initial elementor-widget-mobile__width-initial elementor-widget-tablet_extra__width-initial elementor-widget elementor-widget-sina_content_box\" data-id=\"11508cd\" data-element_type=\"widget\" data-widget_type=\"sina_content_box.default\">\n\t\t\t\t<div class=\"elementor-widget-container\">\n\t\t\t\t\t\t\t<div class=\"sina-content-box clearfix sina-content-box-zoom\">\r\n\r\n\t\t\t\t\t\t\t<a class=\"sina-content-box-linkable\"\r\n\t\t\t\thref=\"https:\/\/sejuri.sc.gov.br\/protecao-de-dados-pessoais\/\"\r\n\t\t\t\t\t\t\t\t><\/a>\r\n\t\t\t\r\n\t\t\t\r\n\t\t\t\t\t\t\t\t\t\t\t\t\t\t<div class=\"sina-content-box-icon\">\r\n\t\t\t\t\t\t\t<i class=\"icofont icofont-read-book\"><\/i>\r\n\t\t\t\t\t\t<\/div>\r\n\t\t\t\t\t\r\n\t\t\t\t\t<div class=\"sina-content-box-content\">\r\n\t\t\t\t\t\t\t\t\t\t\t\t\t<h3 class=\"sina-content-box-title\">\r\n\t\t\t\t\t\t\t\t\t\t\t\t\t\t\t\t\t<a href=\"https:\/\/sejuri.sc.gov.br\/protecao-de-dados-pessoais\/\"\r\n\t\t\t\t\t\t\t\t\t\t\t\t\t\t\t\t\t\t\t\t>\r\n\t\t\t\t\t\t\t\t\t\tLGPD\t\t\t\t\t\t\t\t\t<\/a>\r\n\t\t\t\t\t\t\t\t\t\t\t\t\t\t\t<\/h3>\r\n\t\t\t\t\t\t\r\n\t\t\t\t\t\t\r\n\t\t\t\t\t\t\t\t\t\t\t<\/div>\r\n\t\t\t\t\t<\/div><!-- .sina-content-box -->\r\n\t\t\t\t\t\t<\/div>\n\t\t\t\t<\/div>\n\t\t\t\t<\/div>\n\t\t\t\t\t<\/div>\n\t\t\t\t<\/div>\n\t\t\t\t<\/div>","protected":false},"excerpt":{"rendered":"<p>SETOR DE TRABALHO E RENDA LEGISLA\u00c7\u00c3O ORIENTA\u00c7\u00d5ES PARCERIAS LABORAIS BOAS PR\u00c1TICAS CHAMAMENTOS P\u00daBLICOS LGPD<\/p>","protected":false},"author":8,"featured_media":0,"parent":0,"menu_order":4,"comment_status":"closed","ping_status":"closed","template":"template-fullwidth.php","meta":{"_monsterinsights_skip_tracking":false,"_monsterinsights_sitenote_active":false,"_monsterinsights_sitenote_note":"","_monsterinsights_sitenote_category":0,"footnotes":"","_wp_rev_ctl_limit":""},"categories":[68],"tags":[],"publishpress_future_action":{"enabled":false,"date":"2026-04-17 04:32:43","action":"change-status","newStatus":"draft","terms":[],"taxonomy":"category"},"publishpress_future_workflow_manual_trigger":{"enabledWorkflows":[]},"_links":{"self":[{"href":"https:\/\/sap.sc.gov.br\/en\/wp-json\/wp\/v2\/pages\/24120"}],"collection":[{"href":"https:\/\/sap.sc.gov.br\/en\/wp-json\/wp\/v2\/pages"}],"about":[{"href":"https:\/\/sap.sc.gov.br\/en\/wp-json\/wp\/v2\/types\/page"}],"author":[{"embeddable":true,"href":"https:\/\/sap.sc.gov.br\/en\/wp-json\/wp\/v2\/users\/8"}],"replies":[{"embeddable":true,"href":"https:\/\/sap.sc.gov.br\/en\/wp-json\/wp\/v2\/comments?post=24120"}],"version-history":[{"count":10,"href":"https:\/\/sap.sc.gov.br\/en\/wp-json\/wp\/v2\/pages\/24120\/revisions"}],"predecessor-version":[{"id":24330,"href":"https:\/\/sap.sc.gov.br\/en\/wp-json\/wp\/v2\/pages\/24120\/revisions\/24330"}],"wp:attachment":[{"href":"https:\/\/sap.sc.gov.br\/en\/wp-json\/wp\/v2\/media?parent=24120"}],"wp:term":[{"taxonomy":"category","embeddable":true,"href":"https:\/\/sap.sc.gov.br\/en\/wp-json\/wp\/v2\/categories?post=24120"},{"taxonomy":"post_tag","embeddable":true,"href":"https:\/\/sap.sc.gov.br\/en\/wp-json\/wp\/v2\/tags?post=24120"}],"curies":[{"name":"wp","href":"https:\/\/api.w.org\/{rel}","templated":true}]}}