{"id":2600,"date":"2014-03-20T19:06:41","date_gmt":"2014-03-20T19:06:41","guid":{"rendered":"http:\/\/webdease2023.intranet.ciasc.gov.br\/2014\/03\/20\/pai-grande-florianopolis\/"},"modified":"2025-08-18T16:25:04","modified_gmt":"2025-08-18T19:25:04","slug":"pai-grande-florianopolis","status":"publish","type":"page","link":"https:\/\/sap.sc.gov.br\/en\/pai-grande-florianopolis\/","title":{"rendered":"Case de Florian\u00f3polis"},"content":{"rendered":"<h2>Case de Florian\u00f3polis<\/h2>\n<p><a href=\"http:\/\/www.sap.sc.gov.br\/wp-content\/uploads\/2025\/01\/DEASE-CASE-de-Florianopolis-ok-ED.jpg\"><img fetchpriority=\"high\" decoding=\"async\" class=\"aligncenter wp-image-20274 size-large\" src=\"http:\/\/www.sap.sc.gov.br\/wp-content\/uploads\/2025\/01\/DEASE-CASE-de-Florianopolis-ok-ED-1024x640.jpg\" alt=\"\" width=\"696\" height=\"435\" srcset=\"https:\/\/sap.sc.gov.br\/wp-content\/uploads\/2025\/01\/DEASE-CASE-de-Florianopolis-ok-ED-1024x640.jpg 1024w, https:\/\/sap.sc.gov.br\/wp-content\/uploads\/2025\/01\/DEASE-CASE-de-Florianopolis-ok-ED-300x188.jpg 300w, https:\/\/sap.sc.gov.br\/wp-content\/uploads\/2025\/01\/DEASE-CASE-de-Florianopolis-ok-ED-768x480.jpg 768w, https:\/\/sap.sc.gov.br\/wp-content\/uploads\/2025\/01\/DEASE-CASE-de-Florianopolis-ok-ED.jpg 1280w\" sizes=\"(max-width: 696px) 100vw, 696px\" \/><\/a><\/p>\n<p style=\"margin-top: 0cm; margin-right: 0cm; margin-bottom: 0.0001pt;\"><strong>Diretora:<\/strong> Jaicenir Gon\u00e7alves de Ara\u00fajo<\/p>\n<p style=\"margin-top: 0cm; margin-right: 0cm; margin-bottom: 0.0001pt;\"><strong>Chefe de Seguran\u00e7a:<\/strong> Maximiliano Eduardo de Resende<\/p>\n<p style=\"margin-top: 0cm; margin-right: 0cm; margin-bottom: 0.0001pt; orphans: 2; text-align: start; widows: 2; word-spacing: 0px;\"><strong>E-mail:<\/strong>\u00a0<a href=\"mailto:case01@dease.sc.gov.br\">case01@dease.sc.gov.br<\/a><\/p>\n<p style=\"margin-top: 0cm; margin-right: 0cm; margin-bottom: 0.0001pt; orphans: 2; text-align: start; widows: 2; word-spacing: 0px;\"><strong>Fone:<\/strong> (48) 3664-5722\/ (48) 36645727<\/p>\n<p style=\"margin-top: 0cm; margin-right: 0cm; margin-bottom: 0.0001pt; orphans: 2; text-align: start; widows: 2; word-spacing: 0px;\"><strong>Endere\u00e7o:<\/strong>\u00a0Rui Barbosa, 561<\/p>\n<p style=\"margin-top: 0cm; margin-right: 0cm; margin-bottom: 0.0001pt; orphans: 2; text-align: start; widows: 2; word-spacing: 0px;\"><strong>Bairro:<\/strong>\u00a0Agron\u00f4mica<\/p>\n<p style=\"margin-top: 0cm; margin-right: 0cm; margin-bottom: 0.0001pt; orphans: 2; text-align: start; widows: 2; word-spacing: 0px;\"><strong>Cidade:<\/strong>\u00a0Florian\u00f3polis-SC<\/p>\n<p style=\"margin-top: 0cm; margin-right: 0cm; margin-bottom: 0.0001pt; orphans: 2; text-align: start; widows: 2; word-spacing: 0px;\"><strong>CEP:<\/strong>\u00a088025-301<\/p>","protected":false},"excerpt":{"rendered":"<p>Case de Florian\u00f3polis Diretora: Jaicenir Gon\u00e7alves de Ara\u00fajo Chefe de Seguran\u00e7a: Maximiliano Eduardo de Resende E-mail:\u00a0case01@dease.sc.gov.br Fone: (48) 3664-5722\/ (48) 36645727 Endere\u00e7o:\u00a0Rui Barbosa, 561 Bairro:\u00a0Agron\u00f4mica Cidade:\u00a0Florian\u00f3polis-SC CEP:\u00a088025-301<\/p>","protected":false},"author":8,"featured_media":0,"parent":0,"menu_order":2,"comment_status":"closed","ping_status":"closed","template":"","meta":{"_monsterinsights_skip_tracking":false,"_monsterinsights_sitenote_active":false,"_monsterinsights_sitenote_note":"","_monsterinsights_sitenote_category":0,"footnotes":"","_wp_rev_ctl_limit":""},"categories":[84],"tags":[],"publishpress_future_action":{"enabled":false,"date":"2026-04-23 18:55:33","action":"change-status","newStatus":"draft","terms":[],"taxonomy":"category"},"publishpress_future_workflow_manual_trigger":{"enabledWorkflows":[]},"_links":{"self":[{"href":"https:\/\/sap.sc.gov.br\/en\/wp-json\/wp\/v2\/pages\/2600"}],"collection":[{"href":"https:\/\/sap.sc.gov.br\/en\/wp-json\/wp\/v2\/pages"}],"about":[{"href":"https:\/\/sap.sc.gov.br\/en\/wp-json\/wp\/v2\/types\/page"}],"author":[{"embeddable":true,"href":"https:\/\/sap.sc.gov.br\/en\/wp-json\/wp\/v2\/users\/8"}],"replies":[{"embeddable":true,"href":"https:\/\/sap.sc.gov.br\/en\/wp-json\/wp\/v2\/comments?post=2600"}],"version-history":[{"count":0,"href":"https:\/\/sap.sc.gov.br\/en\/wp-json\/wp\/v2\/pages\/2600\/revisions"}],"wp:attachment":[{"href":"https:\/\/sap.sc.gov.br\/en\/wp-json\/wp\/v2\/media?parent=2600"}],"wp:term":[{"taxonomy":"category","embeddable":true,"href":"https:\/\/sap.sc.gov.br\/en\/wp-json\/wp\/v2\/categories?post=2600"},{"taxonomy":"post_tag","embeddable":true,"href":"https:\/\/sap.sc.gov.br\/en\/wp-json\/wp\/v2\/tags?post=2600"}],"curies":[{"name":"wp","href":"https:\/\/api.w.org\/{rel}","templated":true}]}}