{"id":2638,"date":"2017-05-02T17:35:14","date_gmt":"2017-05-02T17:35:14","guid":{"rendered":"http:\/\/webdease2023.intranet.ciasc.gov.br\/2017\/05\/02\/centro-de-internacao-feminino-cif-chapeco\/"},"modified":"2025-08-18T16:23:30","modified_gmt":"2025-08-18T19:23:30","slug":"centro-de-internacao-feminino-cif-chapeco","status":"publish","type":"page","link":"https:\/\/sap.sc.gov.br\/en\/centro-de-internacao-feminino-cif-chapeco\/","title":{"rendered":"CIF de Florian\u00f3polis"},"content":{"rendered":"<div data-elementor-type=\"wp-page\" data-elementor-id=\"2638\" class=\"elementor elementor-2638\" data-elementor-settings=\"{&quot;ha_cmc_init_switcher&quot;:&quot;no&quot;}\">\n\t\t\t\t<div class=\"elementor-element elementor-element-24008330 e-flex e-con-boxed e-con e-parent\" data-id=\"24008330\" data-element_type=\"container\" data-settings=\"{&quot;_ha_eqh_enable&quot;:false}\">\n\t\t\t\t\t<div class=\"e-con-inner\">\n\t\t\t\t<div class=\"elementor-element elementor-element-29156174 elementor-widget elementor-widget-text-editor\" data-id=\"29156174\" data-element_type=\"widget\" data-widget_type=\"text-editor.default\">\n\t\t\t\t<div class=\"elementor-widget-container\">\n\t\t\t\t\t\t\t\t\t<h2>CIF de Florian\u00f3polis<\/h2>\n<p><a href=\"http:\/\/www.sap.sc.gov.br\/wp-content\/uploads\/2025\/01\/DEASE-CASE-de-Florianopolis-ok-ED.jpg\"><img fetchpriority=\"high\" decoding=\"async\" class=\"aligncenter wp-image-20274 size-large\" src=\"http:\/\/www.sap.sc.gov.br\/wp-content\/uploads\/2025\/01\/DEASE-CASE-de-Florianopolis-ok-ED-1024x640.jpg\" alt=\"\" width=\"696\" height=\"435\" srcset=\"https:\/\/sap.sc.gov.br\/wp-content\/uploads\/2025\/01\/DEASE-CASE-de-Florianopolis-ok-ED-1024x640.jpg 1024w, https:\/\/sap.sc.gov.br\/wp-content\/uploads\/2025\/01\/DEASE-CASE-de-Florianopolis-ok-ED-300x188.jpg 300w, https:\/\/sap.sc.gov.br\/wp-content\/uploads\/2025\/01\/DEASE-CASE-de-Florianopolis-ok-ED-768x480.jpg 768w, https:\/\/sap.sc.gov.br\/wp-content\/uploads\/2025\/01\/DEASE-CASE-de-Florianopolis-ok-ED.jpg 1280w\" sizes=\"(max-width: 696px) 100vw, 696px\" \/><\/a><\/p>\n<p style=\"margin-top: 1pt; margin-right: 0cm; margin-bottom: 1pt;\"><strong>Diretora:<\/strong> Jaicenir Gon\u00e7alves de Ara\u00fajo<\/p>\n<p style=\"margin-top: 1pt; margin-right: 0cm; margin-bottom: 1pt;\"><strong>Coordenadora de Seguran\u00e7a<\/strong>: Nadya Roberta de Oliveira<\/p>\n<p style=\"margin-top: 1pt; margin-right: 0cm; margin-bottom: 1pt; orphans: 2; text-align: start; widows: 2; word-spacing: 0px;\"><strong>Fone:&nbsp;<\/strong>(48) 3664-5722 \/ (48) 36645727<\/p>\n<p style=\"margin-top: 1pt; margin-right: 0cm; margin-bottom: 1pt; orphans: 2; text-align: start; widows: 2; word-spacing: 0px;\"><strong>E-mail:<\/strong>&nbsp;<a style=\"outline: none;\" href=\"mailto:casechapeco@dease.sc.gov.br\">cif01@dease.sc.gov.br<\/a><\/p>\n<p style=\"margin-top: 1pt; margin-right: 0cm; margin-bottom: 1pt; orphans: 2; text-align: start; widows: 2; word-spacing: 0px;\"><strong>Endere\u00e7o:<\/strong>&nbsp;Rua Rui Barbosa, n\u00ba 561<\/p>\n<p style=\"margin-top: 1pt; margin-right: 0cm; margin-bottom: 1pt; orphans: 2; text-align: start; widows: 2; word-spacing: 0px;\"><strong>Bairro:<\/strong>&nbsp;Agron\u00f4mica<\/p>\n<p style=\"margin-top: 1pt; margin-right: 0cm; margin-bottom: 1pt; orphans: 2; text-align: start; widows: 2; word-spacing: 0px;\"><strong>Cidade:<\/strong>&nbsp;Florian\u00f3polis &#8211; SC<\/p>\n<p style=\"margin-top: 1pt; margin-right: 0cm; margin-bottom: 1pt; orphans: 2; text-align: start; widows: 2; word-spacing: 0px;\"><strong>CEP:<\/strong>&nbsp;88025-301<\/p>\t\t\t\t\t\t\t\t<\/div>\n\t\t\t\t<\/div>\n\t\t\t\t\t<\/div>\n\t\t\t\t<\/div>\n\t\t\t\t<\/div>","protected":false},"excerpt":{"rendered":"<p>CIF de Florian\u00f3polis Diretora: Jaicenir Gon\u00e7alves de Ara\u00fajo Coordenadora de Seguran\u00e7a: Nadya Roberta de Oliveira Fone:&nbsp;(48) 3664-5722 \/ (48) 36645727 E-mail:&nbsp;cif01@dease.sc.gov.br Endere\u00e7o:&nbsp;Rua Rui Barbosa, n\u00ba 561 Bairro:&nbsp;Agron\u00f4mica Cidade:&nbsp;Florian\u00f3polis &#8211; SC CEP:&nbsp;88025-301<\/p>","protected":false},"author":8,"featured_media":0,"parent":0,"menu_order":0,"comment_status":"closed","ping_status":"closed","template":"","meta":{"_monsterinsights_skip_tracking":false,"_monsterinsights_sitenote_active":false,"_monsterinsights_sitenote_note":"","_monsterinsights_sitenote_category":0,"footnotes":"","_wp_rev_ctl_limit":""},"categories":[87],"tags":[],"publishpress_future_action":{"enabled":false,"date":"2026-04-23 20:31:55","action":"change-status","newStatus":"draft","terms":[],"taxonomy":"category"},"publishpress_future_workflow_manual_trigger":{"enabledWorkflows":[]},"_links":{"self":[{"href":"https:\/\/sap.sc.gov.br\/en\/wp-json\/wp\/v2\/pages\/2638"}],"collection":[{"href":"https:\/\/sap.sc.gov.br\/en\/wp-json\/wp\/v2\/pages"}],"about":[{"href":"https:\/\/sap.sc.gov.br\/en\/wp-json\/wp\/v2\/types\/page"}],"author":[{"embeddable":true,"href":"https:\/\/sap.sc.gov.br\/en\/wp-json\/wp\/v2\/users\/8"}],"replies":[{"embeddable":true,"href":"https:\/\/sap.sc.gov.br\/en\/wp-json\/wp\/v2\/comments?post=2638"}],"version-history":[{"count":0,"href":"https:\/\/sap.sc.gov.br\/en\/wp-json\/wp\/v2\/pages\/2638\/revisions"}],"wp:attachment":[{"href":"https:\/\/sap.sc.gov.br\/en\/wp-json\/wp\/v2\/media?parent=2638"}],"wp:term":[{"taxonomy":"category","embeddable":true,"href":"https:\/\/sap.sc.gov.br\/en\/wp-json\/wp\/v2\/categories?post=2638"},{"taxonomy":"post_tag","embeddable":true,"href":"https:\/\/sap.sc.gov.br\/en\/wp-json\/wp\/v2\/tags?post=2638"}],"curies":[{"name":"wp","href":"https:\/\/api.w.org\/{rel}","templated":true}]}}