{"id":2639,"date":"2017-05-02T21:02:39","date_gmt":"2017-05-02T21:02:39","guid":{"rendered":"http:\/\/webdease2023.intranet.ciasc.gov.br\/2017\/05\/02\/case-de-criciuma\/"},"modified":"2025-01-30T17:33:01","modified_gmt":"2025-01-30T20:33:01","slug":"case-de-criciuma","status":"publish","type":"page","link":"https:\/\/sap.sc.gov.br\/en\/case-de-criciuma\/","title":{"rendered":"Case Regional de Crici\u00fama"},"content":{"rendered":"<h2>Case Regional de Crici\u00fama<\/h2>\n<p><a href=\"http:\/\/www.sap.sc.gov.br\/wp-content\/uploads\/2025\/01\/DEASE-Case-Regional-de-Criciuma.jpeg\"><img fetchpriority=\"high\" decoding=\"async\" class=\"aligncenter wp-image-20269 size-large\" src=\"http:\/\/www.sap.sc.gov.br\/wp-content\/uploads\/2025\/01\/DEASE-Case-Regional-de-Criciuma-1024x577.jpeg\" alt=\"\" width=\"696\" height=\"392\" srcset=\"https:\/\/sap.sc.gov.br\/wp-content\/uploads\/2025\/01\/DEASE-Case-Regional-de-Criciuma-1024x577.jpeg 1024w, https:\/\/sap.sc.gov.br\/wp-content\/uploads\/2025\/01\/DEASE-Case-Regional-de-Criciuma-300x169.jpeg 300w, https:\/\/sap.sc.gov.br\/wp-content\/uploads\/2025\/01\/DEASE-Case-Regional-de-Criciuma-768x433.jpeg 768w, https:\/\/sap.sc.gov.br\/wp-content\/uploads\/2025\/01\/DEASE-Case-Regional-de-Criciuma.jpeg 1280w\" sizes=\"(max-width: 696px) 100vw, 696px\" \/><\/a><\/p>\n<p style=\"margin-top: 0cm; margin-right: 0cm; margin-bottom: 0.0001pt;\"><strong>Diretor:<\/strong> Pedro Nunes dos Santos<\/p>\n<p style=\"margin-top: 0cm; margin-right: 0cm; margin-bottom: 0.0001pt; orphans: 2; text-align: start; widows: 2; word-spacing: 0px;\"><strong>Chefe de Seguran\u00e7a:<\/strong> Rodolfo Jos\u00e9 Turin<\/p>\n<p style=\"margin-top: 0cm; margin-right: 0cm; margin-bottom: 0.0001pt; orphans: 2; text-align: start; widows: 2; word-spacing: 0px;\"><strong>E-mail:\u00a0<\/strong><a href=\"mailto:csr05@dease.sc.gov.br\">csr05@dease.sc.gov.br<\/a><\/p>\n<p style=\"margin-top: 0cm; margin-right: 0cm; margin-bottom: 0.0001pt; orphans: 2; text-align: start; widows: 2; word-spacing: 0px;\"><strong>Fones:<\/strong>\u00a0(48) 3403 1775 &#8211; (48) 3403-1782<\/p>\n<p style=\"margin-top: 0cm; margin-right: 0cm; margin-bottom: 0.0001pt; orphans: 2; text-align: start; widows: 2; word-spacing: 0px;\"><strong>Endere\u00e7o:<\/strong>\u00a0Rua Pedro Liberato Pavei, s\/n<\/p>\n<p style=\"margin-top: 0cm; margin-right: 0cm; margin-bottom: 0.0001pt; orphans: 2; text-align: start; widows: 2; word-spacing: 0px;\"><strong>Bairro:<\/strong>\u00a0S\u00e3o Domingos<\/p>\n<p style=\"margin-top: 0cm; margin-right: 0cm; margin-bottom: 0.0001pt; orphans: 2; text-align: start; widows: 2; word-spacing: 0px;\"><strong>Cidade<\/strong>: Crici\u00fama-SC<\/p>\n<p style=\"margin-top: 0cm; margin-right: 0cm; margin-bottom: 0.0001pt; orphans: 2; text-align: start; widows: 2; word-spacing: 0px;\"><strong>CEP:<\/strong>\u00a088800-000<\/p>\n<p style=\"margin-top: 0cm; margin-right: 0cm; margin-bottom: 0.0001pt;\"><strong>\u00a0<\/strong><\/p>","protected":false},"excerpt":{"rendered":"<p>Case Regional de Crici\u00fama Diretor: Pedro Nunes dos Santos Chefe de Seguran\u00e7a: Rodolfo Jos\u00e9 Turin E-mail:\u00a0csr05@dease.sc.gov.br Fones:\u00a0(48) 3403 1775 &#8211; (48) 3403-1782 Endere\u00e7o:\u00a0Rua Pedro Liberato Pavei, s\/n Bairro:\u00a0S\u00e3o Domingos Cidade: Crici\u00fama-SC CEP:\u00a088800-000 \u00a0<\/p>","protected":false},"author":8,"featured_media":0,"parent":0,"menu_order":2,"comment_status":"closed","ping_status":"closed","template":"","meta":{"_monsterinsights_skip_tracking":false,"_monsterinsights_sitenote_active":false,"_monsterinsights_sitenote_note":"","_monsterinsights_sitenote_category":0,"footnotes":"","_wp_rev_ctl_limit":""},"categories":[84],"tags":[],"publishpress_future_action":{"enabled":false,"date":"2026-04-23 21:31:54","action":"change-status","newStatus":"draft","terms":[],"taxonomy":"category"},"publishpress_future_workflow_manual_trigger":{"enabledWorkflows":[]},"_links":{"self":[{"href":"https:\/\/sap.sc.gov.br\/en\/wp-json\/wp\/v2\/pages\/2639"}],"collection":[{"href":"https:\/\/sap.sc.gov.br\/en\/wp-json\/wp\/v2\/pages"}],"about":[{"href":"https:\/\/sap.sc.gov.br\/en\/wp-json\/wp\/v2\/types\/page"}],"author":[{"embeddable":true,"href":"https:\/\/sap.sc.gov.br\/en\/wp-json\/wp\/v2\/users\/8"}],"replies":[{"embeddable":true,"href":"https:\/\/sap.sc.gov.br\/en\/wp-json\/wp\/v2\/comments?post=2639"}],"version-history":[{"count":0,"href":"https:\/\/sap.sc.gov.br\/en\/wp-json\/wp\/v2\/pages\/2639\/revisions"}],"wp:attachment":[{"href":"https:\/\/sap.sc.gov.br\/en\/wp-json\/wp\/v2\/media?parent=2639"}],"wp:term":[{"taxonomy":"category","embeddable":true,"href":"https:\/\/sap.sc.gov.br\/en\/wp-json\/wp\/v2\/categories?post=2639"},{"taxonomy":"post_tag","embeddable":true,"href":"https:\/\/sap.sc.gov.br\/en\/wp-json\/wp\/v2\/tags?post=2639"}],"curies":[{"name":"wp","href":"https:\/\/api.w.org\/{rel}","templated":true}]}}