{"id":2811,"date":"2021-01-06T18:07:07","date_gmt":"2021-01-06T18:07:07","guid":{"rendered":"http:\/\/webdease2023.intranet.ciasc.gov.br\/2021\/01\/06\/mesorregiao-da-grande-florianopolis\/"},"modified":"2023-12-15T17:31:13","modified_gmt":"2023-12-15T20:31:13","slug":"mesorregiao-da-grande-florianopolis","status":"publish","type":"page","link":"https:\/\/sap.sc.gov.br\/en\/dease\/mesorregiao-da-grande-florianopolis\/","title":{"rendered":"SR01 &#8211; Superintend\u00eancia Regional Mesorregi\u00e3o da Grande Florian\u00f3polis"},"content":{"rendered":"<h3><strong>SR01 &#8211; Superintend\u00eancia Regional Mesorregi\u00e3o da Grande Florian\u00f3polis<\/strong><\/h3>\n<p><strong>01 &#8211; Mesorregi\u00e3o da Grande Florian\u00f3polis\u00a0<\/strong><\/p>\n<p><strong>Superintendente Regional:<\/strong>\u00a0Alfredo de Paula Martins Junior<\/p>\n<p><strong>Telefone: <\/strong>(48) 3665-9229<\/p>\n<p><strong>E-mail:<\/strong>\u00a0<a href=\"mailto:sregionalcasegrandefpolis@dease.sc.gov.br\">sr01@dease.sc.gov.br<\/a><\/p>\n<p>&nbsp;<\/p>\n<p><strong>Unidades Vinculadas:<\/strong><\/p>\n<p><a href=\"https:\/\/sap.sc.gov.br\/en\/pai-grande-florianopolis\/\">CASE de Florian\u00f3polis<\/a><\/p>\n<p><a href=\"https:\/\/sap.sc.gov.br\/en\/casegrandeflorianopolis\/\">CASE Regional de S\u00e3o Jos\u00e9<\/a><\/p>\n<p><a href=\"https:\/\/sap.sc.gov.br\/en\/casep-de-sao-jose\/\">CASEP de S\u00e3o Jos\u00e9<\/a><\/p>\n<p><a href=\"https:\/\/sap.sc.gov.br\/en\/centro-de-internacao-feminino-cif-chapeco\/\">CIF de Florian\u00f3polis<\/a><\/p>\n<p><strong>\u00a0<\/strong><\/p>","protected":false},"excerpt":{"rendered":"<p>SR01 &#8211; Superintend\u00eancia Regional Mesorregi\u00e3o da Grande Florian\u00f3polis 01 &#8211; Mesorregi\u00e3o da Grande Florian\u00f3polis\u00a0 Superintendente Regional:\u00a0Alfredo de Paula Martins Junior Telefone: (48) 3665-9229 E-mail:\u00a0sr01@dease.sc.gov.br &nbsp; Unidades Vinculadas: CASE de Florian\u00f3polis CASE Regional de S\u00e3o Jos\u00e9 CASEP de S\u00e3o Jos\u00e9 CIF de Florian\u00f3polis \u00a0<\/p>","protected":false},"author":8,"featured_media":0,"parent":15248,"menu_order":1,"comment_status":"closed","ping_status":"closed","template":"template-fullwidth.php","meta":{"_monsterinsights_skip_tracking":false,"_monsterinsights_sitenote_active":false,"_monsterinsights_sitenote_note":"","_monsterinsights_sitenote_category":0,"footnotes":"","_wp_rev_ctl_limit":""},"categories":[90],"tags":[],"publishpress_future_action":{"enabled":false,"date":"2026-05-11 05:08:53","action":"change-status","newStatus":"draft","terms":[],"taxonomy":"category"},"publishpress_future_workflow_manual_trigger":{"enabledWorkflows":[]},"_links":{"self":[{"href":"https:\/\/sap.sc.gov.br\/en\/wp-json\/wp\/v2\/pages\/2811"}],"collection":[{"href":"https:\/\/sap.sc.gov.br\/en\/wp-json\/wp\/v2\/pages"}],"about":[{"href":"https:\/\/sap.sc.gov.br\/en\/wp-json\/wp\/v2\/types\/page"}],"author":[{"embeddable":true,"href":"https:\/\/sap.sc.gov.br\/en\/wp-json\/wp\/v2\/users\/8"}],"replies":[{"embeddable":true,"href":"https:\/\/sap.sc.gov.br\/en\/wp-json\/wp\/v2\/comments?post=2811"}],"version-history":[{"count":0,"href":"https:\/\/sap.sc.gov.br\/en\/wp-json\/wp\/v2\/pages\/2811\/revisions"}],"up":[{"embeddable":true,"href":"https:\/\/sap.sc.gov.br\/en\/wp-json\/wp\/v2\/pages\/15248"}],"wp:attachment":[{"href":"https:\/\/sap.sc.gov.br\/en\/wp-json\/wp\/v2\/media?parent=2811"}],"wp:term":[{"taxonomy":"category","embeddable":true,"href":"https:\/\/sap.sc.gov.br\/en\/wp-json\/wp\/v2\/categories?post=2811"},{"taxonomy":"post_tag","embeddable":true,"href":"https:\/\/sap.sc.gov.br\/en\/wp-json\/wp\/v2\/tags?post=2811"}],"curies":[{"name":"wp","href":"https:\/\/api.w.org\/{rel}","templated":true}]}}